{"id":3337,"date":"2022-04-27T20:04:52","date_gmt":"2022-04-27T18:04:52","guid":{"rendered":"https:\/\/cleopatra.medialoods.com\/?post_type=product&#038;p=3337"},"modified":"2026-04-27T09:55:43","modified_gmt":"2026-04-27T07:55:43","slug":"wellpool-oval-430-180x80cm","status":"publish","type":"product","link":"https:\/\/cleopatra.nl\/de\/shop\/ligbaden-whirlpools\/wellpool-ligbaden\/cleopatra-ligbad-wellpool-oval\/","title":{"rendered":"WellPool Oval 430 | 180x80cm"},"content":{"rendered":"<h4>CLEOPATRA WELLPOOL OVAL 430 | 180x80cm<\/h4>\n<p><strong>Die Kleopatra<\/strong>\u00a0<b>Bad<\/b>\u00a0WellPool<sup>TM<\/sup>\u00a0Oval ist eine sch\u00f6ne und moderne Badewanne aus wei\u00dfem Acryl mit abgerundeten Ecken. Die WellPool-Badewanne wurde vom Top-Designer Robert Bronwasser entwickelt und ist nicht nur sch\u00f6n, sondern auch sehr komfortabel und langlebig.<\/p>\n<p>M\u00f6chten Sie dieses Bad sehen oder erleben? Sie sind herzlich eingeladen, die Cleopatra zu besuchen\u00a0<a title=\"Cleopatra-Ausstellungsraum\" href=\"https:\/\/cleopatra.nl\/de\/contact\/\" target=\"_blank\" rel=\"noopener\">Ausstellungsraum<\/a> in Zaandam!<\/p>\n<p>&nbsp;<\/p>\n<p><strong>ABMESSUNGEN DER BADEWANNE<\/strong><\/p>\n<p>Die\u00a0<b>Bad<\/b>\u00a0WellPool<sup>TM<\/sup>\u00a0Oval ist in den folgenden Abmessungen erh\u00e4ltlich: 1800 x 800 mm (Grundfl\u00e4che 1290 mm; Tiefe 510 mm).<\/p>\n<p>Am Ende dieser Produktbeschreibung finden Sie die Zeichnung und die Montageanleitung f\u00fcr die Badewanne.<\/p>\n<p>Das Bad ist mit einer Reihe von Badewannen ausgestattet.<\/p>\n<p>Der \u00dcberlauf und der Abfluss m\u00fcssen separat bestellt werden (siehe entsprechende Produkte).<\/p>\n<p>Bei dieser hochwertigen Badewanne ist es m\u00f6glich, eine Badewannenrandarmatur &amp; Duschkombination zu installieren. \u00c4sthetisch und verhindert die Installation in den W\u00e4nden.<\/p>\n<p>&nbsp;<\/p>\n<p><strong>BADQUALIT\u00c4T<\/strong><\/p>\n<p>Die Qualit\u00e4t des Bades steht bei Cleopatra an erster Stelle. Ihr Bad wird jahrelang sch\u00f6n und wei\u00df bleiben, dank:<\/p>\n<ul>\n<li>Die 5 mm dicke Schicht aus reinem Acryl, auch an den Wannenr\u00e4ndern und<\/li>\n<li>Die robuste Bodenverst\u00e4rkung des Pools.<\/li>\n<\/ul>\n<p>&nbsp;<\/p>\n<p><strong>BAD-ACCESSOIRES<\/strong><\/p>\n<ul>\n<li><em>Cleoplus \u00dcberlauf- und Ablaufkombination.<\/em> Hochwertiges Produkt in verchromter Ausf\u00fchrung.<\/li>\n<\/ul>\n<ul>\n<li><em>Cleofill-Kombination.<\/em> Hochwertiges Produkt in verchromter Ausf\u00fchrung. Anstelle eines Wasserauslaufs wird die Badewanne \u00fcber eine \u00dcberlaufkombination bef\u00fcllt.<\/li>\n<\/ul>\n<ul>\n<li><em>Armaturen f\u00fcr Badewannen.<\/em>\u00a0Hochwertige Wannenarmaturen von Hansgrohe mit einer Auswahl an verschiedenen Modellen. Die Standardausf\u00fchrung ist Chrom, aber auch andere Ausf\u00fchrungen sind m\u00f6glich. Die Badewannenrandmischer werden in unserem Werk auf Ihre Badewanne montiert, so dass Ihre Badewanne einbaufertig ist!<\/li>\n<\/ul>\n<ul>\n<li><em>Handgriff.<\/em>\u00a0Formsch\u00f6ner Griff aus Chrom. So k\u00f6nnen Sie leichter und sicherer in die Badewanne ein- und aussteigen!<\/li>\n<\/ul>\n<ul>\n<li><em>Farbiges Licht.<\/em>\u00a0Hochwertige Badbeleuchtung mit zwei LED-Leuchten und einer Steuerung am Wannenrand.<\/li>\n<\/ul>\n<ul>\n<li><em>Nackenkissen.<\/em> Bequemes Kissen, das sich der Form des Kopfes anpasst. Unverzichtbar f\u00fcr das Badevergn\u00fcgen.<\/li>\n<\/ul>\n<ul>\n<li><em>Bade\u00f6le.<\/em> Hautpflege, sicher f\u00fcr das Bad Acryl, und in 7 k\u00f6stlichen D\u00fcften erh\u00e4ltlich.<\/li>\n<\/ul>\n<p>&nbsp;<\/p>\n<h4>Whirlpool-System<\/h4>\n<p>Ein hochwertiges Whirlpoolsystem macht Ihr Bad noch angenehmer.<\/p>\n<p>&nbsp;<\/p>","protected":false},"excerpt":{"rendered":"<p><strong>Die Kleopatra<\/strong>\u00a0<b>Bad<\/b> WellPool Oval ist eine atemberaubende und moderne Badewanne aus wei\u00dfem Acryl mit abgerundeten Ecken. Entwickelt von Top-Designer Robert Bronwasser, ist die WellPool-Badewanne nicht nur sch\u00f6n, sondern auch sehr komfortabel und langlebig.<\/p>","protected":false},"featured_media":3559,"template":"","format":"standard","meta":{"_acf_changed":false},"product_brand":[347],"product_cat":[86,76,71],"product_tag":[],"class_list":{"0":"post-3337","1":"product","2":"type-product","3":"status-publish","4":"format-standard","5":"has-post-thumbnail","7":"product_brand-cleopatra","8":"product_cat-wellpool-ligbaden","9":"product_cat-ligbaden-whirlpools","10":"product_cat-shop","12":"first","13":"instock","14":"taxable","15":"shipping-taxable","16":"purchasable","17":"product-type-simple"},"acf":[],"_links":{"self":[{"href":"https:\/\/cleopatra.nl\/de\/wp-json\/wp\/v2\/product\/3337","targetHints":{"allow":["GET"]}}],"collection":[{"href":"https:\/\/cleopatra.nl\/de\/wp-json\/wp\/v2\/product"}],"about":[{"href":"https:\/\/cleopatra.nl\/de\/wp-json\/wp\/v2\/types\/product"}],"wp:featuredmedia":[{"embeddable":true,"href":"https:\/\/cleopatra.nl\/de\/wp-json\/wp\/v2\/media\/3559"}],"wp:attachment":[{"href":"https:\/\/cleopatra.nl\/de\/wp-json\/wp\/v2\/media?parent=3337"}],"wp:term":[{"taxonomy":"product_brand","embeddable":true,"href":"https:\/\/cleopatra.nl\/de\/wp-json\/wp\/v2\/product_brand?post=3337"},{"taxonomy":"product_cat","embeddable":true,"href":"https:\/\/cleopatra.nl\/de\/wp-json\/wp\/v2\/product_cat?post=3337"},{"taxonomy":"product_tag","embeddable":true,"href":"https:\/\/cleopatra.nl\/de\/wp-json\/wp\/v2\/product_tag?post=3337"}],"curies":[{"name":"wp","href":"https:\/\/api.w.org\/{rel}","templated":true}]}}