{"id":3340,"date":"2022-04-27T20:06:22","date_gmt":"2022-04-27T18:06:22","guid":{"rendered":"https:\/\/cleopatra.medialoods.com\/?post_type=product&#038;p=3340"},"modified":"2026-04-27T10:08:20","modified_gmt":"2026-04-27T08:08:20","slug":"ameland-200-160x80cm","status":"publish","type":"product","link":"https:\/\/cleopatra.nl\/de\/shop\/ligbaden-whirlpools\/vrijstaande-baden\/ameland-200-2\/","title":{"rendered":"Ameland 200 | 160x80cm"},"content":{"rendered":"<h4>SCH\u00d6NE FREISTEHENDE BADEWANNE<\/h4>\n<p>Die\u00a0<b>freistehende Badewanne<\/b>\u00a0Ameland von Cleopatra steht f\u00fcr kleine Au\u00dfenma\u00dfe und einen ger\u00e4umigen Innenraum. Durch die Kombination von drei d\u00fcnnen R\u00e4ndern mit einem dicken Rand erh\u00e4lt die freistehende Badewanne ein supermodernes Aussehen. Die Ameland-Badewanne kann an eine Wand gestellt werden.<\/p>\n<p>Die Au\u00dfenma\u00dfe der freistehenden Badewanne sind: 1600 x 800 x 450 mm mit einer Bodenl\u00e4nge von 1050 mm. Am Ende dieser Produktbeschreibung finden Sie die Zeichnungen der Badewanne.<\/p>\n<p>Die Badewanne wird mit einer Badewannengarnitur und einer \u00dcberlauf-\/Leerungskombination geliefert.<\/p>\n<p>M\u00f6chten Sie dieses Bad sehen? Sie sind herzlich willkommen im Cleopatra\u00a0<a href=\"https:\/\/cleopatra.nl\/de\/contact\/\" target=\"_blank\" rel=\"noopener\">Ausstellungsraum<\/a> in Zaandam!<\/p>\n<h4>FREISTEHENDE WHIRLPOOL-BADEWANNE<\/h4>\n<p>Die Ameland-Badewanne ist auch erh\u00e4ltlich als\u00a0<strong>freistehende Whirlpool-Badewanne<\/strong>! Sie haben die Wahl zwischen 4 Whirlpoolsystemen:<\/p>\n<ul>\n<li>Wellness Spa Mini: 24 Minid\u00fcsen geben eine gro\u00dfe Menge an Miniblasen vom Wannenboden ab, die Ihren K\u00f6rper noch sanfter anregen als die Whirlpoolblasen. Kribbelnde Wirkung auf Haut und Muskeln.<\/li>\n<\/ul>\n<ul>\n<li>Weitere Informationen zu den verschiedenen Whirlpoolsystemen finden Sie hier <a title=\"freistehende Whirlpool-Badewanne\" href=\"https:\/\/cleopatra.nl\/de\/bubbelbaden\/\" target=\"_blank\" rel=\"noopener noreferrer\">hier<\/a>.<\/li>\n<\/ul>\n<p>&nbsp;<\/p>\n<h4>LICHT IM BAD<\/h4>\n<p>Die Ameland Badewanne ist mit Licht erh\u00e4ltlich: eine einfache M\u00f6glichkeit, mehr Atmosph\u00e4re im Badezimmer zu schaffen. Sie k\u00f6nnen w\u00e4hlen zwischen einer <a title=\"Bad wei\u00dfes Licht\" href=\"https:\/\/cleopatra.nl\/de\/ligbad-wit-licht.html\/\" target=\"_blank\" rel=\"noopener noreferrer\">wei\u00dfes Licht<\/a>\u00a0oder eine\u00a0<a title=\"Farbige Beleuchtung der Badewanne\" href=\"https:\/\/cleopatra.nl\/de\/catalog\/product\/view\/id\/43\/s\/ligbad-kleurverlichting\/\" target=\"_blank\" rel=\"noopener noreferrer\">Farbbeleuchtung<\/a>\u00a0mit vier verschiedenen Farben. Einzelheiten dazu finden Sie weiter unten unter Einschl\u00e4gige Produkte.<\/p>\n<p>&nbsp;<\/p>\n<p><strong>Es ist nicht m\u00f6glich, Badewannenarmaturen auf dem Badewannenrand zu installieren.<\/strong><\/p>","protected":false},"excerpt":{"rendered":"<p>Die\u00a0<b>freistehende Badewanne<\/b>\u00a0Ameland von Cleopatra steht f\u00fcr kleine Au\u00dfenma\u00dfe und einen ger\u00e4umigen Innenraum. Durch die Kombination von drei d\u00fcnnen R\u00e4ndern mit einem dicken Rand erh\u00e4lt die freistehende Badewanne ein supermodernes Aussehen. Die Ameland-Badewanne kann an eine Wand gestellt werden.<\/p>","protected":false},"featured_media":3566,"template":"","format":"standard","meta":{"_acf_changed":false},"product_brand":[347],"product_cat":[87,76,71],"product_tag":[],"class_list":{"0":"post-3340","1":"product","2":"type-product","3":"status-publish","4":"format-standard","5":"has-post-thumbnail","7":"product_brand-cleopatra","8":"product_cat-vrijstaande-baden","9":"product_cat-ligbaden-whirlpools","10":"product_cat-shop","12":"first","13":"instock","14":"taxable","15":"shipping-taxable","16":"purchasable","17":"product-type-simple"},"acf":[],"_links":{"self":[{"href":"https:\/\/cleopatra.nl\/de\/wp-json\/wp\/v2\/product\/3340","targetHints":{"allow":["GET"]}}],"collection":[{"href":"https:\/\/cleopatra.nl\/de\/wp-json\/wp\/v2\/product"}],"about":[{"href":"https:\/\/cleopatra.nl\/de\/wp-json\/wp\/v2\/types\/product"}],"wp:featuredmedia":[{"embeddable":true,"href":"https:\/\/cleopatra.nl\/de\/wp-json\/wp\/v2\/media\/3566"}],"wp:attachment":[{"href":"https:\/\/cleopatra.nl\/de\/wp-json\/wp\/v2\/media?parent=3340"}],"wp:term":[{"taxonomy":"product_brand","embeddable":true,"href":"https:\/\/cleopatra.nl\/de\/wp-json\/wp\/v2\/product_brand?post=3340"},{"taxonomy":"product_cat","embeddable":true,"href":"https:\/\/cleopatra.nl\/de\/wp-json\/wp\/v2\/product_cat?post=3340"},{"taxonomy":"product_tag","embeddable":true,"href":"https:\/\/cleopatra.nl\/de\/wp-json\/wp\/v2\/product_tag?post=3340"}],"curies":[{"name":"wp","href":"https:\/\/api.w.org\/{rel}","templated":true}]}}