{"id":3341,"date":"2022-04-27T20:06:49","date_gmt":"2022-04-27T18:06:49","guid":{"rendered":"https:\/\/cleopatra.medialoods.com\/?post_type=product&#038;p=3341"},"modified":"2026-04-27T10:06:17","modified_gmt":"2026-04-27T08:06:17","slug":"corsica-250-180x80cm","status":"publish","type":"product","link":"https:\/\/cleopatra.nl\/de\/shop\/ligbaden-whirlpools\/vrijstaande-baden\/corsica-250\/","title":{"rendered":"Korsika 250 | 180x80cm"},"content":{"rendered":"<h4>MODERNE FREISTEHENDE BADEWANNE<\/h4>\n<p>Die\u00a0<b>freistehende Badewanne<\/b>\u00a0Korsika zeichnet sich durch sch\u00f6ne dicke Kanten, leicht abgeschr\u00e4gte Seiten, gro\u00dfz\u00fcgige Abmessungen und attraktive abgerundete Linien aus. Korsika steht f\u00fcr Sch\u00f6nheit und puren Genuss in modernen und klassischen B\u00e4dern. Und das alles zu einem erschwinglichen Preis!<\/p>\n<p>Die Au\u00dfenma\u00dfe der freistehenden Badewanne sind: 1800 x 785 x 400 mm und die Bodenl\u00e4nge betr\u00e4gt 1480 mm. Am Ende dieser Produktbeschreibung finden Sie die Zeichnungen der Badewanne.<\/p>\n<p>Die Badewanne wird mit einer Badewannengarnitur und einer \u00dcberlauf-\/Leerungskombination geliefert.<\/p>\n<p>M\u00f6chten Sie dieses Bad sehen? Sie sind herzlich willkommen im Cleopatra\u00a0<a href=\"https:\/\/cleopatra.nl\/de\/contact\/\" target=\"_blank\" rel=\"noopener\">Ausstellungsraum<\/a> in Zaandam!<\/p>\n<h4>FREISTEHENDE WANNENARMATUREN<\/h4>\n<p>Ihre freistehende Badewanne wird mit einem hochwertigen\u00a0<strong>freistehender Kran<\/strong>.<\/p>\n<h4>LICHT IM BAD<\/h4>\n<p>Die Badewanne Corsica ist mit Licht erh\u00e4ltlich: eine einfache M\u00f6glichkeit, mehr Atmosph\u00e4re im Bad zu schaffen. Sie k\u00f6nnen w\u00e4hlen zwischen <a title=\"Farbige Beleuchtung der Badewanne\" href=\"https:\/\/cleopatra.nl\/de\/catalog\/product\/view\/id\/43\/s\/ligbad-kleurverlichting\/\" target=\"_blank\" rel=\"noopener noreferrer\">Farbbeleuchtung<\/a>\u00a0mit vier verschiedenen Farben. Einzelheiten dazu finden Sie weiter unten unter Einschl\u00e4gige Produkte.<\/p>\n<p>&nbsp;<\/p>\n<p><strong><em>Es ist nicht m\u00f6glich, ein Whirlpoolsystem in die Korsika-Badewanne einzubauen.\u00a0<\/em><\/strong><\/p>","protected":false},"excerpt":{"rendered":"<p>Die\u00a0<b>freistehende Badewanne<\/b>\u00a0Korsika zeichnet sich durch sch\u00f6ne dicke Kanten, leicht abgeschr\u00e4gte Seiten, gro\u00dfz\u00fcgige Abmessungen und attraktive abgerundete Linien aus. Korsika steht f\u00fcr Sch\u00f6nheit und puren Genuss in modernen und klassischen B\u00e4dern. Und das alles zu einem erschwinglichen Preis!<\/p>","protected":false},"featured_media":3561,"template":"","format":"standard","meta":{"_acf_changed":false},"product_brand":[347],"product_cat":[87,76,71],"product_tag":[],"class_list":{"0":"post-3341","1":"product","2":"type-product","3":"status-publish","4":"format-standard","5":"has-post-thumbnail","7":"product_brand-cleopatra","8":"product_cat-vrijstaande-baden","9":"product_cat-ligbaden-whirlpools","10":"product_cat-shop","12":"first","13":"instock","14":"taxable","15":"shipping-taxable","16":"purchasable","17":"product-type-simple"},"acf":[],"_links":{"self":[{"href":"https:\/\/cleopatra.nl\/de\/wp-json\/wp\/v2\/product\/3341","targetHints":{"allow":["GET"]}}],"collection":[{"href":"https:\/\/cleopatra.nl\/de\/wp-json\/wp\/v2\/product"}],"about":[{"href":"https:\/\/cleopatra.nl\/de\/wp-json\/wp\/v2\/types\/product"}],"wp:featuredmedia":[{"embeddable":true,"href":"https:\/\/cleopatra.nl\/de\/wp-json\/wp\/v2\/media\/3561"}],"wp:attachment":[{"href":"https:\/\/cleopatra.nl\/de\/wp-json\/wp\/v2\/media?parent=3341"}],"wp:term":[{"taxonomy":"product_brand","embeddable":true,"href":"https:\/\/cleopatra.nl\/de\/wp-json\/wp\/v2\/product_brand?post=3341"},{"taxonomy":"product_cat","embeddable":true,"href":"https:\/\/cleopatra.nl\/de\/wp-json\/wp\/v2\/product_cat?post=3341"},{"taxonomy":"product_tag","embeddable":true,"href":"https:\/\/cleopatra.nl\/de\/wp-json\/wp\/v2\/product_tag?post=3341"}],"curies":[{"name":"wp","href":"https:\/\/api.w.org\/{rel}","templated":true}]}}