{"id":3342,"date":"2022-04-27T20:07:09","date_gmt":"2022-04-27T18:07:09","guid":{"rendered":"https:\/\/cleopatra.medialoods.com\/?post_type=product&#038;p=3342"},"modified":"2026-04-27T10:08:01","modified_gmt":"2026-04-27T08:08:01","slug":"fiji-210-167x79cm","status":"publish","type":"product","link":"https:\/\/cleopatra.nl\/de\/shop\/ligbaden-whirlpools\/vrijstaande-baden\/fiji-210\/","title":{"rendered":"Fidschi 210 | 167x79cm"},"content":{"rendered":"<h4><b>ELEGANTE FREISTEHENDE BADEWANNE<\/b><\/h4>\n<p>Die\u00a0<b>freistehende Badewanne<\/b>\u00a0Fiji by Cleopatra steht f\u00fcr Luxus und \u00c4sthetik. Feine, abgerundete und geschmeidige Linien schaffen Platz und Komfort im Inneren der Badewanne und ein modisches Aussehen nach au\u00dfen. Ein Bad in der Fidschi-Badewanne ist ein wahrer Genuss!<\/p>\n<p>Die Au\u00dfenma\u00dfe der freistehenden Badewanne sind: 1670 x 790 x 450 mm mit einer Basisl\u00e4nge von 1110 mm. Am Ende dieser Produktbeschreibung finden Sie die Zeichnungen der Badewanne.<\/p>\n<p>Die Badewanne wird mit einer Badewannengarnitur und einer \u00dcberlauf-\/Leerungskombination geliefert.<\/p>\n<p>M\u00f6chten Sie dieses Bad sehen? Sie sind herzlich willkommen im Cleopatra\u00a0<a href=\"https:\/\/cleopatra.nl\/de\/contact\/\" target=\"_blank\" rel=\"noopener\">Ausstellungsraum<\/a> in Zaandam!<\/p>\n<h4><b>FREISTEHENDE WANNENARMATUREN<\/b><\/h4>\n<p>Ihre freistehende Badewanne wird mit einer hochwertigen freistehenden Mischbatterie geliefert.<\/p>\n<p>&nbsp;<\/p>\n<p><strong><em>In der Badewanne Fiji 210 ist es nicht m\u00f6glich, eine Badelampe oder ein Whirlpoolsystem zu installieren.<\/em><\/strong><\/p>","protected":false},"excerpt":{"rendered":"<p>Die\u00a0<b>freistehende Badewanne<\/b>\u00a0Fiji by Cleopatra steht f\u00fcr Luxus und \u00c4sthetik. Feine, abgerundete und geschmeidige Linien schaffen Platz und Komfort im Inneren der Badewanne und ein modisches Aussehen nach au\u00dfen. Ein Bad in der Fidschi-Badewanne ist ein wahrer Genuss!<\/p>","protected":false},"featured_media":3553,"template":"","format":"standard","meta":{"_acf_changed":false},"product_brand":[347],"product_cat":[87,76,71],"product_tag":[],"class_list":{"0":"post-3342","1":"product","2":"type-product","3":"status-publish","4":"format-standard","5":"has-post-thumbnail","7":"product_brand-cleopatra","8":"product_cat-vrijstaande-baden","9":"product_cat-ligbaden-whirlpools","10":"product_cat-shop","12":"first","13":"instock","14":"taxable","15":"shipping-taxable","16":"purchasable","17":"product-type-simple"},"acf":[],"_links":{"self":[{"href":"https:\/\/cleopatra.nl\/de\/wp-json\/wp\/v2\/product\/3342","targetHints":{"allow":["GET"]}}],"collection":[{"href":"https:\/\/cleopatra.nl\/de\/wp-json\/wp\/v2\/product"}],"about":[{"href":"https:\/\/cleopatra.nl\/de\/wp-json\/wp\/v2\/types\/product"}],"wp:featuredmedia":[{"embeddable":true,"href":"https:\/\/cleopatra.nl\/de\/wp-json\/wp\/v2\/media\/3553"}],"wp:attachment":[{"href":"https:\/\/cleopatra.nl\/de\/wp-json\/wp\/v2\/media?parent=3342"}],"wp:term":[{"taxonomy":"product_brand","embeddable":true,"href":"https:\/\/cleopatra.nl\/de\/wp-json\/wp\/v2\/product_brand?post=3342"},{"taxonomy":"product_cat","embeddable":true,"href":"https:\/\/cleopatra.nl\/de\/wp-json\/wp\/v2\/product_cat?post=3342"},{"taxonomy":"product_tag","embeddable":true,"href":"https:\/\/cleopatra.nl\/de\/wp-json\/wp\/v2\/product_tag?post=3342"}],"curies":[{"name":"wp","href":"https:\/\/api.w.org\/{rel}","templated":true}]}}