{"id":3343,"date":"2022-04-27T20:07:29","date_gmt":"2022-04-27T18:07:29","guid":{"rendered":"https:\/\/cleopatra.medialoods.com\/?post_type=product&#038;p=3343"},"modified":"2026-04-27T10:06:31","modified_gmt":"2026-04-27T08:06:31","slug":"la-palma-260-170x80cm","status":"publish","type":"product","link":"https:\/\/cleopatra.nl\/de\/shop\/ligbaden-whirlpools\/vrijstaande-baden\/la-palma-260\/","title":{"rendered":"La Palma 260 | 170x80cm"},"content":{"rendered":"<h4>ELEGANTE FREISTEHENDE BADEWANNE<\/h4>\n<p>Die\u00a0<b>freistehende Badewanne<\/b>\u00a0La Palma von Cleopatra ist der Prototyp einer angenehmen, ger\u00e4umigen und sch\u00f6nen ovalen Badewanne. Die abgerundeten dicken Kanten und die raffiniert geschwungenen Linien verleihen La Palma ein luxuri\u00f6ses Aussehen und sorgen f\u00fcr ein Gef\u00fchl der Entspannung und des unbeschwerten Genusses.<\/p>\n<p>Die Au\u00dfenma\u00dfe der freistehenden Badewanne sind: 1700 x 800 x 450 mm mit einer Bodenl\u00e4nge von 1180 mm. Am Ende dieser Produktbeschreibung finden Sie die Zeichnungen der Badewanne.<\/p>\n<p>Die Badewanne wird mit einer Badewannengarnitur und einer \u00dcberlauf-\/Leerungskombination geliefert.<\/p>\n<p>M\u00f6chten Sie dieses Bad sehen? Sie sind herzlich willkommen im Cleopatra\u00a0<a href=\"https:\/\/cleopatra.nl\/de\/contact\/\" target=\"_blank\" rel=\"noopener\">Ausstellungsraum<\/a> in Zaandam!<\/p>\n<h4>FREISTEHENDE WHIRLPOOL-BADEWANNE<\/h4>\n<p>Die Badewanne La Palma ist auch erh\u00e4ltlich als\u00a0<strong>freistehende Whirlpool-Badewanne<\/strong>! Sie haben die Wahl zwischen 3 Whirlpoolsystemen:<\/p>\n<ul>\n<li>Wellness Spa Mini: 24 Minid\u00fcsen produzieren eine gro\u00dfe Menge an Miniblasen aus dem Wannenboden, die Ihren K\u00f6rper noch sanfter stimulieren als die Whirlpoolblasen. Kribbelnde Wirkung auf Haut und Muskeln.<\/li>\n<\/ul>\n<ul>\n<li>Weitere Informationen zu den verschiedenen Whirlpoolsystemen f\u00fcr diese Badewanne finden Sie hier <strong><em><a title=\"freistehende Whirlpool-Badewanne\" href=\"https:\/\/cleopatra.nl\/de\/bubbelbaden\/\" target=\"_blank\" rel=\"noopener noreferrer\">hier<\/a><\/em><\/strong>.<\/li>\n<\/ul>\n<h4>LICHT IM BAD<\/h4>\n<p>Die La Palma-Badewanne ist auch mit Licht erh\u00e4ltlich: eine einfache M\u00f6glichkeit, mehr Atmosph\u00e4re im Bad zu schaffen. <a title=\"Farbige Beleuchtung der Badewanne\" href=\"https:\/\/cleopatra.nl\/de\/catalog\/product\/view\/id\/43\/s\/ligbad-kleurverlichting\/\" target=\"_blank\" rel=\"noopener noreferrer\">Farbbeleuchtung<\/a>\u00a0mit vier verschiedenen Farben. Einzelheiten dazu finden Sie weiter unten unter Einschl\u00e4gige Produkte.<\/p>\n<p>&nbsp;<\/p>\n<h4>FREISTEHENDE WANNENARMATUREN<\/h4>\n<p>Ihre freistehende Badewanne wird mit einer hochwertigen freistehenden Mischbatterie geliefert.<\/p>","protected":false},"excerpt":{"rendered":"<p>Die\u00a0<b>freistehende Badewanne<\/b>\u00a0La Palma von Cleopatra ist der Prototyp einer angenehmen, ger\u00e4umigen und sch\u00f6nen ovalen Badewanne. Die abgerundeten dicken Kanten und die raffiniert geschwungenen Linien verleihen La Palma ein luxuri\u00f6ses Aussehen und sorgen f\u00fcr ein Gef\u00fchl der Entspannung und des unbeschwerten Genusses.<\/p>","protected":false},"featured_media":3546,"template":"","format":"standard","meta":{"_acf_changed":false},"product_brand":[347],"product_cat":[87,76,71],"product_tag":[],"class_list":{"0":"post-3343","1":"product","2":"type-product","3":"status-publish","4":"format-standard","5":"has-post-thumbnail","7":"product_brand-cleopatra","8":"product_cat-vrijstaande-baden","9":"product_cat-ligbaden-whirlpools","10":"product_cat-shop","12":"first","13":"instock","14":"taxable","15":"shipping-taxable","16":"purchasable","17":"product-type-simple"},"acf":[],"_links":{"self":[{"href":"https:\/\/cleopatra.nl\/de\/wp-json\/wp\/v2\/product\/3343","targetHints":{"allow":["GET"]}}],"collection":[{"href":"https:\/\/cleopatra.nl\/de\/wp-json\/wp\/v2\/product"}],"about":[{"href":"https:\/\/cleopatra.nl\/de\/wp-json\/wp\/v2\/types\/product"}],"wp:featuredmedia":[{"embeddable":true,"href":"https:\/\/cleopatra.nl\/de\/wp-json\/wp\/v2\/media\/3546"}],"wp:attachment":[{"href":"https:\/\/cleopatra.nl\/de\/wp-json\/wp\/v2\/media?parent=3343"}],"wp:term":[{"taxonomy":"product_brand","embeddable":true,"href":"https:\/\/cleopatra.nl\/de\/wp-json\/wp\/v2\/product_brand?post=3343"},{"taxonomy":"product_cat","embeddable":true,"href":"https:\/\/cleopatra.nl\/de\/wp-json\/wp\/v2\/product_cat?post=3343"},{"taxonomy":"product_tag","embeddable":true,"href":"https:\/\/cleopatra.nl\/de\/wp-json\/wp\/v2\/product_tag?post=3343"}],"curies":[{"name":"wp","href":"https:\/\/api.w.org\/{rel}","templated":true}]}}