{"id":3345,"date":"2022-04-27T20:08:09","date_gmt":"2022-04-27T18:08:09","guid":{"rendered":"https:\/\/cleopatra.medialoods.com\/?post_type=product&#038;p=3345"},"modified":"2026-04-27T10:08:59","modified_gmt":"2026-04-27T08:08:59","slug":"madeira-280-l-r-160x75cm","status":"publish","type":"product","link":"https:\/\/cleopatra.nl\/de\/shop\/ligbaden-whirlpools\/vrijstaande-baden\/madeira-280-l-r\/","title":{"rendered":"Madeira 280 L\/R | 160x75cm"},"content":{"rendered":"<h4>FREISTEHENDE BACK-TO-WALL-BADEWANNE<\/h4>\n<p>Die\u00a0<b>freistehende Badewanne<\/b>\u00a0Madeira ist eine hochwertige freistehende Badewanne, die an der Wand oder in einer Ecke platziert werden kann. Mit ihren kompakten Abmessungen und ihrem raffinierten Design passt die Badewanne in fast alle Arten von Badezimmern.<\/p>\n<p>Die Au\u00dfenma\u00dfe der Badewanne sind: 1600 x 750 x 450 mm und die Bodenl\u00e4nge betr\u00e4gt 1120 mm.<\/p>\n<p>Die freistehende Badewanne Madeira ist in drei Ausf\u00fchrungen erh\u00e4ltlich:<\/p>\n<ul>\n<li>Linke Ausf\u00fchrung f\u00fcr Eckmontage<\/li>\n<li>Rechtsausf\u00fchrung f\u00fcr Eckmontage<\/li>\n<li>Mittlere Version f\u00fcr die freistehende Montage an einer Wand<\/li>\n<\/ul>\n<div>Am Ende dieser Produktbeschreibung finden Sie die Zeichnungen der einzelnen Versionen der Badewanne.<\/div>\n<p>Die Badewanne wird mit einer Badewannengarnitur und einer \u00dcberlauf-\/Leerungskombination geliefert.<\/p>\n<p>M\u00f6chten Sie dieses Bad sehen? Sie sind herzlich willkommen im Cleopatra\u00a0<a href=\"https:\/\/cleopatra.nl\/de\/contact\/\" target=\"_blank\" rel=\"noopener\">Ausstellungsraum<\/a> in Zaandam!<\/p>\n<p>&nbsp;<\/p>\n<h4>BATTERIE-BAND<\/h4>\n<p>Es ist m\u00f6glich, eine sch\u00f6ne Badewannenrandkombination auf die Madeira Badewanne zu montieren.<\/p>\n<p><strong>Bitte beachten Sie! Es ist nicht m\u00f6glich, das EasyFill S oder E auf dem Madeira zu montieren.<\/strong><\/p>\n<p>&nbsp;<\/p>\n<h4>FREISTEHENDE WHIRLPOOL-BADEWANNE<\/h4>\n<p>Die Madeira-Badewanne ist auch als freistehende Whirlwanne erh\u00e4ltlich! Sie k\u00f6nnen zwischen 4 Whirlpoolsystemen w\u00e4hlen:<\/p>\n<ul>\n<li>Wellness Spa Mini: 24 Minid\u00fcsen produzieren eine gro\u00dfe Menge an Miniblasen aus dem Wannenboden, die Ihren K\u00f6rper noch sanfter stimulieren als die Whirlpoolblasen. Kribbelnde Wirkung auf Haut und Muskeln.<\/li>\n<\/ul>\n<ul>\n<li>Weitere Informationen zu den verschiedenen Whirlpoolsystemen f\u00fcr diese Badewanne finden Sie hier <em><strong><a title=\"freistehende Whirlpool-Badewanne\" href=\"https:\/\/cleopatra.nl\/de\/bubbelbaden\/\" target=\"_blank\" rel=\"noopener noreferrer\">hier<\/a><\/strong><\/em>.<\/li>\n<\/ul>\n<p>&nbsp;<\/p>\n<h4>LICHT IM BAD<\/h4>\n<p>Die Madeira-Badewanne ist mit Licht erh\u00e4ltlich: eine einfache M\u00f6glichkeit, mehr Atmosph\u00e4re im Bad zu schaffen. Sie k\u00f6nnen w\u00e4hlen zwischen \u00a0<a title=\"Farbige Beleuchtung der Badewanne\" href=\"https:\/\/cleopatra.nl\/de\/catalog\/product\/view\/id\/43\/s\/ligbad-kleurverlichting\/\" target=\"_blank\" rel=\"noopener noreferrer\">Farbbeleuchtung<\/a>\u00a0mit vier verschiedenen Farben.<\/p>","protected":false},"excerpt":{"rendered":"<p>Die\u00a0<b>freistehende Badewanne<\/b>\u00a0Madeira ist eine hochwertige freistehende Badewanne, die an der Wand oder in einer Ecke platziert werden kann. Mit ihren kompakten Abmessungen und ihrem raffinierten Design passt die Badewanne in fast alle Arten von Badezimmern.<\/p>","protected":false},"featured_media":3533,"template":"","format":"standard","meta":{"_acf_changed":false},"product_brand":[347],"product_cat":[87,76,71],"product_tag":[],"class_list":{"0":"post-3345","1":"product","2":"type-product","3":"status-publish","4":"format-standard","5":"has-post-thumbnail","7":"product_brand-cleopatra","8":"product_cat-vrijstaande-baden","9":"product_cat-ligbaden-whirlpools","10":"product_cat-shop","12":"first","13":"instock","14":"taxable","15":"shipping-taxable","16":"purchasable","17":"product-type-simple"},"acf":[],"_links":{"self":[{"href":"https:\/\/cleopatra.nl\/de\/wp-json\/wp\/v2\/product\/3345","targetHints":{"allow":["GET"]}}],"collection":[{"href":"https:\/\/cleopatra.nl\/de\/wp-json\/wp\/v2\/product"}],"about":[{"href":"https:\/\/cleopatra.nl\/de\/wp-json\/wp\/v2\/types\/product"}],"wp:featuredmedia":[{"embeddable":true,"href":"https:\/\/cleopatra.nl\/de\/wp-json\/wp\/v2\/media\/3533"}],"wp:attachment":[{"href":"https:\/\/cleopatra.nl\/de\/wp-json\/wp\/v2\/media?parent=3345"}],"wp:term":[{"taxonomy":"product_brand","embeddable":true,"href":"https:\/\/cleopatra.nl\/de\/wp-json\/wp\/v2\/product_brand?post=3345"},{"taxonomy":"product_cat","embeddable":true,"href":"https:\/\/cleopatra.nl\/de\/wp-json\/wp\/v2\/product_cat?post=3345"},{"taxonomy":"product_tag","embeddable":true,"href":"https:\/\/cleopatra.nl\/de\/wp-json\/wp\/v2\/product_tag?post=3345"}],"curies":[{"name":"wp","href":"https:\/\/api.w.org\/{rel}","templated":true}]}}