{"id":3346,"date":"2022-04-27T20:08:33","date_gmt":"2022-04-27T18:08:33","guid":{"rendered":"https:\/\/cleopatra.medialoods.com\/?post_type=product&#038;p=3346"},"modified":"2026-04-27T10:07:22","modified_gmt":"2026-04-27T08:07:22","slug":"martinique-220-177x90cm","status":"publish","type":"product","link":"https:\/\/cleopatra.nl\/de\/shop\/ligbaden-whirlpools\/vrijstaande-baden\/martinique-220\/","title":{"rendered":"Martinique 220 | 177x90cm"},"content":{"rendered":"<h4><b>GER\u00c4UMIGE FREISTEHENDE BADEWANNE<\/b><\/h4>\n<p>Die\u00a0<b>freistehende Badewanne<\/b> Die Martinique von Cleopatra zeichnet sich durch gro\u00dfe Abmessungen und harmonisch abgerundete Linien aus. Ideal f\u00fcr etwas gr\u00f6\u00dfere Personen und Liebhaber von ger\u00e4umigen, komfortablen B\u00e4dern. Steigen Sie in die Martinique und g\u00f6nnen Sie sich einen wohlverdienten Moment der Entspannung!<\/p>\n<p>Die Au\u00dfenma\u00dfe der freistehenden Badewanne sind: 1770 x 900 x 420 mm und die Bodenl\u00e4nge betr\u00e4gt 1280 mm. Am Ende dieser Produktbeschreibung finden Sie die Zeichnungen der Badewanne.<\/p>\n<p>Die Badewanne wird mit einer Badewannengarnitur und einer \u00dcberlauf-\/Leerungskombination geliefert.<\/p>\n<p>M\u00f6chten Sie dieses Bad sehen? Sie sind herzlich willkommen im Cleopatra\u00a0<a href=\"https:\/\/cleopatra.nl\/de\/contact\/\" target=\"_blank\" rel=\"noopener\">Ausstellungsraum<\/a> in Zaandam!<\/p>\n<h4><b>FREISTEHENDE WANNENARMATUREN<\/b><\/h4>\n<p>Zu Ihrer freistehenden Badewanne geh\u00f6rt eine hochwertige freistehende Mischbatterie. So wird Ihr Badezimmer noch sch\u00f6ner und vollst\u00e4ndiger!<\/p>\n<p>&nbsp;<\/p>\n<p><strong><em>Es ist nicht m\u00f6glich, in der Martinique-Badewanne ein Badelicht oder ein Whirlpoolsystem zu installieren.\u00a0<\/em><\/strong><\/p>","protected":false},"excerpt":{"rendered":"<p>Die\u00a0<b>freistehende Badewanne<\/b> Die Martinique von Cleopatra zeichnet sich durch gro\u00dfe Abmessungen und harmonisch abgerundete Linien aus. Ideal f\u00fcr etwas gr\u00f6\u00dfere Personen und Liebhaber von ger\u00e4umigen, komfortablen B\u00e4dern. Steigen Sie in die Martinique und g\u00f6nnen Sie sich einen wohlverdienten Moment der Entspannung!<\/p>","protected":false},"featured_media":3528,"template":"","format":"standard","meta":{"_acf_changed":false},"product_brand":[347],"product_cat":[87,76,71],"product_tag":[],"class_list":{"0":"post-3346","1":"product","2":"type-product","3":"status-publish","4":"format-standard","5":"has-post-thumbnail","7":"product_brand-cleopatra","8":"product_cat-vrijstaande-baden","9":"product_cat-ligbaden-whirlpools","10":"product_cat-shop","12":"first","13":"instock","14":"taxable","15":"shipping-taxable","16":"purchasable","17":"product-type-simple"},"acf":[],"_links":{"self":[{"href":"https:\/\/cleopatra.nl\/de\/wp-json\/wp\/v2\/product\/3346","targetHints":{"allow":["GET"]}}],"collection":[{"href":"https:\/\/cleopatra.nl\/de\/wp-json\/wp\/v2\/product"}],"about":[{"href":"https:\/\/cleopatra.nl\/de\/wp-json\/wp\/v2\/types\/product"}],"wp:featuredmedia":[{"embeddable":true,"href":"https:\/\/cleopatra.nl\/de\/wp-json\/wp\/v2\/media\/3528"}],"wp:attachment":[{"href":"https:\/\/cleopatra.nl\/de\/wp-json\/wp\/v2\/media?parent=3346"}],"wp:term":[{"taxonomy":"product_brand","embeddable":true,"href":"https:\/\/cleopatra.nl\/de\/wp-json\/wp\/v2\/product_brand?post=3346"},{"taxonomy":"product_cat","embeddable":true,"href":"https:\/\/cleopatra.nl\/de\/wp-json\/wp\/v2\/product_cat?post=3346"},{"taxonomy":"product_tag","embeddable":true,"href":"https:\/\/cleopatra.nl\/de\/wp-json\/wp\/v2\/product_tag?post=3346"}],"curies":[{"name":"wp","href":"https:\/\/api.w.org\/{rel}","templated":true}]}}