{"id":3347,"date":"2022-04-27T20:08:57","date_gmt":"2022-04-27T18:08:57","guid":{"rendered":"https:\/\/cleopatra.medialoods.com\/?post_type=product&#038;p=3347"},"modified":"2026-04-27T10:06:49","modified_gmt":"2026-04-27T08:06:49","slug":"pelican-270-180x80cm","status":"publish","type":"product","link":"https:\/\/cleopatra.nl\/de\/shop\/ligbaden-whirlpools\/vrijstaande-baden\/pelican-270\/","title":{"rendered":"Pelikan 270 | 180x80cm"},"content":{"rendered":"<h4>GER\u00c4UMIGE FREISTEHENDE BADEWANNE<\/h4>\n<p>Die\u00a0<b>freistehende Badewanne<\/b> Pelican von Cleopatra ist sowohl f\u00fcr kleinere als auch f\u00fcr gr\u00f6\u00dfere Menschen ideal. Er f\u00fchlt sich ger\u00e4umig an und sieht sowohl in modernen als auch in rustikalen B\u00e4dern gut aus.<\/p>\n<p>Die Au\u00dfenma\u00dfe der freistehenden Badewanne sind: 1800 x 800 x 430 mm mit einer Bodenl\u00e4nge von 1060 mm. Am Ende dieser Produktbeschreibung finden Sie die Zeichnungen der Badewanne.<\/p>\n<p>Die Badewanne wird mit einer Badewannengarnitur und einer \u00dcberlauf-\/Leerungskombination geliefert.<\/p>\n<p>M\u00f6chten Sie dieses Bad sehen? Sie sind herzlich willkommen im Cleopatra\u00a0<a href=\"https:\/\/cleopatra.nl\/de\/contact\/\" target=\"_blank\" rel=\"noopener\">Ausstellungsraum<\/a> in Zaandam!<\/p>\n<p>&nbsp;<\/p>\n<h4>FREISTEHENDE WHIRLPOOL-BADEWANNE<\/h4>\n<p>Die Pelican-Badewanne ist auch erh\u00e4ltlich als\u00a0<strong>freistehende Whirlpool-Badewanne<\/strong>!<\/p>\n<ul>\n<li>Wellness Spa Mini: 24 Minid\u00fcsen produzieren eine gro\u00dfe Menge an Miniblasen aus dem Wannenboden, die Ihren K\u00f6rper noch sanfter stimulieren als die Whirlpoolblasen. Kribbelnde Wirkung auf Haut und Muskeln.<\/li>\n<\/ul>\n<ul>\n<li>Weitere Informationen zu den verschiedenen Whirlpoolsystemen f\u00fcr diese Badewanne finden Sie hier <em><strong><a title=\"freistehende Whirlpool-Badewanne\" href=\"https:\/\/cleopatra.nl\/de\/bubbelbaden\/\" target=\"_blank\" rel=\"noopener noreferrer\">hier<\/a><\/strong><\/em>.<\/li>\n<\/ul>\n<p>&nbsp;<\/p>\n<h4>LICHT IM BAD<\/h4>\n<p>Die Pelican-Badewanne ist mit Licht erh\u00e4ltlich: eine einfache M\u00f6glichkeit, mehr Atmosph\u00e4re im Bad zu schaffen. Sie k\u00f6nnen w\u00e4hlen zwischen <a title=\"Farbige Beleuchtung der Badewanne\" href=\"https:\/\/cleopatra.nl\/de\/catalog\/product\/view\/id\/43\/s\/ligbad-kleurverlichting\/\" target=\"_blank\" rel=\"noopener noreferrer\">Farbbeleuchtung<\/a>\u00a0mit vier verschiedenen Farben.<\/p>\n<p>&nbsp;<\/p>\n<h4>FREISTEHENDE WANNENARMATUREN<\/h4>\n<p>Bei Ihrem\u00a0<strong>freistehende Badewanne<\/strong>\u00a0ist ein hochwertiger, freistehender Mixer. So wird Ihr Badezimmer noch sch\u00f6ner und vollst\u00e4ndiger!<\/p>","protected":false},"excerpt":{"rendered":"<p>Die\u00a0<b>freistehende Badewanne<\/b>\u00a0Pelican von Cleopatra ist sowohl f\u00fcr kleine als auch f\u00fcr gro\u00dfe Menschen geeignet. Er f\u00fchlt sich ger\u00e4umig an und sieht sowohl in modernen als auch in rustikalen B\u00e4dern sch\u00f6n aus.<\/p>","protected":false},"featured_media":3523,"template":"","format":"standard","meta":{"_acf_changed":false},"product_brand":[347],"product_cat":[87,76,71],"product_tag":[],"class_list":{"0":"post-3347","1":"product","2":"type-product","3":"status-publish","4":"format-standard","5":"has-post-thumbnail","7":"product_brand-cleopatra","8":"product_cat-vrijstaande-baden","9":"product_cat-ligbaden-whirlpools","10":"product_cat-shop","12":"first","13":"instock","14":"taxable","15":"shipping-taxable","16":"purchasable","17":"product-type-simple"},"acf":[],"_links":{"self":[{"href":"https:\/\/cleopatra.nl\/de\/wp-json\/wp\/v2\/product\/3347","targetHints":{"allow":["GET"]}}],"collection":[{"href":"https:\/\/cleopatra.nl\/de\/wp-json\/wp\/v2\/product"}],"about":[{"href":"https:\/\/cleopatra.nl\/de\/wp-json\/wp\/v2\/types\/product"}],"wp:featuredmedia":[{"embeddable":true,"href":"https:\/\/cleopatra.nl\/de\/wp-json\/wp\/v2\/media\/3523"}],"wp:attachment":[{"href":"https:\/\/cleopatra.nl\/de\/wp-json\/wp\/v2\/media?parent=3347"}],"wp:term":[{"taxonomy":"product_brand","embeddable":true,"href":"https:\/\/cleopatra.nl\/de\/wp-json\/wp\/v2\/product_brand?post=3347"},{"taxonomy":"product_cat","embeddable":true,"href":"https:\/\/cleopatra.nl\/de\/wp-json\/wp\/v2\/product_cat?post=3347"},{"taxonomy":"product_tag","embeddable":true,"href":"https:\/\/cleopatra.nl\/de\/wp-json\/wp\/v2\/product_tag?post=3347"}],"curies":[{"name":"wp","href":"https:\/\/api.w.org\/{rel}","templated":true}]}}