{"id":3349,"date":"2022-04-27T20:09:41","date_gmt":"2022-04-27T18:09:41","guid":{"rendered":"https:\/\/cleopatra.medialoods.com\/?post_type=product&#038;p=3349"},"modified":"2026-04-27T10:07:09","modified_gmt":"2026-04-27T08:07:09","slug":"tahiti-230-170x75cm","status":"publish","type":"product","link":"https:\/\/cleopatra.nl\/de\/shop\/ligbaden-whirlpools\/vrijstaande-baden\/tahiti-230\/","title":{"rendered":"Tahiti 230 | 170x75cm"},"content":{"rendered":"<h4><b>DESIGN FREISTEHENDE BADEWANNE<\/b><\/h4>\n<p>Die\u00a0<b>freistehende Badewanne<\/b>\u00a0Tahiti von Cleopatra ist eine Freude f\u00fcr die Augen und ein Genuss f\u00fcr den K\u00f6rper. Rechteckig, aber mit sch\u00f6n abgerundeten Ecken und Kanten, die an den L\u00e4ngsseiten breiter werden. Der bequeme Sitzbereich sorgt f\u00fcr das ultimative Gef\u00fchl von Ruhe und Genuss im Bad.<\/p>\n<p>Die Au\u00dfenma\u00dfe der freistehenden Badewanne sind: 1700 x 750 x 440 mm mit einer Bodenl\u00e4nge von 1360 mm. Am Ende dieser Produktbeschreibung finden Sie die Zeichnungen der Badewanne.<\/p>\n<p>Die Badewanne wird mit einer Badewannengarnitur und einer \u00dcberlauf-\/Leerungskombination geliefert.<\/p>\n<p>M\u00f6chten Sie dieses Bad sehen? Sie sind herzlich willkommen im Cleopatra\u00a0<a href=\"https:\/\/cleopatra.nl\/de\/contact\/\" target=\"_blank\" rel=\"noopener\">Ausstellungsraum<\/a> in Zaandam!<\/p>\n<p>&nbsp;<\/p>\n<h4><b>FREISTEHENDE WANNENARMATUREN<\/b><\/h4>\n<p>Bei Ihrem\u00a0<strong>freistehende Badewanne<\/strong>\u00a0ist ein hochwertiger, freistehender Mixer. So wird Ihr Badezimmer noch sch\u00f6ner und vollst\u00e4ndiger!<\/p>\n<p>&nbsp;<\/p>\n<p><strong>Es ist nicht m\u00f6glich, in der Tahiti-Badewanne ein Licht zu installieren.<\/strong><\/p>","protected":false},"excerpt":{"rendered":"<p>Die\u00a0<b>freistehende Badewanne<\/b>\u00a0Tahiti von Cleopatra ist eine Freude f\u00fcr die Augen und ein Genuss f\u00fcr den K\u00f6rper. Rechteckig, aber mit sch\u00f6n abgerundeten Ecken und Kanten, die an den L\u00e4ngsseiten breiter werden. Der bequeme Sitzbereich sorgt f\u00fcr das ultimative Gef\u00fchl von Ruhe und Genuss im Bad.<\/p>","protected":false},"featured_media":3509,"template":"","format":"standard","meta":{"_acf_changed":false},"product_brand":[347],"product_cat":[87,76,71],"product_tag":[],"class_list":{"0":"post-3349","1":"product","2":"type-product","3":"status-publish","4":"format-standard","5":"has-post-thumbnail","7":"product_brand-cleopatra","8":"product_cat-vrijstaande-baden","9":"product_cat-ligbaden-whirlpools","10":"product_cat-shop","12":"first","13":"instock","14":"taxable","15":"shipping-taxable","16":"purchasable","17":"product-type-simple"},"acf":[],"_links":{"self":[{"href":"https:\/\/cleopatra.nl\/de\/wp-json\/wp\/v2\/product\/3349","targetHints":{"allow":["GET"]}}],"collection":[{"href":"https:\/\/cleopatra.nl\/de\/wp-json\/wp\/v2\/product"}],"about":[{"href":"https:\/\/cleopatra.nl\/de\/wp-json\/wp\/v2\/types\/product"}],"wp:featuredmedia":[{"embeddable":true,"href":"https:\/\/cleopatra.nl\/de\/wp-json\/wp\/v2\/media\/3509"}],"wp:attachment":[{"href":"https:\/\/cleopatra.nl\/de\/wp-json\/wp\/v2\/media?parent=3349"}],"wp:term":[{"taxonomy":"product_brand","embeddable":true,"href":"https:\/\/cleopatra.nl\/de\/wp-json\/wp\/v2\/product_brand?post=3349"},{"taxonomy":"product_cat","embeddable":true,"href":"https:\/\/cleopatra.nl\/de\/wp-json\/wp\/v2\/product_cat?post=3349"},{"taxonomy":"product_tag","embeddable":true,"href":"https:\/\/cleopatra.nl\/de\/wp-json\/wp\/v2\/product_tag?post=3349"}],"curies":[{"name":"wp","href":"https:\/\/api.w.org\/{rel}","templated":true}]}}