{"id":3350,"date":"2022-04-27T20:10:06","date_gmt":"2022-04-27T18:10:06","guid":{"rendered":"https:\/\/cleopatra.medialoods.com\/?post_type=product&#038;p=3350"},"modified":"2026-04-27T10:07:44","modified_gmt":"2026-04-27T08:07:44","slug":"texel-240-160x80cm","status":"publish","type":"product","link":"https:\/\/cleopatra.nl\/de\/shop\/ligbaden-whirlpools\/vrijstaande-baden\/texel-240\/","title":{"rendered":"Texel 240 | 160x80cm"},"content":{"rendered":"<h4><b>KOMFORTABLE FREISTEHENDE BADEWANNE TEXEL<\/b><\/h4>\n<p>Die\u00a0<b>freistehende Badewanne<\/b>\u00a0Texel von Cleopatra steht f\u00fcr Luxus und Komfort. Feine, abgerundete und geschmeidige Linien schaffen Platz und Komfort im Inneren der Badewanne und ein modisches Aussehen nach au\u00dfen. Ein Bad in der Texel-Badewanne ist ein wahres Vergn\u00fcgen!<\/p>\n<p>Die Au\u00dfenma\u00dfe der freistehenden Badewanne sind: 1600 x 800 x 460 mm mit einer Bodenl\u00e4nge von 1270 mm. Am Ende dieser Produktbeschreibung finden Sie die Zeichnungen der Badewanne.<\/p>\n<p>Die Badewanne wird mit einer Badewannengarnitur und einer \u00dcberlauf-\/Leerungskombination geliefert.<\/p>\n<p>M\u00f6chten Sie dieses Bad sehen?  Sie sind herzlich willkommen im Cleopatra\u00a0<a href=\"https:\/\/cleopatra.nl\/de\/contact\/\" target=\"_blank\" rel=\"noopener\">Ausstellungsraum<\/a> in Zaandam!<\/p>\n<h4><b><br \/>\nFREISTEHENDE WANNENARMATUREN<\/b><\/h4>\n<p>Bei Ihrem\u00a0<strong>freistehende Badewanne<\/strong>\u00a0ist ein hochwertiger, freistehender Mixer. So wird Ihr Badezimmer noch sch\u00f6ner und vollst\u00e4ndiger!<\/p>\n<p>&nbsp;<\/p>\n<p><strong><em>Es ist nicht m\u00f6glich, in der Texel-Badewanne ein Licht oder ein Whirlpoolsystem zu installieren.<\/em>.<\/strong><\/p>","protected":false},"excerpt":{"rendered":"<p>Die\u00a0<b>freistehende Badewanne<\/b>\u00a0Texel von Cleopatra steht f\u00fcr Luxus und Komfort. Feine, abgerundete und geschmeidige Linien schaffen Platz und Komfort im Inneren der Badewanne und ein modisches Aussehen nach au\u00dfen. Ein Bad in der Texel-Badewanne ist ein wahres Vergn\u00fcgen!<\/p>","protected":false},"featured_media":3504,"template":"","format":"standard","meta":{"_acf_changed":false},"product_brand":[347],"product_cat":[87,76,71],"product_tag":[],"class_list":{"0":"post-3350","1":"product","2":"type-product","3":"status-publish","4":"format-standard","5":"has-post-thumbnail","7":"product_brand-cleopatra","8":"product_cat-vrijstaande-baden","9":"product_cat-ligbaden-whirlpools","10":"product_cat-shop","12":"first","13":"instock","14":"taxable","15":"shipping-taxable","16":"purchasable","17":"product-type-simple"},"acf":[],"_links":{"self":[{"href":"https:\/\/cleopatra.nl\/de\/wp-json\/wp\/v2\/product\/3350","targetHints":{"allow":["GET"]}}],"collection":[{"href":"https:\/\/cleopatra.nl\/de\/wp-json\/wp\/v2\/product"}],"about":[{"href":"https:\/\/cleopatra.nl\/de\/wp-json\/wp\/v2\/types\/product"}],"wp:featuredmedia":[{"embeddable":true,"href":"https:\/\/cleopatra.nl\/de\/wp-json\/wp\/v2\/media\/3504"}],"wp:attachment":[{"href":"https:\/\/cleopatra.nl\/de\/wp-json\/wp\/v2\/media?parent=3350"}],"wp:term":[{"taxonomy":"product_brand","embeddable":true,"href":"https:\/\/cleopatra.nl\/de\/wp-json\/wp\/v2\/product_brand?post=3350"},{"taxonomy":"product_cat","embeddable":true,"href":"https:\/\/cleopatra.nl\/de\/wp-json\/wp\/v2\/product_cat?post=3350"},{"taxonomy":"product_tag","embeddable":true,"href":"https:\/\/cleopatra.nl\/de\/wp-json\/wp\/v2\/product_tag?post=3350"}],"curies":[{"name":"wp","href":"https:\/\/api.w.org\/{rel}","templated":true}]}}