{"id":3352,"date":"2022-04-27T20:11:14","date_gmt":"2022-04-27T18:11:14","guid":{"rendered":"https:\/\/cleopatra.medialoods.com\/?post_type=product&#038;p=3352"},"modified":"2026-04-26T23:17:59","modified_gmt":"2026-04-26T21:17:59","slug":"hawaii-twin-551","status":"publish","type":"product","link":"https:\/\/cleopatra.nl\/de\/shop\/hawaii-twin-550\/","title":{"rendered":"Hawaii Zwilling 550"},"content":{"rendered":"<ul>\n<li>Eingebaute Acryl-Kabine.<\/li>\n<li>2-Personen-Kabine.<\/li>\n<li>Ausgestattet mit Dusche und Dampfgenerator<\/li>\n<li>Der Dampferzeuger muss extern aufgestellt werden.<\/li>\n<\/ul>\n<p><strong>Farbe des Glases\u00a0<\/strong><\/p>\n<ul>\n<li>Glasfarbe transparent, bronzefarben oder grau ger\u00e4uchertes Glas<\/li>\n<\/ul>\n<p><strong>Drehrichtung der T\u00fcr<\/strong><\/p>\n<ul>\n<li>Scharniere auf der rechten oder linken Seite stehend<\/li>\n<\/ul>\n<h4><strong><br \/>\nHAWAII TWIN ESSENTIAL<\/strong><\/h4>\n<p><strong>Kabine<\/strong><\/p>\n<ul>\n<li>Kabine aus hochwertigem Acryl<\/li>\n<li>T\u00fcr im Rahmen (wei\u00df) - Glasfarbe transparent<\/li>\n<li>Abfluss<\/li>\n<li>Bel\u00fcftung<\/li>\n<\/ul>\n<p><strong>Dusche<\/strong><\/p>\n<ul>\n<li>Thermostatischer Mischer<\/li>\n<li>Handbrause und Gleitschiene<\/li>\n<\/ul>\n<p><strong>Beleuchtung <\/strong><\/p>\n<ul>\n<li>LED-Beleuchtung (2 St\u00fcck)<\/li>\n<\/ul>\n<p><strong>Dampf<\/strong><\/p>\n<ul>\n<li>Steam One Dampferzeuger inkl. Steuerung (3 kW - nur Colorado Twin = 4,5 kW)<\/li>\n<li>Aromatherapie (automatische Dosierung 1 Duftstoff)<\/li>\n<li>Kunststoff-Dampfeinlass wei\u00df<\/li>\n<li>Bedienelemente Steam One sollte au\u00dferhalb der Kabine angebracht werden.<\/li>\n<\/ul>\n<h4><strong><br \/>\nHAWAII TWIN DELUXE<\/strong><\/h4>\n<p><strong>Kabine<\/strong><\/p>\n<ul>\n<li>Kabine aus hochwertigem Acryl<\/li>\n<li>T\u00fcr im Rahmen (wei\u00df) - Glasfarbe transparent<\/li>\n<li>Abfluss<\/li>\n<li>Bel\u00fcftung<\/li>\n<\/ul>\n<p><strong>Dusche<\/strong><\/p>\n<ul>\n<li>Thermostatischer Mischer<\/li>\n<li>Handbrause und Gleitschiene<\/li>\n<li>Dachdusche 240 mm<\/li>\n<\/ul>\n<p><strong>Beleuchtung <\/strong><\/p>\n<ul>\n<li>LED-Beleuchtung (2 St\u00fcck)<\/li>\n<\/ul>\n<p><strong>Dampf<\/strong><\/p>\n<ul>\n<li>Steam Smart-Dampferzeuger inkl. Steuerung (3 kW - nur Colorado Twin = 4,5 kW)<\/li>\n<li>Aromatherapie (automatische Dosierung 1 Duftstoff)<\/li>\n<li>Kunststoff-Dampfeinlass wei\u00df<\/li>\n<li>Bediening Steam Smart dient buitende cabine geplaatst te worden.<\/li>\n<\/ul>\n<h4><strong><br \/>\nHAWAII TWIN EXKLUSIV<\/strong><\/h4>\n<p><strong>Kabine<\/strong><\/p>\n<ul>\n<li>Kabine aus hochwertigem Acryl<\/li>\n<li>T\u00fcr im Rahmen (wei\u00df) - Glasfarbe transparent<\/li>\n<li>Abfluss<\/li>\n<li>Bel\u00fcftung<\/li>\n<\/ul>\n<p><strong>Dusche<\/strong><\/p>\n<ul>\n<li>Thermostatischer Mischer<\/li>\n<li>Handbrause und Gleitschiene<\/li>\n<li>Dachdusche 300 mm<\/li>\n<li>Seitendusche K\u00f6rperfett (6 St\u00fcck)<\/li>\n<\/ul>\n<p><strong>Beleuchtung <\/strong><\/p>\n<ul>\n<li>LED-Beleuchtung (2 St\u00fcck)<\/li>\n<\/ul>\n<p><strong>Dampf<\/strong><\/p>\n<ul>\n<li>Steam Deluxe Dampfgeneratoren inkl. Steuerung (3 kW - nur Colorado Twin = 4,5 kW)<\/li>\n<li>Aromatherapie (automatische Dosierung 2 Duftstoffe)<\/li>\n<li>Kunststoff-Dampfeinlass wei\u00df<\/li>\n<li>Die Bedienelemente von Steam Deluxe sollten au\u00dferhalb der Kabine angebracht werden.<\/li>\n<\/ul>\n<p><strong>Musik<\/strong><\/p>\n<ul>\n<li>Bluetooth-Modul mit 2 Lautsprechern<\/li>\n<\/ul>\n<h4><\/h4>\n<h4>WELLNESS-KABINE CLEOPATRA<\/h4>\n<p><span data-contrast=\"auto\">Die Kleopatra<\/span><b><span data-contrast=\"auto\">Dampf- und Wellnesskabine<\/span><\/b><span data-contrast=\"auto\">Hawaii Twin 550 ist eine hochwertige Kabine, die die Verbraucher seit mehr als 3 Jahrzehnten gl\u00fccklich macht. Eine H\u00fctte, die \u00fcber Jahre hinweg sch\u00f6n, warm und effektiv bleibt.<\/span><span data-ccp-props=\"{&quot;201341983&quot;:0,&quot;335559738&quot;:100,&quot;335559739&quot;:200,&quot;335559740&quot;:276}\">\u00a0<\/span><\/p>\n<p><span data-contrast=\"auto\">Die Dampf- und Wellnesskabine Hawaii Twin 550 ist aus wei\u00dfem Acryl gefertigt, damit Sie die W\u00e4rme und den Dampf schnell und vollst\u00e4ndig sp\u00fcren k\u00f6nnen. Acryl ist pflegeleicht; nach 20 Jahren sieht Ihre Kabine immer noch wie neu aus!<\/span><span data-ccp-props=\"{&quot;201341983&quot;:0,&quot;335559738&quot;:100,&quot;335559739&quot;:200,&quot;335559740&quot;:276}\">\u00a0<\/span><\/p>\n<p><span data-contrast=\"auto\">Die Kabine hat zwei bequeme Sitze und kleine Abmessungen:<\/span><span data-ccp-props=\"{&quot;201341983&quot;:0,&quot;335559738&quot;:100,&quot;335559739&quot;:200,&quot;335559740&quot;:276}\">\u00a0<\/span><\/p>\n<p><span data-contrast=\"auto\">Eingebaute Ecke: 1270 x 1270 mm<\/span><span data-ccp-props=\"{&quot;201341983&quot;:0,&quot;335559738&quot;:100,&quot;335559739&quot;:200,&quot;335559740&quot;:276}\">\u00a0<\/span><\/p>\n<p><span data-contrast=\"auto\">Gerader Einbau: 1510 x 1070 mm<\/span><span data-ccp-props=\"{&quot;201341983&quot;:0,&quot;335559738&quot;:100,&quot;335559739&quot;:200,&quot;335559740&quot;:276}\">\u00a0<\/span><\/p>\n<p><span data-contrast=\"auto\">Netto-H\u00f6he: 2230 mm<\/span><span data-ccp-props=\"{&quot;201341983&quot;:0,&quot;335559738&quot;:100,&quot;335559739&quot;:200,&quot;335559740&quot;:276}\">\u00a0<\/span><\/p>\n<p><span data-contrast=\"auto\">Zeichnungen und technische Informationen zur Kabine finden Sie am Ende dieser Produktbeschreibung.<\/span><span data-ccp-props=\"{&quot;201341983&quot;:0,&quot;335559738&quot;:100,&quot;335559739&quot;:200,&quot;335559740&quot;:276}\">\u00a0<\/span><\/p>\n<h4>KABINE OPTIONEN<\/h4>\n<p><span data-contrast=\"auto\">Sie k\u00f6nnen die Kabine nach Ihrem Geschmack und Ihrem Raum gestalten:<\/span><span data-ccp-props=\"{&quot;201341983&quot;:0,&quot;335559738&quot;:100,&quot;335559739&quot;:200,&quot;335559740&quot;:276}\">\u00a0<\/span><\/p>\n<p><span data-contrast=\"auto\">Das Glas ist in den Farben klar, bronze und grau erh\u00e4ltlich.<\/span><span data-ccp-props=\"{&quot;201341983&quot;:0,&quot;335559738&quot;:100,&quot;335559739&quot;:200,&quot;335559740&quot;:276}\">\u00a0<\/span><\/p>\n<p><span data-contrast=\"auto\">Der T\u00fcrrahmen und der Griff sind standardm\u00e4\u00dfig wei\u00df (RAL 9003), k\u00f6nnen aber auch in einer RAL-Farbe Ihrer Wahl geliefert werden.<\/span><span data-ccp-props=\"{&quot;201341983&quot;:0,&quot;335559738&quot;:100,&quot;335559739&quot;:200,&quot;335559740&quot;:276}\">\u00a0<\/span><\/p>\n<p><span data-contrast=\"auto\">M\u00f6chten Sie die H\u00fctte sehen? Sie sind willkommen in unserem<\/span><a href=\"https:\/\/cleopatra.nl\/de\/contact\/\" target=\"_blank\" rel=\"noopener\"><span data-contrast=\"none\">Ausstellungsraum<\/span><\/a><span data-contrast=\"auto\">in Zaandam.<\/span><\/p>\n<h4>DAMPF- UND WELLNESS-GENERATOR<\/h4>\n<p><span data-contrast=\"auto\">Der Hawaii Twin 550 ist mit einem 3,0 kW 230 V Dampf- und Wellnessgenerator ausgestattet.<\/span><span data-ccp-props=\"{&quot;201341983&quot;:0,&quot;335559738&quot;:100,&quot;335559739&quot;:200,&quot;335559740&quot;:276}\">\u00a0<\/span><\/p>\n<p><span data-contrast=\"auto\">Cleopatra stellt seine eigenen Generatoren in seiner Fabrik in den Niederlanden her. Wir bieten drei Modelle von Stromerzeugern f\u00fcr den privaten Nutzer an:<\/span><span data-ccp-props=\"{&quot;201341983&quot;:0,&quot;335559738&quot;:100,&quot;335559739&quot;:200,&quot;335559740&quot;:276}\">\u00a0<\/span><\/p>\n<p><span data-contrast=\"auto\">Die<em>\u202f<\/em><\/span><em><strong>Cleo Steam One<\/strong><\/em><span data-contrast=\"auto\"><em>\u202f<\/em>ist ein hochwertiger Dampfgenerator mit Standardfunktionen.<\/span><span data-ccp-props=\"{&quot;201341983&quot;:0,&quot;335559738&quot;:100,&quot;335559739&quot;:200,&quot;335559740&quot;:276}\">\u00a0<\/span><\/p>\n<p><span data-contrast=\"auto\">Die<\/span><span data-contrast=\"none\">\u202f<em><strong>Cleo Dampf Smart<\/strong><\/em><\/span><span data-contrast=\"auto\"><em>\u202f<\/em>ist ein moderner Dampfgenerator, der Temperaturschwankungen reduziert und eine Lichttherapie (mehrere Farblichter) erm\u00f6glicht.<\/span><span data-ccp-props=\"{&quot;201341983&quot;:0,&quot;335559738&quot;:100,&quot;335559739&quot;:200,&quot;335559740&quot;:276}\">\u00a0<\/span><\/p>\n<p><span data-contrast=\"auto\">Die<\/span><span data-contrast=\"none\"><em><strong>Cleo Dampf Deluxe<\/strong><\/em><\/span><span data-contrast=\"auto\">ist ein kompletter Wellness-Generator, der folgende Funktionen bietet: Dampf, Halotherapie (mit Dampf gemischtes Salz), K\u00e4ltetherapie (kalter Nebel), Lichttherapie, Aromatherapie und direkte Verbindung zu Ihrer Musik \u00fcber Bluetooth.<\/span><span data-ccp-props=\"{&quot;201341983&quot;:0,&quot;335559738&quot;:100,&quot;335559739&quot;:200,&quot;335559740&quot;:276}\">\u00a0<\/span><\/p>\n<p><span data-contrast=\"auto\">Ausf\u00fchrliche Informationen zu den Cleopatra-Generatoren finden Sie hier<\/span><a href=\"https:\/\/cleopatra.nl\/de\/shop\/?_product_categorieen=stoomtechniek-stoomtechniel-prive-shop\" target=\"_blank\" rel=\"noopener\"><span data-contrast=\"none\">hier<\/span><\/a><span data-contrast=\"auto\">.<\/span><span data-ccp-props=\"{&quot;201341983&quot;:0,&quot;335559738&quot;:100,&quot;335559739&quot;:200,&quot;335559740&quot;:276}\">\u00a0<\/span><\/p>\n<p><span data-contrast=\"auto\">Bei dieser Kabine sollte der Generator au\u00dfen angebracht werden. In der N\u00e4he der Kabine sollte sich ein kleiner Technikraum befinden.<\/span><span data-ccp-props=\"{&quot;201341983&quot;:0,&quot;335559738&quot;:100,&quot;335559739&quot;:200,&quot;335559740&quot;:276}\"> Let op dat de bediening buiten de cabine geplaatst wordt.\u00a0<\/span><\/p>\n<h4>INSTALLATION VON KABINEN- UND DAMPFTECHNIK<\/h4>\n<p><span data-contrast=\"auto\">F\u00fcr eine problemlose Installation kann Cleopatra die Kabine ausmessen und eine Bestandsaufnahme Ihres Raumes machen. Gegen einen Aufpreis k\u00f6nnen wir Ihre Kabine auch installieren.<\/span><span data-ccp-props=\"{&quot;201341983&quot;:0,&quot;335559738&quot;:100,&quot;335559739&quot;:200,&quot;335559740&quot;:276}\">\u00a0<\/span><\/p>\n<p><span data-contrast=\"auto\">Diese Dienste sind nur in den Benelux-L\u00e4ndern verf\u00fcgbar.<\/span><span data-ccp-props=\"{&quot;201341983&quot;:0,&quot;335559738&quot;:100,&quot;335559739&quot;:200,&quot;335559740&quot;:276}\">\u00a0<\/span><\/p>\n<p><span data-contrast=\"auto\">M\u00f6chten Sie mehr erfahren?Dann werfen Sie einen Blick auf<\/span><em><strong><a href=\"https:\/\/cleopatra.nl\/de\/contact\/\" target=\"_blank\" rel=\"noopener\">Kontakt<\/a><\/strong><\/em><span data-contrast=\"auto\"><em><strong>\u202f<\/strong><\/em>mit uns.<\/span><span data-ccp-props=\"{&quot;201341983&quot;:0,&quot;335559738&quot;:100,&quot;335559739&quot;:200,&quot;335559740&quot;:276}\">\u00a0<\/span><\/p>","protected":false},"excerpt":{"rendered":"<p><span data-contrast=\"auto\">Die Kleopatra<\/span><b><span data-contrast=\"auto\">Dampf- und Wellnesskabine<\/span><\/b><span data-contrast=\"auto\">Hawaii Twin 550 ist eine hochwertige Kabine, die die Verbraucher seit mehr als 3 Jahrzehnten gl\u00fccklich macht. Eine H\u00fctte, die \u00fcber Jahre hinweg sch\u00f6n, warm und effektiv bleibt.<\/span><span data-ccp-props=\"{&quot;201341983&quot;:0,&quot;335559738&quot;:100,&quot;335559739&quot;:200,&quot;335559740&quot;:276}\">\u00a0<\/span><\/p>\n<p><span data-contrast=\"auto\">Die Dampf- und Wellnesskabine Hawaii Twin 550 ist aus wei\u00dfem Acryl gefertigt, damit Sie die W\u00e4rme und den Dampf schnell und vollst\u00e4ndig sp\u00fcren k\u00f6nnen. Acryl ist pflegeleicht; nach 20 Jahren sieht Ihre Kabine immer noch wie neu aus!<\/span><span data-ccp-props=\"{&quot;201341983&quot;:0,&quot;335559738&quot;:100,&quot;335559739&quot;:200,&quot;335559740&quot;:276}\">\u00a0<\/span><\/p>\n<p><span data-contrast=\"auto\">Die Kabine hat zwei bequeme Sitze und kleine Abmessungen:<\/span><span data-ccp-props=\"{&quot;201341983&quot;:0,&quot;335559738&quot;:100,&quot;335559739&quot;:200,&quot;335559740&quot;:276}\">\u00a0<\/span><\/p>\n<p><span data-contrast=\"auto\">Eingebaute Ecke: 1270 x 1270 mm<\/span><span data-ccp-props=\"{&quot;201341983&quot;:0,&quot;335559738&quot;:100,&quot;335559739&quot;:200,&quot;335559740&quot;:276}\">\u00a0<\/span><\/p>\n<p><span data-contrast=\"auto\">Gerader Einbau: 1510 x 1070 mm<\/span><span data-ccp-props=\"{&quot;201341983&quot;:0,&quot;335559738&quot;:100,&quot;335559739&quot;:200,&quot;335559740&quot;:276}\">\u00a0<\/span><\/p>\n<p><span data-contrast=\"auto\">Netto-H\u00f6he: 2230 mm<\/span><span data-ccp-props=\"{&quot;201341983&quot;:0,&quot;335559738&quot;:100,&quot;335559739&quot;:200,&quot;335559740&quot;:276}\">\u00a0<\/span><\/p>\n<p><span data-contrast=\"auto\">Zeichnungen und technische Informationen zur Kabine finden Sie am Ende dieser Produktbeschreibung.<\/span><span data-ccp-props=\"{&quot;201341983&quot;:0,&quot;335559738&quot;:100,&quot;335559739&quot;:200,&quot;335559740&quot;:276}\">\u00a0<\/span><\/p>\n<p>&nbsp;<\/p>","protected":false},"featured_media":3577,"template":"","format":"standard","meta":{"_acf_changed":false},"product_brand":[347],"product_cat":[71,82,74],"product_tag":[],"class_list":{"0":"post-3352","1":"product","2":"type-product","3":"status-publish","4":"format-standard","5":"has-post-thumbnail","7":"product_brand-cleopatra","8":"product_cat-shop","9":"product_cat-delta-line","10":"product_cat-douche-stoomcabines","12":"first","13":"onbackorder","14":"taxable","15":"shipping-taxable","16":"purchasable","17":"product-type-simple"},"acf":[],"_links":{"self":[{"href":"https:\/\/cleopatra.nl\/de\/wp-json\/wp\/v2\/product\/3352","targetHints":{"allow":["GET"]}}],"collection":[{"href":"https:\/\/cleopatra.nl\/de\/wp-json\/wp\/v2\/product"}],"about":[{"href":"https:\/\/cleopatra.nl\/de\/wp-json\/wp\/v2\/types\/product"}],"wp:featuredmedia":[{"embeddable":true,"href":"https:\/\/cleopatra.nl\/de\/wp-json\/wp\/v2\/media\/3577"}],"wp:attachment":[{"href":"https:\/\/cleopatra.nl\/de\/wp-json\/wp\/v2\/media?parent=3352"}],"wp:term":[{"taxonomy":"product_brand","embeddable":true,"href":"https:\/\/cleopatra.nl\/de\/wp-json\/wp\/v2\/product_brand?post=3352"},{"taxonomy":"product_cat","embeddable":true,"href":"https:\/\/cleopatra.nl\/de\/wp-json\/wp\/v2\/product_cat?post=3352"},{"taxonomy":"product_tag","embeddable":true,"href":"https:\/\/cleopatra.nl\/de\/wp-json\/wp\/v2\/product_tag?post=3352"}],"curies":[{"name":"wp","href":"https:\/\/api.w.org\/{rel}","templated":true}]}}