{"id":3364,"date":"2022-04-27T21:17:52","date_gmt":"2022-04-27T19:17:52","guid":{"rendered":"https:\/\/cleopatra.medialoods.com\/?post_type=product&#038;p=3364"},"modified":"2026-04-26T21:18:58","modified_gmt":"2026-04-26T19:18:58","slug":"spa-seat-cusco-2","status":"publish","type":"product","link":"https:\/\/cleopatra.nl\/de\/shop\/spa-furniture\/spa-seat-cusco\/","title":{"rendered":"Spa-Sitz Cusco"},"content":{"rendered":"<h4>SPA-SITZ CUSCO<\/h4>\n<p><span data-contrast=\"auto\">Die Kleopatra<\/span><b><span data-contrast=\"auto\">Wellness-Pool<\/span><\/b><span data-contrast=\"auto\">Cusco ist absolut wasserfest, h\u00e4lt Temperaturunterschieden stand und ist daher f\u00fcr den Einsatz im Dampfbad, in der Dusche, im Badezimmer oder am Swimmingpool geeignet. Kurz gesagt, perfekt f\u00fcr Ihren Wellnessbereich zu Hause, aber auch fantastisch f\u00fcr professionelle Umgebungen wie ein Hotel, ein Fitnessstudio oder ein \u00f6ffentliches Hammam.<\/span><span data-ccp-props=\"{&quot;201341983&quot;:0,&quot;335559738&quot;:100,&quot;335559739&quot;:200,&quot;335559740&quot;:276}\">\u00a0<\/span><\/p>\n<p><span data-contrast=\"auto\">Der Spa Pouf kann als Sitzgelegenheit, als St\u00fctze f\u00fcr die Beine \/ F\u00fc\u00dfe, als Tisch neben einem der Cleopatra Lounge Chairs \/ Betten und als Dekoration verwendet werden. So ist dieser Spa-Pouf sicherlich ein multifunktionaler und lustiger Artikel im Wellnessbereich!<\/span><span data-ccp-props=\"{&quot;201341983&quot;:0,&quot;335559738&quot;:100,&quot;335559739&quot;:200,&quot;335559740&quot;:276}\">\u00a0<\/span><\/p>\n<p><span data-contrast=\"auto\">Ein harter lauwarmer \/ warmer Wasserstrahl aus einer Handbrause ist eine gute M\u00f6glichkeit zur Reinigung. Bei Bedarf k\u00f6nnen Sie Flecken mit einem feuchten Tuch entfernen. Anschlie\u00dfend mit sauberem lauwarmem\/hei\u00dfem Wasser absp\u00fclen.<\/span><span data-ccp-props=\"{&quot;201341983&quot;:0,&quot;335559738&quot;:100,&quot;335559739&quot;:200,&quot;335559740&quot;:276}\">\u00a0<\/span><\/p>\n<p>&nbsp;<\/p>\n<p><strong>FEATURES<\/strong><\/p>\n<p><span data-contrast=\"auto\">Die<\/span><b><span data-contrast=\"auto\">Wellness-Pool<\/span><\/b><span data-contrast=\"auto\">Abmessungen sind: 455 (L) x 400 (B) x 419 (H) mm<\/span><span data-ccp-props=\"{&quot;201341983&quot;:0,&quot;335559738&quot;:100,&quot;335559739&quot;:200,&quot;335559740&quot;:276}\">\u00a0<\/span><\/p>\n<p><span data-contrast=\"auto\">Der Spa Pouf Cusco ist in bis zu 3 verschiedenen Farben erh\u00e4ltlich:<\/span><span data-ccp-props=\"{&quot;201341983&quot;:0,&quot;335559738&quot;:100,&quot;335559739&quot;:200,&quot;335559740&quot;:276}\">\u00a0<\/span><span data-contrast=\"auto\">Wei\u00df: RAL 9016,\u00a0<\/span><span data-contrast=\"auto\">Grau: RAL 7042, <\/span><span data-contrast=\"auto\">Anthrazit: RAL 7021<\/span><span data-ccp-props=\"{&quot;201341983&quot;:0,&quot;335559738&quot;:100,&quot;335559739&quot;:200,&quot;335559740&quot;:276}\">\u00a0<\/span><\/p>\n<p>&nbsp;<\/p>\n<p><strong>REINIGUNGSHINWEISE<\/strong><\/p>\n<p>Klicken Sie hier: <a href=\"https:\/\/cleopatra.nl\/wp-content\/uploads\/Spa-furniture-GHL-90549020-DE-EN-NL.pdf\">Pflegehinweise f\u00fcr Spa-M\u00f6bel<\/a><\/p>\n<p>&nbsp;<\/p>\n<p><strong>FARBE<\/strong><\/p>\n<p>Auf Anfrage in anderen RAL-Farben erh\u00e4ltlich; m\u00f6chten Sie dieses Kissen in einer anderen Gr\u00f6\u00dfe erhalten? Bitte kontaktieren Sie uns.<\/p>\n<p>&nbsp;<\/p>\n<p><strong>MATERIALEIGENSCHAFTEN<\/strong><\/p>\n<p>Spa Furniture Beschichtung hat einige gro\u00dfartige Eigenschaften, wie zum Beispiel:<br \/>\n- Nur sehr wenige Chemikalien haben einen Einfluss auf die chemische Bindung von Siliziummolek\u00fclen. Das bedeutet, dass fast kein Material an Silizium haften bleibt. Selbst Kugelschreibermarkierungen lassen sich leicht von der Beschichtung entfernen.<br \/>\n- K\u00e4lte- und hitzebest\u00e4ndig. Die Siliziummolek\u00fcle sind zwischen -50 und +300 Grad Celsius stabil.<br \/>\n- Silizium ist ein sehr hautfreundliches Produkt. Die meisten Kosmetika wie Hautcremes, Lippenstift usw. enthalten Silizium.<br \/>\n- Silizium ist UV-best\u00e4ndig<br \/>\n- Das Silizium ist recycelbar<br \/>\n- Die Produkte von Spa Furniture f\u00fchlen sich sehr angenehm an, sind weich und sehr flexibel.<br \/>\n- F\u00fcr den Beschichtungsprozess werden keine fl\u00fcchtigen organischen Verbindungen (VOC) verwendet.<br \/>\n- Kleinere Sch\u00e4den k\u00f6nnen vor Ort repariert werden.<\/p>\n<p>&nbsp;<\/p>\n<p><strong>NACHHALTIG<\/strong><br \/>\nDie Beschichtung von Spa-M\u00f6beln besteht aus Silizium; das Rohmaterial f\u00fcr Silizium ist Sand. Sand ist leicht verf\u00fcgbar<br \/>\nan der Erdoberfl\u00e4che, so dass man nicht tief in den Boden bohren muss, um es zu erhalten, wie<br \/>\nzum Beispiel in Beschichtungen auf petrochemischer Basis wie Polyurethan. Bergbausilizium ist weniger<br \/>\nBelastung der nat\u00fcrlichen Ressourcen. Das bedeutet, dass f\u00fcr die Siliziumproduktion weniger Wasser ben\u00f6tigt wird,<br \/>\nRohstoff- und Energiebedarf im Vergleich zu PU- und PVC-Produkten.<\/p>\n<p>&nbsp;<\/p>\n<p><strong>BESONDERE ARBEIT<\/strong><br \/>\nZus\u00e4tzlich zu den Produkten aus dem Katalog ist es m\u00f6glich, individuelle Produkte herzustellen, sowohl in Bezug auf die Form<br \/>\nals Farbe. Dabei arbeiten wir eng mit Kunden, Architekten und Designern zusammen. Gemeinsam mit diesen<br \/>\nParteien formen wir Designideen zu einem Produkt, das von einer CNC-gesteuerten Maschine geschnitten werden kann.<br \/>\nSchaumstoffschneidemaschine.<br \/>\nNachdem der Schaumstoff nach den vereinbarten Spezifikationen zugeschnitten wurde, k\u00f6nnen wir mit der Beschichtung beginnen.<br \/>\nBei diesem Verfahren wird die Beschichtung manuell auf das offen strukturierte Schaumstoffst\u00fcck aufgetragen, um eine<br \/>\nerzeugen eine mechanische Haftung auf dem Schaumstoff. Diese Beschichtung versiegelt den Schaumstoff und bietet eine<br \/>\nflexible und weiche lederartige Haut.<\/p>\n<p>&nbsp;<\/p>\n<p><strong>EINZIGARTIGE MERKMALE<\/strong><br \/>\n- Nachhaltig<br \/>\n- Produktionsprozess ohne VOCs<br \/>\n- Wasser- und dampfbest\u00e4ndig<br \/>\n- K\u00e4lte- und hitzebest\u00e4ndig<br \/>\n- Leicht zu reinigen<br \/>\n- Sanfte Ber\u00fchrung<br \/>\n- UV-best\u00e4ndig<br \/>\n- Hohe Elastizit\u00e4t und dauerhafte Flexibilit\u00e4t<br \/>\n- Recycelbar<br \/>\n- Form und Farbe nach Kundenwunsch (RAL)<\/p>\n<p>&nbsp;<\/p>","protected":false},"excerpt":{"rendered":"<p><span data-contrast=\"auto\">Die Kleopatra<\/span><b><span data-contrast=\"auto\">Wellness-Pool\u00a0<\/span><\/b><span data-contrast=\"auto\">Cusco ist absolut wasserbest\u00e4ndig, h\u00e4lt Temperaturunterschiede aus und ist daher f\u00fcr den Einsatz in der Dampfkabine, in der Dusche, im Bad oder z.B. am Swimmingpool konzipiert. Kurz gesagt, perfekt f\u00fcr Ihren Wellnessbereich zu Hause, aber auch fantastisch f\u00fcr die professionelle Umgebung wie ein Hotel, einen Fitnessraum oder ein \u00f6ffentliches Hammam.<\/span><span data-ccp-props=\"{&quot;201341983&quot;:0,&quot;335559738&quot;:100,&quot;335559739&quot;:200,&quot;335559740&quot;:276}\">\u00a0<\/span><\/p>","protected":false},"featured_media":3918,"template":"","format":"standard","meta":{"_acf_changed":false},"product_brand":[347],"product_cat":[91,78,71],"product_tag":[],"class_list":{"0":"post-3364","1":"product","2":"type-product","3":"status-publish","4":"format-standard","5":"has-post-thumbnail","7":"product_brand-cleopatra","8":"product_cat-spa-furniture","9":"product_cat-modulair-stoom","10":"product_cat-shop","12":"first","13":"instock","14":"taxable","15":"shipping-taxable","16":"purchasable","17":"product-type-simple"},"acf":[],"_links":{"self":[{"href":"https:\/\/cleopatra.nl\/de\/wp-json\/wp\/v2\/product\/3364","targetHints":{"allow":["GET"]}}],"collection":[{"href":"https:\/\/cleopatra.nl\/de\/wp-json\/wp\/v2\/product"}],"about":[{"href":"https:\/\/cleopatra.nl\/de\/wp-json\/wp\/v2\/types\/product"}],"wp:featuredmedia":[{"embeddable":true,"href":"https:\/\/cleopatra.nl\/de\/wp-json\/wp\/v2\/media\/3918"}],"wp:attachment":[{"href":"https:\/\/cleopatra.nl\/de\/wp-json\/wp\/v2\/media?parent=3364"}],"wp:term":[{"taxonomy":"product_brand","embeddable":true,"href":"https:\/\/cleopatra.nl\/de\/wp-json\/wp\/v2\/product_brand?post=3364"},{"taxonomy":"product_cat","embeddable":true,"href":"https:\/\/cleopatra.nl\/de\/wp-json\/wp\/v2\/product_cat?post=3364"},{"taxonomy":"product_tag","embeddable":true,"href":"https:\/\/cleopatra.nl\/de\/wp-json\/wp\/v2\/product_tag?post=3364"}],"curies":[{"name":"wp","href":"https:\/\/api.w.org\/{rel}","templated":true}]}}