{"id":3365,"date":"2022-04-27T21:22:09","date_gmt":"2022-04-27T19:22:09","guid":{"rendered":"https:\/\/cleopatra.medialoods.com\/?post_type=product&#038;p=3365"},"modified":"2025-01-02T11:29:53","modified_gmt":"2025-01-02T10:29:53","slug":"u-shape-glass-cabine-2","status":"publish","type":"product","link":"https:\/\/cleopatra.nl\/de\/shop\/modulair-stoom\/glass-shapes-cabines\/u-shape-glass-cabine\/","title":{"rendered":"U-f\u00f6rmige Glaskabine"},"content":{"rendered":"<p><span data-contrast=\"auto\">Die Kleopatra U-f\u00f6rmige Brille<\/span><b><span data-contrast=\"auto\">Dampfbad<\/span><\/b><span data-contrast=\"auto\">und<\/span><b><span data-contrast=\"auto\">Wellness-Kabine<\/span><\/b><span data-contrast=\"auto\">ist ein moderner Dusch-, Dampf- und Wellnessraum mit viel Glas und einem minimalistischen Design. Die U-Form ist in einer Wandanordnung platziert.<\/span><span data-ccp-props=\"{&quot;201341983&quot;:0,&quot;335559738&quot;:100,&quot;335559739&quot;:200,&quot;335559740&quot;:276}\"> Nehmen Sie <a href=\"https:\/\/cleopatra.nl\/de\/contact\/\" target=\"_blank\" rel=\"noopener\">Kontakt<\/a> Kontaktieren Sie uns f\u00fcr weitere Informationen.<\/span><\/p>\n<h4><strong><br \/>\nOPTIONEN<\/strong><\/h4>\n<p>Farbe der Teile in Chrom, Edelstahloptik oder mattschwarz erh\u00e4ltlich (Standardfarbe ist\u00a0<strong>Chrom<\/strong>)<\/p>\n<p>Dachfarbe in Wei\u00df oder RAL-Farbe erh\u00e4ltlich (Standardfarbe ist\u00a0<strong>Wei\u00df<\/strong>)<\/p>\n<p>Farbe des Glases in Klar, Bronze oder Grau erh\u00e4ltlich (Standardfarbe ist\u00a0<strong>Klar<\/strong>)<\/p>\n<p><strong>(Andere Farben als die Standardfarben k\u00f6nnen auf Anfrage bestellt werden).<\/strong><\/p>\n<p>(Preis\u00a0<strong>ohne<\/strong>\u00a0Vermittlung und Beratung vor Ort).<\/p>\n<h4><strong><br \/>\nFEATURES<\/strong><\/h4>\n<p>- Variante Wand (U-Form).<br \/>\n- Glasscheiben mit schmalen Wandprofilen, standardm\u00e4\u00dfig verchromt.<br \/>\n- Luxusgriff, Scharniere und Bodenclips serienm\u00e4\u00dfig verchromt.<br \/>\n- Farbige Teile sind gegen Aufpreis in Edelstahloptik oder mattschwarz erh\u00e4ltlich.<br \/>\n- Kabinendesign: Dach und Glas gekoppelt.<br \/>\n- Glasfarben nach Wahl: klar, bronze oder grau.<br \/>\n- Flaches Dampfbaddach aus Isoliermaterial. Standardm\u00e4\u00dfig wei\u00df (RAL 9016) - Andere RAL-Farben m\u00f6glich.<\/p>\n<p>&nbsp;<\/p>\n<p><span data-contrast=\"auto\">Sie w\u00e4hlen die<strong>\u202f<a href=\"https:\/\/cleopatra.nl\/de\/shop\/?_product_categorieen=stoomtechniek-stoomtechniel-prive-shop\" target=\"_blank\" rel=\"noopener\">Dampferzeuger <\/a><\/strong><\/span><span data-contrast=\"auto\"><strong>\u202f<\/strong>(mit den dazugeh\u00f6rigen Wellness-Funktionen), die B\u00e4nke, die Dusche, die Beleuchtung und alle anderen Optionen, damit Sie eine Kabine ganz nach Ihren Bed\u00fcrfnissen gestalten k\u00f6nnen.<\/span><span data-ccp-props=\"{&quot;201341983&quot;:0,&quot;335559738&quot;:100,&quot;335559739&quot;:200,&quot;335559740&quot;:276}\">\u00a0<\/span><\/p>\n<p><span data-contrast=\"auto\">M\u00f6chten Sie die U-f\u00f6rmige Glaskabine Cleopatra sehen? Das k\u00f6nnen Sie in unserer<\/span><a href=\"https:\/\/cleopatra.nl\/de\/contact\/\" target=\"_blank\" rel=\"noopener\"><span data-contrast=\"none\">Ausstellungsraum<\/span><\/a><span data-contrast=\"auto\">in Zaandam.<\/span><\/p>\n<h4><strong><\/p>\n<p>ABMESSUNGEN UND AUSF\u00dcHRUNGEN DER DAMPF- UND WELLNESSKABINE<\/strong><\/h4>\n<p><span data-contrast=\"auto\">Die Glaskabine ist in den gew\u00fcnschten Abmessungen bis zu einem Maximum von 1800 x 1200 mm erh\u00e4ltlich. Die Standard-Au\u00dfenh\u00f6he der Kabine betr\u00e4gt 2250 mm; andere Abmessungen sind auf Anfrage m\u00f6glich.<\/span><span data-ccp-props=\"{&quot;201341983&quot;:0,&quot;335559738&quot;:100,&quot;335559739&quot;:200,&quot;335559740&quot;:276}\"> Es gibt zwei Versionen von U-f\u00f6rmigen Kabinen; die erste Version ist oben offen (das Dach ist direkt mit dem Glas verbunden), w\u00e4hrend die zweite Version das Dach und das Glas nicht verbindet. Bei der zweiten Version muss ein Riegel \u00fcber dem Glas angebracht werden (siehe Produktabbildung).<\/span><\/p>\n<h4><strong><\/p>\n<p>DAMPF- UND WELLNESSGENERATOR\u00a0<\/strong><\/h4>\n<p><span data-contrast=\"auto\">Cleopatra stellt seine eigenen Generatoren in seinem Werk in den Niederlanden her. F\u00fcr den Privatanwender bieten wir drei Modelle von externen Generatoren an: <a href=\"https:\/\/cleopatra.nl\/de\/shop\/?_product_categorieen=stoomtechniek-stoomtechniel-prive-shop\" target=\"_blank\" rel=\"noopener\">hier klicken<\/a>\u00a0<\/span><\/p>\n<p><span data-contrast=\"auto\">Neben einem externen Generator verf\u00fcgt die Cleopatra auch \u00fcber einen internen Dampfgenerator, die Backwall. Diese ist <\/span>ein \u00e4sthetisches System, um den Generator in oder an der Kabinenwand zu platzieren. Ein Generator au\u00dferhalb der Kabine spart Platz in der Kabine, erfordert aber einen kleinen Technikraum in der N\u00e4he der Kabine. <a href=\"https:\/\/cleopatra.nl\/de\/shop\/?_product_categorieen=stoomtechniek-stoomtechniek-prive\" target=\"_blank\" rel=\"noopener\">Klicken Sie hier<\/a> f\u00fcr weitere Informationen \u00fcber Backwall.<\/p>\n<h4><strong><\/p>\n<p>INSTALLATION VON DAMPF- UND WELLNESSKABINEN\u00a0<\/strong><\/h4>\n<p><span data-contrast=\"auto\">F\u00fcr eine problemlose Installation kann Cleopatra die Kabine ausmessen und eine Bestandsaufnahme Ihres Raumes machen. Gegen Aufpreis k\u00f6nnen wir Ihre Glaskabine auch installieren.<\/span><span data-ccp-props=\"{&quot;201341983&quot;:0,&quot;335559738&quot;:100,&quot;335559739&quot;:200,&quot;335559740&quot;:276}\">\u00a0<\/span><\/p>\n<p><span data-contrast=\"auto\">Diese Dienste sind nur in den Benelux-L\u00e4ndern verf\u00fcgbar.<\/span><span data-ccp-props=\"{&quot;201341983&quot;:0,&quot;335559738&quot;:100,&quot;335559739&quot;:200,&quot;335559740&quot;:276}\">\u00a0<\/span><\/p>\n<p><span data-contrast=\"auto\">M\u00f6chten Sie mehr erfahren?Dann werfen Sie einen Blick auf<a href=\"https:\/\/cleopatra.nl\/de\/contact\/\" target=\"_blank\" rel=\"noopener\"><em>\u202f<\/em><\/a><\/span><a href=\"https:\/\/cleopatra.nl\/de\/contact\/\" target=\"_blank\" rel=\"noopener\"><strong><em>Kontakt<\/em><\/strong><\/a><span data-contrast=\"auto\"><strong>\u202f<\/strong>mit uns.<\/span><span data-ccp-props=\"{&quot;201341983&quot;:0,&quot;335559738&quot;:100,&quot;335559739&quot;:200,&quot;335559740&quot;:276}\">\u00a0<\/span><\/p>\n<h4><strong><\/p>\n<p>B\u00c4NKE UND SITZE<\/strong><span data-ccp-props=\"{&quot;201341983&quot;:0,&quot;335559738&quot;:100,&quot;335559739&quot;:200,&quot;335559740&quot;:276}\">\u00a0<\/span><\/h4>\n<p><span data-contrast=\"auto\">Bei einer Glaskabine haben Sie die Wahl zwischen weichen B\u00e4nken, verfliesbaren B\u00e4nken oder Acrylb\u00e4nken.\u00a0<\/span><\/p>\n<h4><strong><br \/>\n<\/strong><strong>ANDERE KABINENOPTIONEN<\/strong><\/h4>\n<p>Entl\u00fcftungsventil.Ein unverzichtbares Bauteil zur Erzielung einer guten Dampfqualit\u00e4t.<\/p>\n<p>Beleuchtung im Dach des Dampfbads: Wahlweise wei\u00dfes Licht oder farbige Beleuchtung.<\/p>\n<p>Duschkopf: eine wunderbare Dusche! Ihre Kopfbrause der Marke Hansgrohe wird direkt in das Dach Ihrer Dampfdusche eingebaut.<\/p>\n<p>Dampfbad-Lautsprecher: im Dach des Dampfbads montiert; bringen Sie Ihre Musik ins Dampfbad!<\/p>\n<p>Es gibt viele M\u00f6glichkeiten, Ihre Kabine individuell zu gestalten. Deshalb beraten wir Sie gerne in unserem Ausstellungsraum in Zaandam. Sie k\u00f6nnen uns auch anrufen: +31 (0)75 647 8200 oder uns eine E-Mail schicken:<strong><em>\u202f<a href=\"mailto:sa***@*******ra.nl\" data-original-string=\"pgpSvAdPB+VYpyO8jr9TOw==9f1fgs+w0Z+RgVGDMQ3sO4qKXTleWML6lvP8aN\/faMOnUw=\" title=\"Dieser Kontakt wurde von Anti-Spam by CleanTalk verschl\u00fcsselt. Klicken Sie hier, um ihn zu entschl\u00fcsseln. Um die Entschl\u00fcsselung abzuschlie\u00dfen, stellen Sie sicher, dass JavaScript in Ihrem Browser aktiviert ist.\"><span \n                data-original-string='D8nfwys0as0yptw5SI0sng==9f1bIeRzQGH56E+cXLDrPNrtznSBA22SVPdtFQLV\/Q+01c='\n                class='apbct-email-encoder'\n                title='Dieser Kontakt wurde von Anti-Spam by CleanTalk verschl\u00fcsselt. Klicken Sie hier, um ihn zu entschl\u00fcsseln. Um die Entschl\u00fcsselung abzuschlie\u00dfen, stellen Sie sicher, dass JavaScript in Ihrem Browser aktiviert ist.'>sa<span class=\"apbct-blur\">***<\/span>@<span class=\"apbct-blur\">*******<\/span>ra.co.uk<\/span><\/a>\u00a0<\/em><\/strong><\/p>","protected":false},"excerpt":{"rendered":"<p>Die Kleopatra U-f\u00f6rmige Brille<strong>Dampfbad<\/strong>und<strong>Wellness-Kabine<\/strong>ist ein moderner Dusch-, Dampf- und Wellnessraum mit viel Glas und einem minimalistischen Design. Die U-Form ist in einer Wandanordnung platziert. Nehmen Sie <a href=\"https:\/\/cleopatra.nl\/de\/contact\/\" target=\"_blank\" rel=\"noopener\">Kontakt<\/a> Kontaktieren Sie uns f\u00fcr weitere Informationen.<\/p>","protected":false},"featured_media":3367,"template":"","format":"standard","meta":{"_acf_changed":false},"product_brand":[],"product_cat":[89,78,71],"product_tag":[],"class_list":{"0":"post-3365","1":"product","2":"type-product","3":"status-publish","4":"format-standard","5":"has-post-thumbnail","7":"product_cat-glass-shapes-cabines","8":"product_cat-modulair-stoom","9":"product_cat-shop","11":"first","12":"onbackorder","13":"taxable","14":"shipping-taxable","15":"purchasable","16":"product-type-simple"},"acf":[],"_links":{"self":[{"href":"https:\/\/cleopatra.nl\/de\/wp-json\/wp\/v2\/product\/3365","targetHints":{"allow":["GET"]}}],"collection":[{"href":"https:\/\/cleopatra.nl\/de\/wp-json\/wp\/v2\/product"}],"about":[{"href":"https:\/\/cleopatra.nl\/de\/wp-json\/wp\/v2\/types\/product"}],"wp:featuredmedia":[{"embeddable":true,"href":"https:\/\/cleopatra.nl\/de\/wp-json\/wp\/v2\/media\/3367"}],"wp:attachment":[{"href":"https:\/\/cleopatra.nl\/de\/wp-json\/wp\/v2\/media?parent=3365"}],"wp:term":[{"taxonomy":"product_brand","embeddable":true,"href":"https:\/\/cleopatra.nl\/de\/wp-json\/wp\/v2\/product_brand?post=3365"},{"taxonomy":"product_cat","embeddable":true,"href":"https:\/\/cleopatra.nl\/de\/wp-json\/wp\/v2\/product_cat?post=3365"},{"taxonomy":"product_tag","embeddable":true,"href":"https:\/\/cleopatra.nl\/de\/wp-json\/wp\/v2\/product_tag?post=3365"}],"curies":[{"name":"wp","href":"https:\/\/api.w.org\/{rel}","templated":true}]}}