{"id":3373,"date":"2022-04-27T21:25:17","date_gmt":"2022-04-27T19:25:17","guid":{"rendered":"https:\/\/cleopatra.medialoods.com\/?post_type=product&#038;p=3373"},"modified":"2026-04-27T14:35:43","modified_gmt":"2026-04-27T12:35:43","slug":"stoombad-venster-m1","status":"publish","type":"product","link":"https:\/\/cleopatra.nl\/de\/shop\/modulair-stoom\/stoom-deuren-vensters\/stoomvenster-m1\/","title":{"rendered":"Dampfbadfenster M1"},"content":{"rendered":"<p><span data-contrast=\"auto\">Die Kleopatra<\/span><b><span data-contrast=\"auto\">Fenster im Dampfbad<\/span><\/b><span data-contrast=\"auto\">M1 ist speziell f\u00fcr den Einsatz in privaten oder professionellen Dampfb\u00e4dern konzipiert. Das Hinzuf\u00fcgen eines Fensters in der Dampfkabine erh\u00f6ht die Transparenz und schafft einen r\u00e4umlichen Effekt.<\/span><span data-ccp-props=\"{&quot;201341983&quot;:0,&quot;335559738&quot;:100,&quot;335559739&quot;:200,&quot;335559740&quot;:276}\">\u00a0<\/span><\/p>\n<p><span data-contrast=\"auto\">Das M1-Dampfbadfenster ist mit 8 mm Sicherheitsglas ausgestattet.<\/span><span data-ccp-props=\"{&quot;201341983&quot;:0,&quot;335559738&quot;:100,&quot;335559739&quot;:200,&quot;335559740&quot;:276}\">\u00a0<\/span><\/p>\n<p><span data-contrast=\"auto\">Die Fenster k\u00f6nnen sowohl horizontal als auch vertikal montiert werden und sind in den folgenden 4 Gr\u00f6\u00dfen erh\u00e4ltlich:<\/span><span data-ccp-props=\"{&quot;201341983&quot;:0,&quot;335559738&quot;:100,&quot;335559739&quot;:200,&quot;335559740&quot;:276}\">\u00a0<\/span><\/p>\n<p><span data-contrast=\"auto\">500 x 1000 mm<\/span><span data-ccp-props=\"{&quot;201341983&quot;:0,&quot;335559738&quot;:100,&quot;335559739&quot;:200,&quot;335559740&quot;:276}\">\u00a0<\/span><\/p>\n<p><span data-contrast=\"auto\">500 x 1350 mm<\/span><span data-ccp-props=\"{&quot;201341983&quot;:0,&quot;335559738&quot;:100,&quot;335559739&quot;:200,&quot;335559740&quot;:276}\">\u00a0<\/span><\/p>\n<p><span data-contrast=\"auto\">500 x 1500 mm<\/span><span data-ccp-props=\"{&quot;201341983&quot;:0,&quot;335559738&quot;:100,&quot;335559739&quot;:200,&quot;335559740&quot;:276}\">\u00a0<\/span><\/p>\n<p><span data-contrast=\"auto\">500 x 2050 mm<\/span><span data-ccp-props=\"{&quot;201341983&quot;:0,&quot;335559738&quot;:100,&quot;335559739&quot;:200,&quot;335559740&quot;:276}\">\u00a0<\/span><\/p>\n<p><span data-contrast=\"auto\">Auch bei der Farbe des Glases gibt es eine Reihe von M\u00f6glichkeiten:<\/span><span data-ccp-props=\"{&quot;201341983&quot;:0,&quot;335559738&quot;:100,&quot;335559739&quot;:200,&quot;335559740&quot;:276}\">\u00a0<\/span><\/p>\n<ul>\n<li><span data-contrast=\"auto\">Transparent<\/span><span data-ccp-props=\"{&quot;201341983&quot;:0,&quot;335559738&quot;:100,&quot;335559739&quot;:200,&quot;335559740&quot;:276}\">\u00a0<\/span><\/li>\n<li><span data-contrast=\"auto\">Bronze<\/span><span data-ccp-props=\"{&quot;201341983&quot;:0,&quot;335559738&quot;:100,&quot;335559739&quot;:200,&quot;335559740&quot;:276}\">\u00a0<\/span><\/li>\n<li><span data-contrast=\"auto\">Grau<\/span><span data-ccp-props=\"{&quot;201341983&quot;:0,&quot;335559738&quot;:100,&quot;335559739&quot;:200,&quot;335559740&quot;:276}\">\u00a0<\/span><\/li>\n<\/ul>\n<p><strong>(Andere Farben als die Standardfarben k\u00f6nnen auf Anfrage bestellt werden).<\/strong><\/p>\n<p>(Preis\u00a0<strong>ohne<\/strong>\u00a0Vermittlung und Beratung vor Ort).<\/p>\n<p><span data-contrast=\"auto\">Haben Sie noch Fragen? Dann wenden Sie sich bitte an<\/span><a href=\"https:\/\/cleopatra.nl\/de\/contact\/\" target=\"_blank\" rel=\"noopener\"><span data-contrast=\"none\">Kontakt<\/span><\/a><span data-contrast=\"auto\">mit uns!<\/span><span data-ccp-props=\"{&quot;201341983&quot;:0,&quot;335559738&quot;:100,&quot;335559739&quot;:200,&quot;335559740&quot;:276}\">\u00a0<\/span><\/p>\n<p><span data-contrast=\"auto\">M\u00f6chten Sie dieses Produkt sehen? Sie sind willkommen in unserem<\/span><a href=\"https:\/\/cleopatra.nl\/de\/contact\/\" target=\"_blank\" rel=\"noopener\"><span data-contrast=\"none\">Ausstellungsraum<\/span><\/a><span data-contrast=\"auto\">in Zaandam!<\/span><\/p>\n<p>&nbsp;<\/p>\n<p><strong>MANUELL<\/strong><\/p>\n<p>Hier herunterladen <a href=\"https:\/\/cleopatra.nl\/wp-content\/uploads\/90118601-M1-venster-nl-en-de.pdf\">das Handbuch<\/a><\/p>","protected":false},"excerpt":{"rendered":"<p><span data-contrast=\"auto\">Die Kleopatra<\/span><b><span data-contrast=\"auto\">Fenster im Dampfbad<\/span><\/b><span data-contrast=\"auto\">M1 ist speziell f\u00fcr den Einsatz in privaten oder professionellen Dampfb\u00e4dern konzipiert. Das Hinzuf\u00fcgen eines Fensters in der Dampfkabine erh\u00f6ht die Transparenz und schafft einen r\u00e4umlichen Effekt.<\/span><span data-ccp-props=\"{&quot;201341983&quot;:0,&quot;335559738&quot;:100,&quot;335559739&quot;:200,&quot;335559740&quot;:276}\">\u00a0<\/span><\/p>","protected":false},"featured_media":3375,"template":"","format":"standard","meta":{"_acf_changed":false},"product_brand":[347],"product_cat":[92,78,71],"product_tag":[],"class_list":{"0":"post-3373","1":"product","2":"type-product","3":"status-publish","4":"format-standard","5":"has-post-thumbnail","7":"product_brand-cleopatra","8":"product_cat-stoom-deuren-vensters","9":"product_cat-modulair-stoom","10":"product_cat-shop","12":"first","13":"instock","14":"taxable","15":"shipping-taxable","16":"purchasable","17":"product-type-simple"},"acf":[],"_links":{"self":[{"href":"https:\/\/cleopatra.nl\/de\/wp-json\/wp\/v2\/product\/3373","targetHints":{"allow":["GET"]}}],"collection":[{"href":"https:\/\/cleopatra.nl\/de\/wp-json\/wp\/v2\/product"}],"about":[{"href":"https:\/\/cleopatra.nl\/de\/wp-json\/wp\/v2\/types\/product"}],"wp:featuredmedia":[{"embeddable":true,"href":"https:\/\/cleopatra.nl\/de\/wp-json\/wp\/v2\/media\/3375"}],"wp:attachment":[{"href":"https:\/\/cleopatra.nl\/de\/wp-json\/wp\/v2\/media?parent=3373"}],"wp:term":[{"taxonomy":"product_brand","embeddable":true,"href":"https:\/\/cleopatra.nl\/de\/wp-json\/wp\/v2\/product_brand?post=3373"},{"taxonomy":"product_cat","embeddable":true,"href":"https:\/\/cleopatra.nl\/de\/wp-json\/wp\/v2\/product_cat?post=3373"},{"taxonomy":"product_tag","embeddable":true,"href":"https:\/\/cleopatra.nl\/de\/wp-json\/wp\/v2\/product_tag?post=3373"}],"curies":[{"name":"wp","href":"https:\/\/api.w.org\/{rel}","templated":true}]}}