{"id":3963,"date":"2022-05-18T14:18:39","date_gmt":"2022-05-18T12:18:39","guid":{"rendered":"https:\/\/cleopatra.nl\/?post_type=product&#038;p=3963"},"modified":"2026-04-26T21:18:54","modified_gmt":"2026-04-26T19:18:54","slug":"infrarood-cabine-100-103x103cm","status":"publish","type":"product","link":"https:\/\/cleopatra.nl\/de\/shop\/modulair-stoom\/stoom-deuren-vensters\/stoomdeur-m1-kopie\/","title":{"rendered":"Infrarotkabine 100 | 103x103cm"},"content":{"rendered":"<p>Sch\u00f6ne, benutzerfreundliche 1-Personen-Infrarotkabine. Aufgrund ihrer kompakten Gr\u00f6\u00dfe kann diese Infrarotkabine in fast jedem Raum aufgestellt werden, z. B. in einem Schlafzimmer, Sportraum usw. Besuchen Sie <a href=\"https:\/\/cleopatra.nl\/de\/contact\/\" target=\"_blank\" rel=\"noopener\">Kontakt<\/a> Kontaktieren Sie uns f\u00fcr weitere Informationen.<\/p>\n<h4><strong><br \/>\nHOLZFARBE<\/strong><\/h4>\n<p style=\"text-align: left;\">Version Aspen - 84001100<br \/>\nVersion Aspen HT - 84001150<br \/>\nVersion Aspen HT dunkel - 84001160<\/p>\n<h4><strong><br \/>\nSTANDARDAUSF\u00dcHRUNG<\/strong><\/h4>\n<p>- Infrarotheizungen (dimmbar): 2 St\u00fcck (R\u00fccken und Waden) - 2 x 500W<br \/>\n- Ber\u00fchrungsbildschirm<br \/>\n- RGB-Farbbeleuchtung (inkl. automatischem Farbwechsel)<br \/>\n- Aluminiumt\u00fcrrahmen und -leiste in Anthrazit<\/p>\n<h4><strong><br \/>\nOPTIONAL<\/strong><\/h4>\n<p>- Sitzkissen<br \/>\n- Bluetooth-Musikmodul inkl. Lautsprecher<br \/>\n- Zus\u00e4tzliche Heizk\u00f6rper (2 St\u00fcck) - 2 x 500W<\/p>\n<h4><strong><br \/>\nABMESSUNGEN<\/strong><\/h4>\n<p>1030 x 1030 mm<\/p>\n<h4><strong><br \/>\nMEHR INFORMATIONEN\u00a0<\/strong><\/h4>\n<p><a href=\"https:\/\/cleopatra.nl\/de\/infrarood-cabines\/over-infraroodsaunas\/?_gl=1*npjp3w*_up*MQ..*_ga*NTQ5OTIxNjc0LjE3MTI1MDUzMDU.*_ga_GNYGLDV3HQ*MTcxMjUwOTY0NS4yLjAuMTcxMjUwOTY0NS4wLjAuMA..\">Vorteile von Infrarot<\/a><\/p>\n<h4><strong><br \/>\nKATALOG<\/strong><\/h4>\n<p>F\u00fcr den Katalog <a href=\"https:\/\/cleopatra.nl\/wp-content\/uploads\/CLEOPATRA-SAUNA-INFRAROOD-2023-NL.pdf\" target=\"_blank\" rel=\"noopener\">hier klicken<\/a>.<\/p>","protected":false},"excerpt":{"rendered":"<p>Sch\u00f6ne, benutzerfreundliche 1-Personen-Infrarotkabine. Aufgrund ihrer kompakten Gr\u00f6\u00dfe kann diese Infrarotkabine in fast jedem Raum aufgestellt werden, z. B. in einem Schlafzimmer, Sportraum usw. Besuchen Sie <a href=\"https:\/\/cleopatra.nl\/de\/contact\/\" target=\"_blank\" rel=\"noopener\">Kontakt<\/a> Kontaktieren Sie uns f\u00fcr weitere Informationen.<\/p>","protected":false},"featured_media":3994,"template":"","format":"standard","meta":{"_acf_changed":false},"product_brand":[347],"product_cat":[71,236,274],"product_tag":[],"class_list":{"0":"post-3963","1":"product","2":"type-product","3":"status-publish","4":"format-standard","5":"has-post-thumbnail","7":"product_brand-cleopatra","8":"product_cat-shop","9":"product_cat-infrarood-cabine","10":"product_cat-infrarood-cabines","12":"first","13":"onbackorder","14":"taxable","15":"shipping-taxable","16":"purchasable","17":"product-type-simple"},"acf":[],"_links":{"self":[{"href":"https:\/\/cleopatra.nl\/de\/wp-json\/wp\/v2\/product\/3963","targetHints":{"allow":["GET"]}}],"collection":[{"href":"https:\/\/cleopatra.nl\/de\/wp-json\/wp\/v2\/product"}],"about":[{"href":"https:\/\/cleopatra.nl\/de\/wp-json\/wp\/v2\/types\/product"}],"wp:featuredmedia":[{"embeddable":true,"href":"https:\/\/cleopatra.nl\/de\/wp-json\/wp\/v2\/media\/3994"}],"wp:attachment":[{"href":"https:\/\/cleopatra.nl\/de\/wp-json\/wp\/v2\/media?parent=3963"}],"wp:term":[{"taxonomy":"product_brand","embeddable":true,"href":"https:\/\/cleopatra.nl\/de\/wp-json\/wp\/v2\/product_brand?post=3963"},{"taxonomy":"product_cat","embeddable":true,"href":"https:\/\/cleopatra.nl\/de\/wp-json\/wp\/v2\/product_cat?post=3963"},{"taxonomy":"product_tag","embeddable":true,"href":"https:\/\/cleopatra.nl\/de\/wp-json\/wp\/v2\/product_tag?post=3963"}],"curies":[{"name":"wp","href":"https:\/\/api.w.org\/{rel}","templated":true}]}}