{"id":5748,"date":"2023-11-03T12:29:54","date_gmt":"2023-11-03T11:29:54","guid":{"rendered":"https:\/\/cleopatra.nl\/?post_type=product&#038;p=5748"},"modified":"2026-04-26T21:18:58","modified_gmt":"2026-04-26T19:18:58","slug":"spa-sauna-cushion","status":"publish","type":"product","link":"https:\/\/cleopatra.nl\/de\/shop\/sauna-accessoires\/overige-sauna-accessoires\/sauna-nekkussen-zacht-kopie\/","title":{"rendered":"Spa-Sauna-Kissen"},"content":{"rendered":"<h4><strong>SPA-SAUNA-KISSEN<\/strong><\/h4>\n<p>Dieses Kissen ist aus weichem Schaumstoff mit einer Silikonbeschichtung gefertigt. Wunderbar bequem, leicht zu reinigen und dauerhaft weich. Dieses Material ist hitzebest\u00e4ndig und wasserfest - ideal f\u00fcr die Sauna.<\/p>\n<p><strong>ABMESSUNGEN<\/strong><\/p>\n<p>2000 x 500 x 50 mm | RAL 7021 - anthrazit<\/p>\n<p>&nbsp;<\/p>\n<p><strong>REINIGUNGSHINWEISE<\/strong><\/p>\n<p>Klicken Sie hier: <a href=\"https:\/\/cleopatra.nl\/wp-content\/uploads\/Spa-furniture-GHL-90549020-DE-EN-NL.pdf\">Pflegehinweise f\u00fcr Spa-M\u00f6bel<\/a><\/p>\n<p>&nbsp;<\/p>\n<p><strong>FARBE<\/strong><\/p>\n<p>Auf Anfrage in anderen RAL-Farben erh\u00e4ltlich; m\u00f6chten Sie dieses Kissen in einer anderen Gr\u00f6\u00dfe erhalten? Bitte kontaktieren Sie uns.<\/p>\n<p>&nbsp;<\/p>\n<p><strong>MATERIALEIGENSCHAFTEN<\/strong><\/p>\n<p>Spa Furniture Beschichtung hat einige gro\u00dfartige Eigenschaften, wie zum Beispiel:<br \/>\n- Nur sehr wenige Chemikalien haben Auswirkungen auf die chemische Bindung von<br \/>\ndie Siliziummolek\u00fcle. Das bedeutet, dass fast kein Material an Silizium haftet. Sogar<br \/>\nKugelschreibermarkierungen k\u00f6nnen leicht von der Beschichtung entfernt werden.<br \/>\n- K\u00e4lte- und hitzebest\u00e4ndig. Die Siliziummolek\u00fcle sind zwischen -50 und +300 Grad Celsius stabil.<br \/>\n- Silizium ist ein sehr hautfreundliches Produkt. Die meisten Kosmetika wie Hautcremes, Lippenstift<br \/>\nusw. enthalten Silizium<br \/>\n- Silizium ist UV-best\u00e4ndig<br \/>\n- Das Silizium ist recycelbar<br \/>\n- Die Produkte von Spa Furniture f\u00fchlen sich sehr angenehm an, sind weich und sehr flexibel.<br \/>\n- F\u00fcr den Beschichtungsprozess werden keine fl\u00fcchtigen organischen Verbindungen (VOC) verwendet.<br \/>\n- Kleinere Sch\u00e4den k\u00f6nnen vor Ort repariert werden.<\/p>\n<p>&nbsp;<\/p>\n<p><strong>NACHHALTIG<\/strong><br \/>\nDie Beschichtung von Spa-M\u00f6beln besteht aus Silizium; das Rohmaterial f\u00fcr Silizium ist Sand. Sand ist leicht verf\u00fcgbar<br \/>\nan der Erdoberfl\u00e4che, so dass man nicht tief in den Boden bohren muss, um es zu erhalten, wie<br \/>\nzum Beispiel in Beschichtungen auf petrochemischer Basis wie Polyurethan. Bergbausilizium ist weniger<br \/>\nBelastung der nat\u00fcrlichen Ressourcen. Das bedeutet, dass f\u00fcr die Siliziumproduktion weniger Wasser ben\u00f6tigt wird,<br \/>\nRohstoff- und Energiebedarf im Vergleich zu PU- und PVC-Produkten.<\/p>\n<p>&nbsp;<\/p>\n<p><strong>BESONDERE ARBEIT<\/strong><br \/>\nZus\u00e4tzlich zu den Produkten aus dem Katalog ist es m\u00f6glich, individuelle Produkte herzustellen, sowohl in Bezug auf die Form<br \/>\nals Farbe. Dabei arbeiten wir eng mit Kunden, Architekten und Designern zusammen. Gemeinsam mit diesen<br \/>\nParteien formen wir Designideen zu einem Produkt, das von einer CNC-gesteuerten Maschine geschnitten werden kann.<br \/>\nSchaumstoffschneidemaschine.<br \/>\nNachdem der Schaumstoff nach den vereinbarten Spezifikationen zugeschnitten wurde, k\u00f6nnen wir mit der Beschichtung beginnen.<br \/>\nBei diesem Verfahren wird die Beschichtung manuell auf das offen strukturierte Schaumstoffst\u00fcck aufgetragen, um eine<br \/>\nerzeugen eine mechanische Haftung auf dem Schaumstoff. Diese Beschichtung versiegelt den Schaumstoff und bietet eine<br \/>\nflexible und weiche lederartige Haut.<\/p>\n<p>&nbsp;<\/p>\n<p><strong>EINZIGARTIGE MERKMALE<\/strong><br \/>\n- Nachhaltig<br \/>\n- Produktionsprozess ohne VOCs<br \/>\n- Wasser- und dampfbest\u00e4ndig<br \/>\n- K\u00e4lte- und hitzebest\u00e4ndig<br \/>\n- Leicht zu reinigen<br \/>\n- Sanfte Ber\u00fchrung<br \/>\n- UV-best\u00e4ndig<br \/>\n- Hohe Elastizit\u00e4t und dauerhafte Flexibilit\u00e4t<br \/>\n- Recycelbar<br \/>\n- Form und Farbe nach Kundenwunsch (RAL)<\/p>","protected":false},"excerpt":{"rendered":"<p>Dieses Kissen ist aus weichem Schaumstoff mit einer Silikonbeschichtung gefertigt. Wunderbar bequem, leicht zu reinigen und dauerhaft weich. Dieses Material ist hitzebest\u00e4ndig und wasserfest - ideal f\u00fcr die Sauna.<\/p>","protected":false},"featured_media":5747,"template":"","format":"standard","meta":{"_acf_changed":false},"product_brand":[347],"product_cat":[95,71,79,91],"product_tag":[],"class_list":{"0":"post-5748","1":"product","2":"type-product","3":"status-publish","4":"format-standard","5":"has-post-thumbnail","7":"product_brand-cleopatra","8":"product_cat-overige-sauna-accessoires","9":"product_cat-shop","10":"product_cat-sauna-accessoires","11":"product_cat-spa-furniture","13":"first","14":"instock","15":"taxable","16":"shipping-taxable","17":"purchasable","18":"product-type-simple"},"acf":[],"_links":{"self":[{"href":"https:\/\/cleopatra.nl\/de\/wp-json\/wp\/v2\/product\/5748","targetHints":{"allow":["GET"]}}],"collection":[{"href":"https:\/\/cleopatra.nl\/de\/wp-json\/wp\/v2\/product"}],"about":[{"href":"https:\/\/cleopatra.nl\/de\/wp-json\/wp\/v2\/types\/product"}],"wp:featuredmedia":[{"embeddable":true,"href":"https:\/\/cleopatra.nl\/de\/wp-json\/wp\/v2\/media\/5747"}],"wp:attachment":[{"href":"https:\/\/cleopatra.nl\/de\/wp-json\/wp\/v2\/media?parent=5748"}],"wp:term":[{"taxonomy":"product_brand","embeddable":true,"href":"https:\/\/cleopatra.nl\/de\/wp-json\/wp\/v2\/product_brand?post=5748"},{"taxonomy":"product_cat","embeddable":true,"href":"https:\/\/cleopatra.nl\/de\/wp-json\/wp\/v2\/product_cat?post=5748"},{"taxonomy":"product_tag","embeddable":true,"href":"https:\/\/cleopatra.nl\/de\/wp-json\/wp\/v2\/product_tag?post=5748"}],"curies":[{"name":"wp","href":"https:\/\/api.w.org\/{rel}","templated":true}]}}