{"id":6457,"date":"2024-01-05T12:45:27","date_gmt":"2024-01-05T11:45:27","guid":{"rendered":"https:\/\/cleopatra.nl\/?post_type=product&#038;p=6457"},"modified":"2026-04-26T21:18:58","modified_gmt":"2026-04-26T19:18:58","slug":"stoombad-melk-5-liter-eucamint-original","status":"publish","type":"product","link":"https:\/\/cleopatra.nl\/de\/shop\/bad-sauna-stoombad-geuren\/stoombad-melk-5-liter-eucamint-original\/","title":{"rendered":"Dampfbad Milch | 5 Liter | Eucamint (Original)"},"content":{"rendered":"<h2><strong>Kleopatra Dampfbad Milch<\/strong><\/h2>\n<p>Die Kleopatra\u00a0<strong>Dampfbadmilch<\/strong> sind hochwertige Parf\u00fcms, die sowohl von Privatpersonen als auch von Fachleuten verwendet werden. Die Dampfbadd\u00fcfte werden aus 100% reinem \u00e4therischem \u00d6l und duftstofffreien Hilfsstoffen hergestellt. Ideal f\u00fcr die Aromatherapie in einem Dampfbad oder Hammam. Dies ist eine<strong> Original<\/strong> Version - unverd\u00fcnnt und ebenfalls eine gesch\u00fctzte Rezeptur, die Cleopatra seit 40 Jahren vertreibt. Und man merkt es sofort - man braucht weniger Duft f\u00fcr ein perfektes Ergebnis. Der Zusatz von Milch ergibt eine wei\u00dfe Substanz.<\/p>\n<p>Eucamint milk ist ein intensiverer Duft als Eukalyptus, da es einen Hauch von Minze enth\u00e4lt. Herrlich f\u00fcr eine Abwechslung oder f\u00fcr den echten Liebhaber.<\/p>\n<p>Die Milch wird in einem 5-Liter-Fass geliefert.<\/p>\n<p>Dosierung: Mit Wasser verd\u00fcnnen (1 Teil Duftstoff auf 5 Teile Wasser).<\/p>\n<p>Haltbarkeitsdauer: 12 Monate.<\/p>","protected":false},"excerpt":{"rendered":"<p>Die Kleopatra\u00a0<strong>Dampfbadmilch<\/strong> sind hochwertige Parf\u00fcms, die sowohl von Privatpersonen als auch von Fachleuten verwendet werden. Die Dampfbadd\u00fcfte werden aus 100% reinem \u00e4therischem \u00d6l und duftstofffreien Hilfsstoffen hergestellt. Ideal f\u00fcr die Aromatherapie in einem Dampfbad oder Hammam. Dies ist eine<strong> Original<\/strong> Version - unverd\u00fcnnt und ebenfalls eine gesch\u00fctzte Rezeptur, die Cleopatra seit 40 Jahren vertreibt. Und man merkt es sofort - man braucht weniger Duft f\u00fcr ein perfektes Ergebnis. Der Zusatz von Milch ergibt eine wei\u00dfe Substanz.<\/p>","protected":false},"featured_media":3175,"template":"","format":"standard","meta":{"_acf_changed":false},"product_brand":[347],"product_cat":[77,71],"product_tag":[],"class_list":{"0":"post-6457","1":"product","2":"type-product","3":"status-publish","4":"format-standard","5":"has-post-thumbnail","7":"product_brand-cleopatra","8":"product_cat-bad-sauna-stoombad-geuren","9":"product_cat-shop","11":"first","12":"instock","13":"sale","14":"taxable","15":"shipping-taxable","16":"purchasable","17":"product-type-simple"},"acf":[],"_links":{"self":[{"href":"https:\/\/cleopatra.nl\/de\/wp-json\/wp\/v2\/product\/6457","targetHints":{"allow":["GET"]}}],"collection":[{"href":"https:\/\/cleopatra.nl\/de\/wp-json\/wp\/v2\/product"}],"about":[{"href":"https:\/\/cleopatra.nl\/de\/wp-json\/wp\/v2\/types\/product"}],"wp:featuredmedia":[{"embeddable":true,"href":"https:\/\/cleopatra.nl\/de\/wp-json\/wp\/v2\/media\/3175"}],"wp:attachment":[{"href":"https:\/\/cleopatra.nl\/de\/wp-json\/wp\/v2\/media?parent=6457"}],"wp:term":[{"taxonomy":"product_brand","embeddable":true,"href":"https:\/\/cleopatra.nl\/de\/wp-json\/wp\/v2\/product_brand?post=6457"},{"taxonomy":"product_cat","embeddable":true,"href":"https:\/\/cleopatra.nl\/de\/wp-json\/wp\/v2\/product_cat?post=6457"},{"taxonomy":"product_tag","embeddable":true,"href":"https:\/\/cleopatra.nl\/de\/wp-json\/wp\/v2\/product_tag?post=6457"}],"curies":[{"name":"wp","href":"https:\/\/api.w.org\/{rel}","templated":true}]}}