{"id":6745,"date":"2024-04-06T14:40:19","date_gmt":"2024-04-06T12:40:19","guid":{"rendered":"https:\/\/cleopatra.nl\/?post_type=product&#038;p=6745"},"modified":"2026-04-27T13:40:56","modified_gmt":"2026-04-27T11:40:56","slug":"backwall-steam-one-2","status":"publish","type":"product","link":"https:\/\/cleopatra.nl\/de\/shop\/backwall-steam-one\/","title":{"rendered":"R\u00fcckwand Dampf Eins"},"content":{"rendered":"<h3><strong>INNENDAMPFTECHNIK<\/strong><\/h3>\n<p>Die Cleopatra BackWall Steam One ist ein installationsfreundliches System, das die einfache Installation eines <strong>Dampf- oder Wellnessgenerator in der Dampfkabine<\/strong>\u00a0montiert werden k\u00f6nnen.<\/p>\n<p>Die BackWall besteht aus einem verstellbaren Aluminiumrahmen, in dem alle Dampfkomponenten vormontiert sind. Nach dem Anschluss an Wasser und Strom ist die BackWall bereit zum Verfliesen. Die BackWall kann gegen oder b\u00fcndig mit der Wand aufgestellt werden. Auf diese Weise wird der Dampfgenerator vollst\u00e4ndig in Ihr Dampfbad integriert. F\u00fcr eine optimale Abdichtung ist die BackWall mit einem attraktiven Servicepaneel ausgestattet, das mit einer Glasabdeckung versehen ist. Diese Glasplatte ist in den Farben Wei\u00df, Grau oder Anthrazit erh\u00e4ltlich.<\/p>\n<p>Die Zeichnungen und weitere Informationen \u00fcber die Cleopatra BackWall Steam finden Sie in der BackWall-Brosch\u00fcre am Ende dieser Produktbeschreibung.<\/p>\n<p>M\u00f6chten Sie auch eine Dusche in Ihrer Kabine? Dann ist die BackWall Steam &amp; Shower genau das Richtige f\u00fcr Sie. Klicken Sie auf\u00a0<a href=\"https:\/\/cleopatra.nl\/de\/stoomtechniek\/backwall-steam\/\">hier<\/a>\u00a0f\u00fcr weitere Informationen.<\/p>\n<h4><strong><br \/>\nDAMPFERZEUGER<\/strong><\/h4>\n<p>Die\u00a0<a href=\"https:\/\/cleopatra.nl\/de\/cleopatra-stoomgenerator-cleo-steam-one.html\/\">Cleo Steam One<\/a>: Bietet alle Funktionen, die man von einem modernen Dampfgenerator erwartet. Zuverl\u00e4ssig, einfach und leicht zu warten. Was k\u00f6nnen Sie von der Steam One erwarten?<\/p>\n<ul>\n<li>Gut kontrollierter Dampfprozess durch Temperaturf\u00fchler und Sicherheitssensor.  Sobald die Temperatur 48 Grad Celsius erreicht, wird die Dampfproduktion eingestellt. Wenn die Temperatur wieder gesunken ist, beginnt die Dampfproduktion von neuem.<\/li>\n<li>Leicht zu bedienende Ber\u00fchrungstaste, die folgende Funktionen steuert: Dampf ein\/aus, wei\u00dfes Licht ein\/aus, Duft ein\/aus (wenn ein Duftspender mitbestellt wurde). Die Steuerung kann innerhalb oder au\u00dferhalb des Dampfbades angebracht werden.<\/li>\n<\/ul>\n<h4><strong><br \/>\nANMERKUNGEN<\/strong><\/h4>\n<ul>\n<li>Die erforderliche Leistung wird wie folgt berechnet: Kabinenl\u00e4nge x Breite x H\u00f6he x 1,25 = erforderliche kW(Leistung).<\/li>\n<li>Wir gehen hier davon aus, dass die Kabine vorschriftsm\u00e4\u00dfig isoliert ist und eine Innenh\u00f6he von max. 220 cm hat.<\/li>\n<li>Ab 4,5 kW ist Starkstrom (400 V) erforderlich.<\/li>\n<\/ul>\n<h4><strong><br \/>\nMANUELL<\/strong><\/h4>\n<p>Klicken Sie hier: <a href=\"https:\/\/cleopatra.nl\/wp-content\/uploads\/Backwall-installatie-handleiding-2022-r03-90548850-web.pdf\">R\u00fcckwand Dampf\u00a0<\/a><\/p>","protected":false},"excerpt":{"rendered":"<p>Die Cleopatra BackWall Steam One ist ein installationsfreundliches System, das die einfache Installation eines <strong>Dampf- oder Wellnessgenerator in der Dampfkabine<\/strong>\u00a0montiert werden k\u00f6nnen.<\/p>","protected":false},"featured_media":6806,"template":"","format":"standard","meta":{"_acf_changed":false},"product_brand":[347],"product_cat":[71,99,80],"product_tag":[],"class_list":{"0":"post-6745","1":"product","2":"type-product","3":"status-publish","4":"format-standard","5":"has-post-thumbnail","7":"product_brand-cleopatra","8":"product_cat-shop","9":"product_cat-stoomtechniek-stoomtechniek-prive","10":"product_cat-stoomtechniek-prive","12":"first","13":"instock","14":"taxable","15":"shipping-taxable","16":"purchasable","17":"product-type-simple"},"acf":[],"_links":{"self":[{"href":"https:\/\/cleopatra.nl\/de\/wp-json\/wp\/v2\/product\/6745","targetHints":{"allow":["GET"]}}],"collection":[{"href":"https:\/\/cleopatra.nl\/de\/wp-json\/wp\/v2\/product"}],"about":[{"href":"https:\/\/cleopatra.nl\/de\/wp-json\/wp\/v2\/types\/product"}],"wp:featuredmedia":[{"embeddable":true,"href":"https:\/\/cleopatra.nl\/de\/wp-json\/wp\/v2\/media\/6806"}],"wp:attachment":[{"href":"https:\/\/cleopatra.nl\/de\/wp-json\/wp\/v2\/media?parent=6745"}],"wp:term":[{"taxonomy":"product_brand","embeddable":true,"href":"https:\/\/cleopatra.nl\/de\/wp-json\/wp\/v2\/product_brand?post=6745"},{"taxonomy":"product_cat","embeddable":true,"href":"https:\/\/cleopatra.nl\/de\/wp-json\/wp\/v2\/product_cat?post=6745"},{"taxonomy":"product_tag","embeddable":true,"href":"https:\/\/cleopatra.nl\/de\/wp-json\/wp\/v2\/product_tag?post=6745"}],"curies":[{"name":"wp","href":"https:\/\/api.w.org\/{rel}","templated":true}]}}