{"id":6760,"date":"2024-04-07T14:49:42","date_gmt":"2024-04-07T12:49:42","guid":{"rendered":"https:\/\/cleopatra.nl\/?post_type=product&#038;p=6760"},"modified":"2026-04-26T21:18:59","modified_gmt":"2026-04-26T19:18:59","slug":"wellpool-soft-406-160x75cm-161","status":"publish","type":"product","link":"https:\/\/cleopatra.nl\/de\/shop\/ligbaden-whirlpools\/wellpool-ligbaden\/wellpool-soft-406-160x75cm\/","title":{"rendered":"WellPool Soft 406 | 160x75cm"},"content":{"rendered":"<h4>WELLPOOL SOFT 406 | 160 x 75 cm<\/h4>\n<p>Die<strong>\u00a0Kleopatra<\/strong>\u00a0<b>Bad<\/b>\u00a0WellPool<sup>TM<\/sup>\u00a0Soft ist eine sch\u00f6ne und moderne Badewanne aus wei\u00dfem Acryl mit leicht abgerundeten Ecken. Die von Top-Designer Robert Bronwasser entwickelte WellPool-Wanne ist nicht nur sch\u00f6n, sondern auch sehr komfortabel und langlebig.<\/p>\n<p>M\u00f6chten Sie dieses Bad sehen oder erleben? Sie sind herzlich eingeladen, die Cleopatra zu besuchen\u00a0<a title=\"Cleopatra-Ausstellungsraum\" href=\"https:\/\/cleopatra.nl\/de\/contact\/\" target=\"_blank\" rel=\"noopener\">Ausstellungsraum<\/a> in Zaandam!<\/p>\n<p>&nbsp;<\/p>\n<p><strong>ABMESSUNGEN DER BADEWANNE<\/strong><\/p>\n<p>Die\u00a0<b>Bad<\/b>\u00a0WellPool<sup>TM<\/sup>\u00a0Soft ist in f\u00fcnf Gr\u00f6\u00dfen erh\u00e4ltlich:<\/p>\n<ul>\n<li>406: 1600 x 750 mm (Bodenma\u00df 1150 mm; Tiefe 510 mm)<\/li>\n<li>402: 1700 x 750 mm (Bodenma\u00df 1150 mm; Tiefe 510 mm)<\/li>\n<li>420: 1800 x 800 mm (Bodenma\u00df 1290 mm; Tiefe 510 mm)<\/li>\n<li>425: 1900 x 800 mm (Bodenma\u00df 1350 mm; Tiefe 510 mm)<\/li>\n<\/ul>\n<p>Am Ende dieser Produktbeschreibung finden Sie die Zeichnungen und die Montageanleitung f\u00fcr die Badewanne.<\/p>\n<p>Das Bad ist mit einer Reihe von Badewannen ausgestattet.<\/p>\n<p>Der \u00dcberlauf und der Abfluss m\u00fcssen separat bestellt werden (siehe entsprechende Produkte).<\/p>\n<p>Bei dieser hochwertigen Badewanne ist es m\u00f6glich, eine Badewannenrandarmatur &amp; Duschkombination zu installieren. \u00c4sthetisch und verhindert die Installation in den W\u00e4nden.<\/p>\n<p>&nbsp;<\/p>\n<p><strong>BADQUALIT\u00c4T<\/strong><\/p>\n<p>Die Qualit\u00e4t des Bades steht bei Cleopatra an erster Stelle. Ihr Bad wird jahrelang sch\u00f6n und wei\u00df bleiben, dank:<\/p>\n<ul>\n<li>Die 5 mm dicke Schicht aus reinem Acryl, auch an den Wannenr\u00e4ndern und<\/li>\n<li>Die robuste Bodenverst\u00e4rkung des Pools.<\/li>\n<\/ul>\n<p>&nbsp;<\/p>\n<p><strong>BAD-ACCESSOIRES<\/strong><\/p>\n<ul>\n<li><em>Cleoplus \u00dcberlauf- und Ablaufkombination.<\/em> Hochwertiges Produkt in verchromter Ausf\u00fchrung.<\/li>\n<\/ul>\n<ul>\n<li><em>Cleofill-Kombination.<\/em> Hochwertiges Produkt in verchromter Ausf\u00fchrung. Anstelle eines Wasserhahns wird die Badewanne \u00fcber eine \u00dcberlaufkombination bef\u00fcllt.<\/li>\n<\/ul>\n<ul>\n<li><em>Armaturen f\u00fcr Badewannen.<\/em>\u00a0Hochwertige Wannenarmaturen von Hansgrohe mit einer Auswahl an verschiedenen Modellen. Die Standardausf\u00fchrung ist Chrom, aber auch andere Ausf\u00fchrungen sind m\u00f6glich. Die Badewannenrandmischer werden in unserem Werk auf Ihre Badewanne montiert, so dass Ihre Badewanne einbaufertig ist!<\/li>\n<\/ul>\n<ul>\n<li><em>Handgriff.<\/em>\u00a0Formsch\u00f6ner Griff aus Chrom. So k\u00f6nnen Sie leichter und sicherer in die Badewanne ein- und aussteigen!<\/li>\n<\/ul>\n<ul>\n<li><em>Farbiges Licht.<\/em>\u00a0Hochwertige Badbeleuchtung mit zwei LED-Leuchten und einer Steuerung am Wannenrand.<\/li>\n<\/ul>\n<ul>\n<li><em>Nackenkissen.<\/em>\u00a0Bequemes Kissen, das sich der Form Ihres Kopfes anpasst. Unverzichtbar f\u00fcr den Badespa\u00df.<\/li>\n<\/ul>\n<ul>\n<li><em>Bade\u00f6le.<\/em>\u00a0Hautpflegend, sicher f\u00fcr das Acrylbad und in 7 k\u00f6stlichen D\u00fcften erh\u00e4ltlich.<\/li>\n<\/ul>\n<p>&nbsp;<\/p>\n<p><strong>WHIRLPOOLSYSTEM<\/strong><\/p>\n<p>Ein hochwertiges Whirlpoolsystem macht Ihr Bad noch angenehmer.<\/p>","protected":false},"excerpt":{"rendered":"<p>Die<strong>\u00a0Kleopatra<\/strong>\u00a0<b>Bad<\/b> WellPool Soft ist eine atemberaubende und moderne Badewanne aus wei\u00dfem Acryl mit leicht abgerundeten Ecken. Entwickelt von Top-Designer Robert Bronwasser, ist die WellPool-Badewanne nicht nur sch\u00f6n, sondern auch sehr komfortabel und langlebig.<\/p>","protected":false},"featured_media":3571,"template":"","format":"standard","meta":{"_acf_changed":false},"product_brand":[347],"product_cat":[86,76,71],"product_tag":[],"class_list":{"0":"post-6760","1":"product","2":"type-product","3":"status-publish","4":"format-standard","5":"has-post-thumbnail","7":"product_brand-cleopatra","8":"product_cat-wellpool-ligbaden","9":"product_cat-ligbaden-whirlpools","10":"product_cat-shop","12":"first","13":"instock","14":"taxable","15":"shipping-taxable","16":"purchasable","17":"product-type-simple"},"acf":[],"_links":{"self":[{"href":"https:\/\/cleopatra.nl\/de\/wp-json\/wp\/v2\/product\/6760","targetHints":{"allow":["GET"]}}],"collection":[{"href":"https:\/\/cleopatra.nl\/de\/wp-json\/wp\/v2\/product"}],"about":[{"href":"https:\/\/cleopatra.nl\/de\/wp-json\/wp\/v2\/types\/product"}],"wp:featuredmedia":[{"embeddable":true,"href":"https:\/\/cleopatra.nl\/de\/wp-json\/wp\/v2\/media\/3571"}],"wp:attachment":[{"href":"https:\/\/cleopatra.nl\/de\/wp-json\/wp\/v2\/media?parent=6760"}],"wp:term":[{"taxonomy":"product_brand","embeddable":true,"href":"https:\/\/cleopatra.nl\/de\/wp-json\/wp\/v2\/product_brand?post=6760"},{"taxonomy":"product_cat","embeddable":true,"href":"https:\/\/cleopatra.nl\/de\/wp-json\/wp\/v2\/product_cat?post=6760"},{"taxonomy":"product_tag","embeddable":true,"href":"https:\/\/cleopatra.nl\/de\/wp-json\/wp\/v2\/product_tag?post=6760"}],"curies":[{"name":"wp","href":"https:\/\/api.w.org\/{rel}","templated":true}]}}