{"id":6771,"date":"2024-04-07T15:31:31","date_gmt":"2024-04-07T13:31:31","guid":{"rendered":"https:\/\/cleopatra.nl\/?post_type=product&#038;p=6771"},"modified":"2026-04-27T10:03:10","modified_gmt":"2026-04-27T08:03:10","slug":"antonia-920-190x90cm-191","status":"publish","type":"product","link":"https:\/\/cleopatra.nl\/de\/shop\/ligbaden-whirlpools\/trendy-ergonomische-ligbaden\/antonia-920-190x90cm\/","title":{"rendered":"Antonia 920 | 190x90cm"},"content":{"rendered":"<h4>ERGONOMISCHES LIGABAD ANTONIA 920 | 190x90cm<\/h4>\n<p>Die\u00a0<strong>Ergonomisches Bad<\/strong>\u00a0Antonia wurde sorgf\u00e4ltig entworfen (in Zusammenarbeit mit dem Top-Designer\u00a0<a title=\"cleopatra und van berlo studios\" href=\"https:\/\/vanberlo.nl\/\" target=\"_blank\" rel=\"noopener noreferrer nofollow\">A. van Berlo<\/a>), um optimalen Komfort und Sch\u00f6nheit in einem zu vereinen. Das Ergebnis ist ein luxuri\u00f6ses Bad mit glatten Linien, in dem man v\u00f6llig entspannt liegen kann.<\/p>\n<p>In dem sch\u00f6nen Bad Antonia:<\/p>\n<ul>\n<li>Der gesamte K\u00f6rper (auch der von gro\u00dfen Menschen) ist untergetaucht;<\/li>\n<li>Der R\u00fccken wird durch eine schr\u00e4ge R\u00fcckenlehne gut gest\u00fctzt;<\/li>\n<li>Die Beine werden vom Wannenboden getragen;<\/li>\n<li>Dank der Sitzform kann man nicht mehr nach unten sinken\/rutschen;<\/li>\n<li>Sie k\u00f6nnen leicht aus der Badewanne aufstehen, weil der Wannenboden erh\u00f6ht ist.<\/li>\n<\/ul>\n<div><\/div>\n<p>Die Badewanne Antonia hat eine Tiefe von mindestens 570 mm und zwei m\u00f6gliche Gr\u00f6\u00dfen:<\/p>\n<ul>\n<li>910: 1800x 800 mm<\/li>\n<li>920: 1900 x 900 mm<\/li>\n<\/ul>\n<p>Die Zeichnungen der Badewanne finden Sie am Ende dieser Produktbeschreibung.<\/p>\n<p>M\u00f6chten Sie die Antonia-Badewanne sehen oder erleben?  Sie sind herzlich willkommen im Cleopatra\u00a0<a href=\"https:\/\/cleopatra.nl\/de\/cleopatra-showroom\/\" target=\"_blank\" rel=\"noopener noreferrer\">Ausstellungsraum<\/a>\u00a0in Zaandam oder bei einer\u00a0<a href=\"https:\/\/cleopatra.nl\/de\/verkooppunten\/\" target=\"_blank\" rel=\"noopener noreferrer\">Sanit\u00e4tshaus<\/a>\u00a0in Ihrer Nachbarschaft!<\/p>\n<p>Die Badewanne wird mit einem Badewannenschalen-Set, einem Rahmen und einer \u00dcberlauf\/Leer-Kombination geliefert.<\/p>\n<p>Es ist m\u00f6glich, eine Badewannenrandarmatur und eine Duschkombination zu installieren. \u00c4sthetisch und verhindert die Installation in den W\u00e4nden.<\/p>\n<p>&nbsp;<\/p>\n<h4>Qualit\u00e4t der Badewanne<\/h4>\n<p>Die Qualit\u00e4t unserer Badewannen steht bei Cleopatra an erster Stelle. Dank der 6 mm dicken Acrylschicht und der robusten Bodenverst\u00e4rkung der Wannenr\u00e4nder bleibt Ihr Bad jahrelang sch\u00f6n und wei\u00df.<\/p>\n<p>Daher ist dieses Bad auch f\u00fcr den professionellen Einsatz, z.B. in Hotels und Spas, geeignet.<\/p>\n<p>&nbsp;<\/p>\n<h4>Zubeh\u00f6r f\u00fcr die Badewanne<\/h4>\n<ul>\n<li><em>Armaturen f\u00fcr Badewannen.<\/em>\u00a0Hochwertige Wannenarmaturen von Hansgrohe mit einer Auswahl an verschiedenen Modellen. Die Standardausf\u00fchrung ist Chrom, aber auch andere Ausf\u00fchrungen sind m\u00f6glich. Die Badewannenrandmischer werden in unserem Werk auf Ihre Badewanne montiert, so dass Ihre Badewanne einbaufertig ist!<\/li>\n<\/ul>\n<ul>\n<li><em>Handgriff.<\/em>\u00a0Formsch\u00f6ner Griff aus Chrom. So k\u00f6nnen Sie leichter und sicherer in die Badewanne ein- und aussteigen!<\/li>\n<\/ul>\n<ul>\n<li><em>Farbiges Licht.<\/em>\u00a0Hochwertige Badbeleuchtung mit zwei LED-Leuchten und einer Steuerung am Wannenrand.<\/li>\n<\/ul>\n<ul>\n<li><em>Nackenkissen.<\/em>\u00a0Bequemes Kissen, das sich der Form Ihres Kopfes anpasst. Unverzichtbar f\u00fcr den Badespa\u00df.<\/li>\n<\/ul>\n<ul>\n<li><em>Bade\u00f6le.<\/em>\u00a0Gruselig, sicher f\u00fcr die Badewanne und in 7 k\u00f6stlichen D\u00fcften erh\u00e4ltlich.<\/li>\n<\/ul>\n<p>&nbsp;<\/p>\n<div>\n<h4>Whirlpool-System<\/h4>\n<p>Ein hochwertiges Whirlpoolsystem macht Ihr Bad noch angenehmer.<\/p>\n<\/div>","protected":false},"excerpt":{"rendered":"<p>Die\u00a0<strong>Ergonomisches Bad<\/strong>\u00a0Antonia wurde sorgf\u00e4ltig entworfen (in Zusammenarbeit mit dem Top-Designer\u00a0<a title=\"cleopatra und van berlo studios\" href=\"https:\/\/vanberlo.nl\/\" target=\"_blank\" rel=\"noopener noreferrer nofollow\">A. van Berlo<\/a>), um optimalen Komfort und Sch\u00f6nheit in einem zu vereinen. Das Ergebnis ist ein luxuri\u00f6ses Bad mit glatten Linien, in dem man v\u00f6llig entspannt liegen kann.<\/p>","protected":false},"featured_media":3538,"template":"","format":"standard","meta":{"_acf_changed":false},"product_brand":[347],"product_cat":[83,76,71],"product_tag":[],"class_list":{"0":"post-6771","1":"product","2":"type-product","3":"status-publish","4":"format-standard","5":"has-post-thumbnail","7":"product_brand-cleopatra","8":"product_cat-ergonomische-ligbaden-luxus","9":"product_cat-ligbaden-whirlpools","10":"product_cat-shop","12":"first","13":"instock","14":"taxable","15":"shipping-taxable","16":"purchasable","17":"product-type-simple"},"acf":[],"_links":{"self":[{"href":"https:\/\/cleopatra.nl\/de\/wp-json\/wp\/v2\/product\/6771","targetHints":{"allow":["GET"]}}],"collection":[{"href":"https:\/\/cleopatra.nl\/de\/wp-json\/wp\/v2\/product"}],"about":[{"href":"https:\/\/cleopatra.nl\/de\/wp-json\/wp\/v2\/types\/product"}],"wp:featuredmedia":[{"embeddable":true,"href":"https:\/\/cleopatra.nl\/de\/wp-json\/wp\/v2\/media\/3538"}],"wp:attachment":[{"href":"https:\/\/cleopatra.nl\/de\/wp-json\/wp\/v2\/media?parent=6771"}],"wp:term":[{"taxonomy":"product_brand","embeddable":true,"href":"https:\/\/cleopatra.nl\/de\/wp-json\/wp\/v2\/product_brand?post=6771"},{"taxonomy":"product_cat","embeddable":true,"href":"https:\/\/cleopatra.nl\/de\/wp-json\/wp\/v2\/product_cat?post=6771"},{"taxonomy":"product_tag","embeddable":true,"href":"https:\/\/cleopatra.nl\/de\/wp-json\/wp\/v2\/product_tag?post=6771"}],"curies":[{"name":"wp","href":"https:\/\/api.w.org\/{rel}","templated":true}]}}