{"id":6814,"date":"2024-04-09T16:30:28","date_gmt":"2024-04-09T14:30:28","guid":{"rendered":"https:\/\/cleopatra.nl\/?post_type=product&#038;p=6814"},"modified":"2025-05-20T17:01:14","modified_gmt":"2025-05-20T15:01:14","slug":"wellness-shower-6-verbruiker-2","status":"publish","type":"product","link":"https:\/\/cleopatra.nl\/de\/shop\/wellness-shower-6-verbruiker\/","title":{"rendered":"Wellness-Dusche | Basic 6"},"content":{"rendered":"<h3>WELLNESS-DUSCHE | BASIC 6<\/h3>\n<p>&nbsp;<\/p>\n<div id=\"text_block-17-2375\" class=\"ct-text-block archive_text_section_text\">\n<p>Die Wellness-Dusche kann an verschiedene Marken von Wasserh\u00e4hnen und Duschen angeschlossen werden. \u00dcber die Shower Deluxe-Steuerung k\u00f6nnen die verschiedenen Duschen aktiviert werden. Die Anzahl der Duschen bestimmt, wie viele Benutzer Sie an der Wellness-Dusche ben\u00f6tigen. Wenn Sie eine Dachdusche und Seitenbrausen bevorzugen, ist ein 4 Benutzer ausreichend. Wenn Sie mehrere Duschen steuern m\u00f6chten (Hand-, Seiten- und Dachdusche), dann ist die 6- oder 8-Benutzer-Version wahrscheinlich vorzuziehen. Stellen Sie sicher, dass der Druck und die Wassermenge (Durchflussmenge) im Voraus bekannt sind und das Wassermanagement entsprechend eingestellt ist. Die Wellness-Dusche ben\u00f6tigt immer ein separates Thermostatventil.<\/p>\n<p>Ansicht der <strong>Video<\/strong> Aus der Wellness-Dusche: <a href=\"https:\/\/cleopatra.nl\/de\/wellness-shower\/wellness-shower\/\" target=\"_blank\" rel=\"noopener\">hier klicken<\/a><\/p>\n<p><b><br \/>\nAUFW\u00c4RMFUNKTION<\/b><\/p>\n<p>Mit dieser Funktion wird das Rohrsystem 60 Sekunden lang gesp\u00fclt, wobei das kalte Wasser in den Rohren aus dem Rohrsystem gesp\u00fclt wird.<\/p>\n<p><b>FAN<\/b><br \/>\nDas Gebl\u00e4se ist in ein Rohr eingebaut und \u00fcber die Steuerung der Wellness-Dusche angeschlossen; so k\u00f6nnen Sie den Kondensatabzug automatisch \u00fcber das Display steuern.<\/p>\n<p><b>KALTES WASSER<\/b><\/p>\n<p>Diese Funktion liefert sofort kaltes Wasser durch eine der angeschlossenen Duschen. So k\u00f6nnen Sie sofort eine herrlich kalte Dusche genie\u00dfen.<\/p>\n<\/div>\n<div id=\"text_block-20-2375\" class=\"ct-text-block archive_text_section_text\"><b>ANDERE FUNKTIONEN<\/b><br \/>\nDie folgenden Duschen k\u00f6nnen \u00fcber das Display gesteuert werden.<br \/>\n- Dachdusche (bis zu 4 Strahlarten)<br \/>\n- Seitendusche (links getrennt von rechts)<br \/>\n- Handbrause<\/div>\n<div><\/div>\n<div class=\"ct-text-block archive_text_section_text\"><b>FARBTHERAPIE<\/b><br \/>\nLichtspots f\u00fcr das Dach oder eine LED-Leiste f\u00fcr die Wand, eine Nische oder unter einer Bank. Diese Leuchten werden einfach \u00fcber den Shower Deluxe-Controller bedient. Automatische Rotation der Farben, Dimmen und Wei\u00dflichtmodus.<\/div>\n<div><\/div>\n<div class=\"ct-text-block archive_text_section_text\"><b>TONMODUL<\/b><br \/>\nSpielen Sie Ihre Lieblingsmusik unter der Dusche ab. Stellen Sie einfach eine Verbindung \u00fcber Bluetooth her und steuern Sie dann Lautst\u00e4rke, Wiedergabe und Titelauswahl \u00fcber das Display. Die Lautsprecher sind wasserdicht und k\u00f6nnen auf dem Dach platziert werden.<\/div>\n<div><\/div>\n<div class=\"ct-text-block archive_text_section_text\"><b>DOUCHEDAK<\/b><br \/>\nIm Duschdach k\u00f6nnen die verschiedenen Optionen ab Werk eingebaut werden. Das Dach kann auch in verschiedenen RAL-Farben geliefert werden. Das Dach wird mit Abschlussleisten und Montagematerial geliefert.<\/div>\n<div><\/div>\n<div><strong>LIEFERUNG<\/strong><\/div>\n<div>- Display inkl. Einbaugeh\u00e4use<\/div>\n<div>- Wellness-Dusche Anschlussblock 4 Benutzer<\/div>\n<div>- Elektronikbox<\/div>\n<p>BITTE BEACHTEN: Bei der Aquafun Wellness-Dusche Basic m\u00fcssen Sie Ihre eigenen Armaturen (Thermostat, Dachbrause usw.) mitbringen.<\/p>\n<p><strong><br \/>\nBROSCH\u00dcRE<\/strong><\/p>\n<div>F\u00fcr weitere Informationen <a href=\"https:\/\/cleopatra.nl\/wp-content\/uploads\/CLEOPATRA-WELLNESS-SHOWER-NL.pdf\">laden Sie die Brosch\u00fcre herunter.<\/a><\/div>\n<p><strong><br \/>\nMANUELL<\/strong><\/p>","protected":false},"excerpt":{"rendered":"<p>Die Wellness-Dusche kann an verschiedene Marken von Wasserh\u00e4hnen und Duschen angeschlossen werden. \u00dcber die Shower Deluxe-Steuerung k\u00f6nnen die verschiedenen Duschen aktiviert werden. Die Anzahl der Duschen bestimmt, wie viele Benutzer an der Wellness-Dusche erforderlich sind. Ansicht der <strong>Video<\/strong> Aus der Wellness-Dusche: <a href=\"https:\/\/cleopatra.nl\/de\/wellness-shower\/wellness-shower\/\" target=\"_blank\" rel=\"noopener\">hier klicken<\/a><\/p>","protected":false},"featured_media":6372,"template":"","format":"standard","meta":{"_acf_changed":false},"product_brand":[],"product_cat":[71,275],"product_tag":[],"class_list":{"0":"post-6814","1":"product","2":"type-product","3":"status-publish","4":"format-standard","5":"has-post-thumbnail","7":"product_cat-shop","8":"product_cat-wellness-shower","10":"first","11":"instock","12":"taxable","13":"shipping-taxable","14":"purchasable","15":"product-type-simple"},"acf":[],"_links":{"self":[{"href":"https:\/\/cleopatra.nl\/de\/wp-json\/wp\/v2\/product\/6814","targetHints":{"allow":["GET"]}}],"collection":[{"href":"https:\/\/cleopatra.nl\/de\/wp-json\/wp\/v2\/product"}],"about":[{"href":"https:\/\/cleopatra.nl\/de\/wp-json\/wp\/v2\/types\/product"}],"wp:featuredmedia":[{"embeddable":true,"href":"https:\/\/cleopatra.nl\/de\/wp-json\/wp\/v2\/media\/6372"}],"wp:attachment":[{"href":"https:\/\/cleopatra.nl\/de\/wp-json\/wp\/v2\/media?parent=6814"}],"wp:term":[{"taxonomy":"product_brand","embeddable":true,"href":"https:\/\/cleopatra.nl\/de\/wp-json\/wp\/v2\/product_brand?post=6814"},{"taxonomy":"product_cat","embeddable":true,"href":"https:\/\/cleopatra.nl\/de\/wp-json\/wp\/v2\/product_cat?post=6814"},{"taxonomy":"product_tag","embeddable":true,"href":"https:\/\/cleopatra.nl\/de\/wp-json\/wp\/v2\/product_tag?post=6814"}],"curies":[{"name":"wp","href":"https:\/\/api.w.org\/{rel}","templated":true}]}}