{"id":6830,"date":"2024-04-10T16:28:15","date_gmt":"2024-04-10T14:28:15","guid":{"rendered":"https:\/\/cleopatra.nl\/?post_type=product&#038;p=6830"},"modified":"2026-04-26T22:29:53","modified_gmt":"2026-04-26T20:29:53","slug":"stoominlaat-glas-compleet","status":"publish","type":"product","link":"https:\/\/cleopatra.nl\/de\/shop\/modulair-stoom\/opties-specificaties\/stoominlaat-glas-compleet\/","title":{"rendered":"Dampfeingangsglas | komplett"},"content":{"rendered":"<p>Dieser Dampfeinlass besteht aus Sicherheitsglas und ist hochtemperaturbest\u00e4ndig. Erh\u00e4ltlich in drei Standardfarben: wei\u00df RAL 9016, grau RAL 7042, anthrazit 7021. Andere Farben sind auf Anfrage und gegen Aufpreis erh\u00e4ltlich. Dieser Dampfeinlass bietet einen wirksamen Schutz vor Verbrennungen und Unachtsamkeit.<\/p>\n<p>&nbsp;<\/p>\n<h4>UMSETZUNG<\/h4>\n<p>Das Dampfeinlassglas besteht komplett aus:<\/p>\n<ul>\n<li>Hintere Glasscheibe<\/li>\n<li>Glasplatte f\u00fcr<\/li>\n<li>Verschlussset<\/li>\n<\/ul>\n<p>&nbsp;<\/p>\n<p><strong>MANUELL<\/strong><\/p>\n<p>Weitere Informationen \u00fcber die <a href=\"https:\/\/cleopatra.nl\/wp-content\/uploads\/90955420-Stoominlaat-glas.pdf\">Dampfeintrittsglas<\/a><\/p>\n<p>&nbsp;<\/p>\n<p><strong>FEATURES<\/strong><\/p>\n<p>Het direct blootstellen van de stoominlaat in een stoomcabine is geen goed idee\u2014dat is vragen om ongelukken. Het afschermen van de stoominlaat met een glasplaat is daarom niet alleen slim, maar eigenlijk noodzakelijk.<\/p>\n<p><strong>Voorkomen van verbranding<\/strong><br \/>\nDe stoom die uit de generator komt, kan extreem heet zijn. Direct contact kan leiden tot ernstige brandwonden. Een glasplaat fungeert als fysieke barri\u00e8re, zodat gebruikers niet per ongeluk in aanraking komen met de hete stoomstroom.<\/p>\n<p><strong>Gelijkmatige verspreiding van stoom<\/strong><br \/>\nWanneer de stoom tegen een glasplaat wordt geleid, wordt deze eerst \u201cgebroken\u201d en verspreid. Hierdoor komt de stoom minder geconcentreerd de cabine in en wordt de temperatuur gelijkmatiger verdeeld. Dit verhoogt het comfort aanzienlijk.<\/p>\n<p><strong>Verbeterde veiligheid in gebruik<\/strong><br \/>\nIn een vochtige en vaak gladde omgeving zoals een stoomcabine is de kans groter dat iemand uitglijdt of zich onbedoeld tegen onderdelen stoot. Een afgeschermde stoominlaat vermindert het risico op direct contact met hete onderdelen.<\/p>\n<p><strong>Bescherming van componenten<\/strong><br \/>\nDe glasplaat beschermt ook de technische onderdelen van de stoominlaat tegen vuil, kalkaanslag en directe waterbelasting. Dit helpt om de levensduur van het systeem te verlengen en storingen te voorkomen.<\/p>\n<p><strong>Hygi\u00ebnischer en makkelijker schoon te maken<\/strong><br \/>\nEen gladde glasplaat is eenvoudiger schoon te houden dan een open inlaat met technische onderdelen. Dit draagt bij aan een betere hygi\u00ebne in de cabine.<\/p>\n<p>Kortom, het plaatsen van een glasplaat voor de stoominlaat verhoogt de veiligheid, verbetert het comfort en draagt bij aan een duurzamere en hygi\u00ebnischere werking van de stoomcabine.<\/p>","protected":false},"excerpt":{"rendered":"<p>Dieser Dampfeinlass besteht aus Sicherheitsglas und ist hochtemperaturbest\u00e4ndig. Erh\u00e4ltlich in drei Standardfarben: wei\u00df RAL 9016, grau RAL 7042, anthrazit 7021. Andere Farben sind auf Anfrage und gegen Aufpreis erh\u00e4ltlich. Dieser Dampfeinlass bietet einen wirksamen Schutz vor Verbrennungen und Unachtsamkeit.<\/p>","protected":false},"featured_media":6163,"template":"","format":"standard","meta":{"_acf_changed":false},"product_brand":[347],"product_cat":[90,78,71],"product_tag":[],"class_list":{"0":"post-6830","1":"product","2":"type-product","3":"status-publish","4":"format-standard","5":"has-post-thumbnail","7":"product_brand-cleopatra","8":"product_cat-opties-specificaties","9":"product_cat-modulair-stoom","10":"product_cat-shop","12":"first","13":"instock","14":"taxable","15":"shipping-taxable","16":"purchasable","17":"product-type-simple"},"acf":[],"_links":{"self":[{"href":"https:\/\/cleopatra.nl\/de\/wp-json\/wp\/v2\/product\/6830","targetHints":{"allow":["GET"]}}],"collection":[{"href":"https:\/\/cleopatra.nl\/de\/wp-json\/wp\/v2\/product"}],"about":[{"href":"https:\/\/cleopatra.nl\/de\/wp-json\/wp\/v2\/types\/product"}],"wp:featuredmedia":[{"embeddable":true,"href":"https:\/\/cleopatra.nl\/de\/wp-json\/wp\/v2\/media\/6163"}],"wp:attachment":[{"href":"https:\/\/cleopatra.nl\/de\/wp-json\/wp\/v2\/media?parent=6830"}],"wp:term":[{"taxonomy":"product_brand","embeddable":true,"href":"https:\/\/cleopatra.nl\/de\/wp-json\/wp\/v2\/product_brand?post=6830"},{"taxonomy":"product_cat","embeddable":true,"href":"https:\/\/cleopatra.nl\/de\/wp-json\/wp\/v2\/product_cat?post=6830"},{"taxonomy":"product_tag","embeddable":true,"href":"https:\/\/cleopatra.nl\/de\/wp-json\/wp\/v2\/product_tag?post=6830"}],"curies":[{"name":"wp","href":"https:\/\/api.w.org\/{rel}","templated":true}]}}