{"id":6860,"date":"2024-04-13T11:05:35","date_gmt":"2024-04-13T09:05:35","guid":{"rendered":"https:\/\/cleopatra.nl\/?post_type=product&#038;p=6860"},"modified":"2025-01-02T11:29:08","modified_gmt":"2025-01-02T10:29:08","slug":"tanami-line-200x200cm-201","status":"publish","type":"product","link":"https:\/\/cleopatra.nl\/de\/shop\/saunas\/tanami-line\/tanami-line-200x200cm\/","title":{"rendered":"Tanami Linie | 200x200cm"},"content":{"rendered":"<h3><strong>TANAMI LINE SAUNA | 200x200cm<\/strong><\/h3>\n<p>Die\u00a0<strong>Kleopatra-Sauna<\/strong> Tanami, in Espenholzoptik, ist einfach eine Augenweide. Durch die Verwendung von viel Glas an der Vorderseite f\u00fcgt sich die Sauna in Ihr Interieur ein. Mehrere Details machen die Tanami-Sauna besonders elegant: die raffinierten Espengitter der B\u00e4nke, der R\u00fcckenlehnen und des Saunaofengestells sowie die \u00fcbrigen Innenw\u00e4nde aus Espenbrettern und die sanfte Eckbeleuchtung. F\u00fcr diese Saunalinie wurden die Holzarten sehr sorgf\u00e4ltig ausgew\u00e4hlt; die Sauna wird mit einem Harvia Wall-Saunaofen beheizt. Dieser ist einfach zu bedienen und sehr zuverl\u00e4ssig, so dass Sie die Sauna jahrelang genie\u00dfen k\u00f6nnen.<\/p>\n<p>&nbsp;<\/p>\n<h4><strong>ANMERKUNG<\/strong><\/h4>\n<p>Dies ist eine Paneelsauna, die einfach zu montieren ist. Bitte beachten Sie, dass die Seiten und die R\u00fcckseite fertiggestellt werden m\u00fcssen: Es handelt sich um eine Einbaukabine. F\u00fcr freistehende Saunakabinen k\u00f6nnen Sie die massiven Saunakabinen von Cleopatra w\u00e4hlen.<\/p>\n<p>&nbsp;<\/p>\n<h4><strong>BESONDERE ARBEIT<\/strong><\/h4>\n<p>Nat\u00fcrlich sind auch Sonderma\u00dfe m\u00f6glich; siehe <a title=\"Kontakt zu Cleopatra\" href=\"https:\/\/cleopatra.nl\/de\/contact-cleopatra\/\" target=\"_blank\" rel=\"noopener noreferrer\">Kontakt<\/a> kontaktieren Sie uns f\u00fcr weitere Informationen. Oder senden Sie uns per E-Mail eine Zeichnung mit den Abmessungen und dem gew\u00fcnschten Design Ihrer Sauna.<\/p>\n<p>&nbsp;<\/p>\n<h4><strong>SAUNAFABRIK CLEOPATRA<\/strong><\/h4>\n<p>Die Cleopatra-Saunen werden in unserer eigenen Fabrik hergestellt. Das Holz, das Glas und andere Materialien, die in den Saunen verwendet werden, werden mit gro\u00dfer Sorgfalt ausgew\u00e4hlt. F\u00fcr die Materialien der Sauna gilt eine f\u00fcnfj\u00e4hrige Garantie, f\u00fcr den Saunaofen eine zweij\u00e4hrige Garantie. Die\u00a0<strong>Sauna<\/strong>\u00a0wird einschlie\u00dflich aller f\u00fcr die Installation erforderlichen Befestigungsmaterialien geliefert. Wir k\u00fcmmern uns gerne um die Installation (Installationspreis auf Anfrage). M\u00f6chten Sie Cleopatra-Saunen sehen und testen? Besuchen Sie uns doch in unserem\u00a0<a title=\"Kleopatra-Ausstellungsraum\" href=\"https:\/\/cleopatra.nl\/de\/cleopatra-showroom\/\" target=\"_blank\" rel=\"noopener noreferrer\">Ausstellungsraum<\/a>\u00a0Zaandam, um unsere sch\u00f6nen (Infrarot-)Saunen zu besichtigen und Ihre Pl\u00e4ne zu besprechen. In unserem Testbereich k\u00f6nnen Sie in aller Ruhe eine (Infrarot-)Sauna testen.<\/p>\n<p>&nbsp;<\/p>\n<h4><strong>MEHR INFORMATIONEN<\/strong><\/h4>\n<p>Klicken Sie hier f\u00fcr die <a href=\"https:\/\/cleopatra.nl\/de\/configurator\/tanami-basic\/?_gl=1*1qwtanj*_up*MQ..*_ga*NDE0ODc0MzM2LjE3MTI0OTgwNjY.*_ga_GNYGLDV3HQ*MTcxMjQ5ODA2My4xLjAuMTcxMjQ5ODA2My4wLjAuMA..\">Tanami-Konfigurator<\/a><\/p>\n<p>Klicken Sie hier f\u00fcr weitere Informationen <a href=\"https:\/\/cleopatra.nl\/de\/saunas\/tanami-line\/?_gl=1*azz1v2*_up*MQ..*_ga*MTIyMDI3MjU5MS4xNzEyNDk5MDcx*_ga_GNYGLDV3HQ*MTcxMjQ5OTA2OC4xLjAuMTcxMjQ5OTA2OC4wLjAuMA..\">Tanami Linie Saunen<\/a><\/p>\n<p>&nbsp;<\/p>\n<h4><strong>CHECKLISTE F\u00dcR DIE INSTALLATION DER SAUNA<\/strong><\/h4>\n<p>&nbsp;<\/p>\n<p>TECHNIKRAUM<\/p>\n<p>Beachten Sie, dass der Relaiskasten und die Bedienelemente der Sauna und der Infrarotkabine immer zug\u00e4nglich bleiben m\u00fcssen. Bringen Sie sie in einem Technikraum oder z. B. hinter einer Wartungsklappe auf dem Kabinendach an.<\/p>\n<p>BODEN &amp; ENTW\u00c4SSERUNG<\/p>\n<p>Unter der Saunat\u00fcr befindet sich eine kleine Aussparung, durch die Luft angesaugt wird. Stellen Sie keinen Abfluss in die Saunakabine; die Hitze trocknet den Abfluss aus. Achten Sie darauf, dass der Boden eben ist; ein unebener Boden f\u00fchrt zu Ma\u00dfabweichungen.<\/p>\n<p>Erforderliche technische R\u00fcckstellungen<\/p>\n<p>Die technische Ausstattung variiert von Sauna zu Sauna und Infrarotkabine. Zum Zeitpunkt der Angebotsabgabe\/Bestellung werden alle gew\u00fcnschten Einrichtungen angegeben.<\/p>\n<p>ELEKTRIZIT\u00c4TSVERSORGUNG<\/p>\n<p>Berechnung der Leistung des Saunaofens: Kabinenl\u00e4nge x Breite x H\u00f6he x 1,25.<\/p>\n<p>F\u00fcr einen Saunaofen bis 3,6 kW ist ein 230V-Anschluss ausreichend. Ab 4,5 kW ist 400V oder 2 x 230V erforderlich. Je nach gew\u00e4hltem Ofen und Beleuchtung muss festgelegt werden, ob die Beleuchtung vom Saunaofen gesteuert wird oder ob eine zweite Stromversorgung f\u00fcr die Beleuchtung erforderlich ist. Ein Trennschalter muss immer vorhanden sein. Wir beraten Sie gerne dazu.<\/p>\n<p>HYGIENE UND WARTUNG<\/p>\n<p>Die Verwendung eines Handtuchs verhindert, dass Schwei\u00dftropfen auf Ihre B\u00e4nke fallen. Zur Erhaltung Ihres Ofens: Bei regelm\u00e4\u00dfiger privater Nutzung sollten Sie Ihre Saunasteine alle paar Jahre austauschen, sie nicht in den Ofen stopfen und keinen Haufen hoch oben auf den Ofen legen.<\/p>\n<p>GARANTIE<\/p>\n<p>Bei normaler privater Nutzung 2 Jahre f\u00fcr die Kabine, ausgenommen Glast\u00fcren\/Fenster und Lampen. Saunaofen und Elektronik 2 Jahre, mit Ausnahme der Heizelemente, da deren Lebensdauer stark davon abh\u00e4ngt, wie der Ofen behandelt wird.<\/p>\n<p>&nbsp;<\/p>\n<h4>MANUELL<\/h4>\n<p>Klicken Sie hier <a href=\"https:\/\/cleopatra.nl\/wp-content\/uploads\/Montage-instructies-Sauna-90548862.pdf?_gl=1*1ybeje3*_up*MQ..*_ga*MTcyNjU2ODEyMC4xNzEyNTA0OTEw*_ga_GNYGLDV3HQ*MTcxMjUwNDkwNy4xLjAuMTcxMjUwNDkwNy4wLjAuMA..\">Installationshandbuch Sauna<\/a><\/p>\n<p>&nbsp;<\/p>","protected":false},"excerpt":{"rendered":"<p>TANAMI LINE SAUNA | 200x200cm De\u00a0Cleopatra sauna Tanami, in uitvoering Espen, is simpelweg een lust voor het oog. Door het gebruik van veel glas aan de voorzijde wordt de sauna een geheel met uw interieur. Meerdere details maken de Tanami sauna bijzonder elegant: de verfijnde roosters uit Espen van de banken, rugleuningen en saunakachelrek en [&hellip;]<\/p>\n","protected":false},"featured_media":6076,"template":"","format":"standard","meta":{"_acf_changed":false},"product_brand":[],"product_cat":[272],"product_tag":[],"class_list":{"0":"post-6860","1":"product","2":"type-product","3":"status-publish","4":"format-standard","5":"has-post-thumbnail","7":"product_cat-tanami-line","9":"first","10":"onbackorder","11":"taxable","12":"shipping-taxable","13":"purchasable","14":"product-type-simple"},"acf":[],"_links":{"self":[{"href":"https:\/\/cleopatra.nl\/de\/wp-json\/wp\/v2\/product\/6860","targetHints":{"allow":["GET"]}}],"collection":[{"href":"https:\/\/cleopatra.nl\/de\/wp-json\/wp\/v2\/product"}],"about":[{"href":"https:\/\/cleopatra.nl\/de\/wp-json\/wp\/v2\/types\/product"}],"wp:featuredmedia":[{"embeddable":true,"href":"https:\/\/cleopatra.nl\/de\/wp-json\/wp\/v2\/media\/6076"}],"wp:attachment":[{"href":"https:\/\/cleopatra.nl\/de\/wp-json\/wp\/v2\/media?parent=6860"}],"wp:term":[{"taxonomy":"product_brand","embeddable":true,"href":"https:\/\/cleopatra.nl\/de\/wp-json\/wp\/v2\/product_brand?post=6860"},{"taxonomy":"product_cat","embeddable":true,"href":"https:\/\/cleopatra.nl\/de\/wp-json\/wp\/v2\/product_cat?post=6860"},{"taxonomy":"product_tag","embeddable":true,"href":"https:\/\/cleopatra.nl\/de\/wp-json\/wp\/v2\/product_tag?post=6860"}],"curies":[{"name":"wp","href":"https:\/\/api.w.org\/{rel}","templated":true}]}}