{"id":6893,"date":"2024-04-13T14:55:56","date_gmt":"2024-04-13T12:55:56","guid":{"rendered":"https:\/\/cleopatra.nl\/?post_type=product&#038;p=6893"},"modified":"2026-04-26T21:18:53","modified_gmt":"2026-04-26T19:18:53","slug":"cleo-vital-pro-2","status":"publish","type":"product","link":"https:\/\/cleopatra.nl\/de\/shop\/stoomtechniek-professioneel\/cleo-vital-pro\/","title":{"rendered":"Cleo Vital Pro"},"content":{"rendered":"<p>Der Cleo Vital pro, der Nachfolger des Cleo Basic pro, ist ein professioneller Generator mit fast den gleichen Komponenten wie der Cleo Basic, aber mit neuen Bedienelementen und M\u00f6glichkeiten. Durch die neue Steuerung<br \/>\nWartung und Anpassung der Einstellungen sind einfacher geworden. Der Vital Pro Generator kann auch mit einem externen Touchpanel ausgestattet werden. Mit diesem Dampfgenerator k\u00f6nnen Sie sich auf einen hervorragenden Dampfprozess, eine lange Lebensdauer und eine einfache Wartung verlassen.<\/p>\n<p><strong><br \/>\nVORTEILE DES ELEKTRODENPRINZIPS<\/strong><\/p>\n<ul>\n<li>Schnelle Erw\u00e4rmung<\/li>\n<li>Feine Dampfteile<\/li>\n<li>Energiesparend<\/li>\n<li>Geeignet f\u00fcr intensive Nutzung<\/li>\n<\/ul>\n<p><strong><br \/>\nFEATURES<\/strong><\/p>\n<ul>\n<li>Geh\u00e4use aus rostfreiem Stahl<\/li>\n<li>Einfach zu bedienen<\/li>\n<li>Wartungsarm<\/li>\n<li>LED-St\u00f6rungsmeldung<\/li>\n<li>Von 4 kg\/h bis 45 kg\/h<\/li>\n<\/ul>\n<p><strong><br \/>\nGRUNDLEGENDE EIGENSCHAFTEN<\/strong><\/p>\n<ul>\n<li>Dampf ein\/aus<\/li>\n<li>Geruchsdosierung ein\/aus<\/li>\n<li>Beleuchtung ein\/aus<\/li>\n<li>Temperatureinstellung \u00fcber Potentiometer<\/li>\n<\/ul>\n<h4><strong><br \/>\nOPTIONEN<\/strong><\/h4>\n<p><strong><br \/>\nKLIMATISIERUNG<\/strong><br \/>\nDas Klima in einer Dampfkabine ist in fast jeder Situation anders; es h\u00e4ngt nicht nur von der Gr\u00f6\u00dfe der Kabine ab<br \/>\nsondern auch von der Luftfeuchtigkeit und der Temperatur im Raum. Um ein optimales Dampfbad zu schaffen, k\u00f6nnen Sie<br \/>\nDie folgenden Optionen sind eine gute Erg\u00e4nzung.<\/p>\n<p><strong>Turbo-Dampf<\/strong><br \/>\nDem Dampf wird kalte Luft zugesetzt, um den D\u00e4mpfprozess zu unterst\u00fctzen. Dies gew\u00e4hrleistet eine h\u00f6here<br \/>\nKondensation im Dampfbad, wodurch ein angenehmes Klima entsteht. Auch ist der Dampf weiter die Kabine<br \/>\neingeblasen.<\/p>\n<p><strong>Klimatisierung<\/strong><br \/>\nSteigt die Temperatur im Dampfbad schnell auf die eingestellte Maximaltemperatur an, schaltet der Generator ab<br \/>\naus, was zu unregelm\u00e4\u00dfigem Dampfen f\u00fchren kann. Die Klimasteuerung schaltet sich oberhalb der eingestellten<br \/>\nTemperatur und sorgt mit einem Ventilator daf\u00fcr, dass die Temperatur unter die gew\u00fcnschte Temperatur f\u00e4llt. Diese<br \/>\nschaltet sich der Dampfgenerator fr\u00fcher ein und bringt wieder Dampf in die Kabine.<\/p>\n<p><strong>UltraSteam<\/strong><br \/>\nWenn Dampfb\u00e4der kontinuierlich verwendet werden und der Kondensationspunkt angehoben wird, wird weniger sichtbarer Dampf erzeugt.<br \/>\nin der Kabine. Der Ultrasteam-Generator bl\u00e4st kalten Nebel in die Kabine, wodurch der Kondensationspunkt gesenkt wird, mit<br \/>\nwas zu dicken Dampfwolken f\u00fchrt. Zus\u00e4tzlich zu diesem Effekt senkt die Verwendung des Ultrasteam auch vor\u00fcbergehend die Temperatur<br \/>\nin der Kabine, so dass neuer Dampf schnell eindringen kann.<br \/>\nIdeal auch in Kombination mit der Funktion Press for Steam; f\u00fcr ein Dampfbad voller angenehmer<br \/>\nbei der richtigen Temperatur Dampfwolken erzeugen.<\/p>\n<p><strong><br \/>\nHYGIENE<\/strong><\/p>\n<p><strong>Clean Aqua System (CAS)<\/strong><br \/>\nDas Clean-Aqua-System sorgt daf\u00fcr, dass die Sitze im Dampfbad \u00fcber eine D\u00fcse sauber gesp\u00fclt werden<br \/>\nmit Wasser. Die Kabine ist dann f\u00fcr den n\u00e4chsten Benutzer bereit. Nach einer bestimmten Zeitspanne wird die<br \/>\nwird das System automatisch aktiviert.<\/p>\n<p><strong><br \/>\nDUFTSTOFFDOSIERUNG<\/strong><\/p>\n<p><strong>Multi-Duftmodul<\/strong><br \/>\nNeben dem Einzelduftmodul ist es auch m\u00f6glich, ein Multiduftmodul einzusetzen. Wenn es<br \/>\nregelm\u00e4\u00dfig die D\u00fcfte wechseln m\u00fcssen, ist dies eine einfach zu handhabende Option (bis zu 3 D\u00fcfte).<br \/>\nEinfache Einstellung \u00fcber das externe Bedienfeld, Intensit\u00e4t und Duftauswahl.<\/p>\n<p><strong><br \/>\nENERGIE SPAREN<\/strong><\/p>\n<p>Es ist eine der wichtigsten Herausforderungen unserer Zeit: Energie sparen. Das Beste aus den Kunden herausholen<br \/>\neines wohltuenden Dampfbads, wobei das Dampfbad nur bei Bedarf in Betrieb genommen wird. Um dies zu erreichen<br \/>\nUm dies zu erreichen, hat Cleopatra eine Reihe von Sparoptionen entwickelt.<br \/>\nMit der Cleopatra Standby- und Vorheizfunktion sparen Sie Energiekosten, ohne<br \/>\nSie m\u00fcssen keine Kompromisse bei Komfort und Qualit\u00e4t des Dampfprozesses eingehen.<\/p>\n<p><strong>Presse f\u00fcr Dampf<\/strong><br \/>\nWenn das Dampfbad zu unregelm\u00e4\u00dfigen Zeiten ein- und ausgeschaltet werden muss, ist die Press for Steam eine ideale L\u00f6sung. Die<br \/>\nDer Dampferzeuger bleibt auf einer Grundtemperatur im Standby-Modus, ein Druck auf einen Knopf au\u00dferhalb der Kabine bringt die<br \/>\nden Generator aus dem Standby-Modus und startet sofort die Dampfproduktion. Ideal f\u00fcr Hotels und Orte, an denen<br \/>\ndie Besucherzahlen schwanken. Dies spart nicht nur Energie, sondern auch die Wartung des Generators.<\/p>\n<p><strong>Klimatisierung<\/strong><\/p>\n<p>F\u00fcr die W\u00e4rmer\u00fcckgewinnung ist die Klimatisierung eine ideale Option. Sie sorgt daf\u00fcr, dass die W\u00e4rme nicht durch eine L\u00fcftungs\u00f6ffnung verloren geht, sondern weiterhin warme Luft in den Innenraum geblasen wird. Dies sorgt f\u00fcr eine gleichm\u00e4\u00dfige Temperaturverteilung in der Kabine.<\/p>\n<p><strong><br \/>\nMUSIK<\/strong><\/p>\n<p>Bluetooth-Modul<br \/>\nNeben der M\u00f6glichkeit, Lautsprecher in ein Dampfbad einzubauen, ist dies auch \u00fcber ein Bluetooth-Modul m\u00f6glich<br \/>\nMusik abspielen. Verbinden Sie sich einfach \u00fcber ein Telefon oder Tablet und genie\u00dfen Sie die gew\u00fcnschte<br \/>\nLieblingsmusik<\/p>\n<p><strong><br \/>\nPOWER<\/strong><\/p>\n<ul>\n<li>11 Modelle von 4 kg\/h bis 45 kg\/h<\/li>\n<\/ul>\n<p><strong><br \/>\nMANUELL<\/strong><\/p>\n<p>Herunterladen der <a href=\"https:\/\/cleopatra.nl\/wp-content\/uploads\/CLEOPATRA-VITAL-ELITE-PR-2024-DE-ENG-NL-90549014.pdf\">Elite pro Handbuch<\/a><\/p>\n<p>&nbsp;<\/p>\n<h4>KATALOG<\/h4>\n<p>F\u00fcr den Katalog <a href=\"https:\/\/cleopatra.nl\/wp-content\/uploads\/BROCHURE-PROF-STOOM-2023-NL.pdf\" target=\"_blank\" rel=\"noopener\">hier klicken<\/a>.<\/p>","protected":false},"excerpt":{"rendered":"<p>Der Cleo Vital pro , der Nachfolger des Cleo Basic pro, ist ein professioneller Generator mit fast den gleichen Komponenten wie der Cleo Basic, aber mit neuen Bedienelementen und M\u00f6glichkeiten. Mit der neuen Steuerung<br \/>\nDie Wartung und die Anpassung der Einstellungen sind einfacher geworden. Der Vital Pro Generator kann auch mit einem externen Touchpanel ausgestattet werden. Mit diesem Dampfgenerator k\u00f6nnen Sie<br \/>\nSie k\u00f6nnen sich auf hervorragende Dampfleistung, lange Lebensdauer und einfache Wartung verlassen.<\/p>","protected":false},"featured_media":6088,"template":"","format":"standard","meta":{"_acf_changed":false},"product_brand":[347],"product_cat":[81,71],"product_tag":[],"class_list":{"0":"post-6893","1":"product","2":"type-product","3":"status-publish","4":"format-standard","5":"has-post-thumbnail","7":"product_brand-cleopatra","8":"product_cat-stoomtechniek-professioneel","9":"product_cat-shop","11":"first","12":"instock","13":"taxable","14":"shipping-taxable","15":"purchasable","16":"product-type-simple"},"acf":[],"_links":{"self":[{"href":"https:\/\/cleopatra.nl\/de\/wp-json\/wp\/v2\/product\/6893","targetHints":{"allow":["GET"]}}],"collection":[{"href":"https:\/\/cleopatra.nl\/de\/wp-json\/wp\/v2\/product"}],"about":[{"href":"https:\/\/cleopatra.nl\/de\/wp-json\/wp\/v2\/types\/product"}],"wp:featuredmedia":[{"embeddable":true,"href":"https:\/\/cleopatra.nl\/de\/wp-json\/wp\/v2\/media\/6088"}],"wp:attachment":[{"href":"https:\/\/cleopatra.nl\/de\/wp-json\/wp\/v2\/media?parent=6893"}],"wp:term":[{"taxonomy":"product_brand","embeddable":true,"href":"https:\/\/cleopatra.nl\/de\/wp-json\/wp\/v2\/product_brand?post=6893"},{"taxonomy":"product_cat","embeddable":true,"href":"https:\/\/cleopatra.nl\/de\/wp-json\/wp\/v2\/product_cat?post=6893"},{"taxonomy":"product_tag","embeddable":true,"href":"https:\/\/cleopatra.nl\/de\/wp-json\/wp\/v2\/product_tag?post=6893"}],"curies":[{"name":"wp","href":"https:\/\/api.w.org\/{rel}","templated":true}]}}