{"id":6905,"date":"2024-04-14T11:41:03","date_gmt":"2024-04-14T09:41:03","guid":{"rendered":"https:\/\/cleopatra.nl\/?post_type=product&#038;p=6905"},"modified":"2026-04-26T21:18:53","modified_gmt":"2026-04-26T19:18:53","slug":"colorado-twin-pro-awc","status":"publish","type":"product","link":"https:\/\/cleopatra.nl\/de\/shop\/colorado-twin-pro-awc-kopie\/","title":{"rendered":"Colorado Twin Pro | AWC"},"content":{"rendered":"<p>Kompakte, vollautomatische Wellness-Kabine f\u00fcr den professionellen Einsatz in \u00f6ffentlichen Schwimmb\u00e4dern, Ferienparks und privaten Spas. Nehmen Sie <a href=\"https:\/\/cleopatra.nl\/de\/contact\/\" target=\"_blank\" rel=\"noopener\">Kontakt<\/a> Kontaktieren Sie uns f\u00fcr weitere Informationen.<\/p>\n<p><strong><br \/>\nFEATURES<\/strong><\/p>\n<p>- Einbaukabine aus Acryl<br \/>\n- 2-Personen-Kabine<br \/>\n- 2 Sitze<br \/>\n- Ausgestattet mit Dampferzeuger<br \/>\n- Externer Dampferzeuger 4,5 kW. Dampferzeuger muss extern platziert werden<br \/>\n- Einschlie\u00dflich Dampfhaube<br \/>\n- Optional: Presse f\u00fcr Dampf (Standby-Steuerung), Bezahlterminal oder Vorkoster<\/p>\n<p>FARBE DES GLASES<br \/>\n- Glasfarbe transparent, bronzefarben oder grau ger\u00e4uchertes Glas<\/p>\n<p>T\u00dcRDREHRICHTUNG<br \/>\n- Scharniere nach vorne auf der rechten oder linken Seite.<\/p>\n<p>Die Kabinen der Linie Delta pro (automatisierte Wellness-Kabinen) leisten seit vielen Jahren treue Dienste in verschiedenen \u00f6ffentlichen Schwimmb\u00e4dern, Ferienparks und Fitnessclubs. Die Kabinen sind dank der Verwendung von Sanit\u00e4racryl optimal hygienisch und werden zus\u00e4tzlich mit Polyester verst\u00e4rkt, was das Produkt extrem langlebig macht.<\/p>\n<p>Diese Kabinen sind automatisiert und k\u00f6nnen nach Einwurf einer M\u00fcnze, eines Druckknopfes oder eines Zahlungsterminals aktiviert werden. Ideal, wenn Sie Ihren Kunden einen zus\u00e4tzlichen Service bieten wollen, ohne dass die Anlage den ganzen Tag in Betrieb sein muss. \u00dcber ein Zahlungsterminal, das eine breite Palette von Zahlungsmethoden akzeptiert, kann der Benutzer die Sitzung einfach starten. \u00dcber ein Desktop-Management-System lassen sich Einnahmen und Nutzung leicht aus der Ferne \u00fcberwachen.<\/p>\n<h4>AUTOMATISIERTE WELLNESS-KABINEN<\/h4>\n<p>Die Automated Wellness Cabins (AWC) durchlaufen mehrere Prozessschritte, damit der Benutzer ein optimales Erlebnis genie\u00dfen kann. Die Schritte, Komponenten und Zeiten der Sitzung sind einfach einzustellen. Die Aktivierung der Dampfsitzung erfolgt per Druckknopf, M\u00fcnzautomat oder Zahlungsterminal (Bezahlung per Pin oder Telefon). Diese Kabinen sind ideal f\u00fcr \u00f6ffentliche Schwimmb\u00e4der, Ferienparks usw., die dem Endkunden ein Plus an Komfort und Wellness bieten wollen, ohne festes Personal im Haus zu haben. Zahlungen \u00fcber das Zahlungsterminal sind sofort sichtbar, so dass man verwaltungstechnisch auf dem Laufenden ist.<\/p>\n<p><strong><br \/>\nBEISPIEL F\u00dcR DEN PROZESS<\/strong><\/p>\n<p>Aktivierende Sitzung: -&gt; D\u00e4mpfen -&gt; Farbtherapie -&gt; Aromatherapie -&gt; Duschen -&gt; Desinfektion -&gt; Ende der Sitzung.<\/p>\n<p><strong><br \/>\nDAMPFSITZUNG AKTIVIEREN<\/strong><\/p>\n<p>Jede Version kann mit den 3 folgenden Methoden aktiviert werden. Diese Methoden werden als Optionen bei den Kabinen angezeigt und m\u00fcssen separat bestellt werden.<br \/>\n- Presse f\u00fcr Dampf<br \/>\n- M\u00fcnzsonde inkl. Relais<br \/>\n- Nayax-Zahlungsterminal mit Telemetrie<\/p>\n<p><strong><br \/>\nFEATURES<\/strong><\/p>\n<p>- Kabinen aus Acryl: zus\u00e4tzlich mit Polyester verst\u00e4rkt<br \/>\n- 4 Dimensionen<br \/>\n- 8 mm Glas klar, bronze oder grau<br \/>\n- T\u00fcrrahmen Aluminium wei\u00df<br \/>\n- Dampfsitzung einstellbar<\/p>\n<p>-T\u00fcrscharniere vorne links oder rechts<br \/>\n- Einschlie\u00dflich Abfluss<br \/>\n- Einschlie\u00dflich Dampfhaube<br \/>\n- Au\u00dfendampftechnik<br \/>\n- Druckknopf, M\u00fcnzpr\u00fcfer oder Zahlungsterminal<\/p>\n<h3><strong><br \/>\nDELTA LINE PRO VERSIONEN<\/strong><\/h3>\n<h4><strong><br \/>\nWESENTLICHE UMSETZUNG<\/strong><\/h4>\n<p><strong>CAB<\/strong><br \/>\n- Kabine aus hochwertigem Acryl, verst\u00e4rkt mit Polyester.<br \/>\n- T\u00fcr im Rahmen (wei\u00df) - Glasfarbe transparent.<br \/>\n- Entw\u00e4sserung.<br \/>\n- Entl\u00fcftung.<br \/>\n- Dampfschutzkasten mit Warnaufkleber<\/p>\n<p><strong>BELEUCHTUNG<\/strong><br \/>\n- LED-Beleuchtung wei\u00df (2 St\u00fcck).<\/p>\n<p><strong>STOOM<\/strong><br \/>\n- Elektroden-Dampferzeuger Vital pro (3 kW - nur Colorado Twin = 4,5 kW)<br \/>\n- Aromatherapie (automatische Dosierung 1 Duftstoff)<\/p>\n<h4><strong><br \/>\nKOMFORTAUSF\u00dcHRUNG<\/strong><\/h4>\n<p><strong>CAB<\/strong><br \/>\n- Kabine aus hochwertigem Acryl, verst\u00e4rkt mit Polyester.<br \/>\n- T\u00fcr im Rahmen (wei\u00df) - Glasfarbe transparent.<br \/>\n- Entw\u00e4sserung.<br \/>\n- Entl\u00fcftung.<br \/>\n- Dampfschutzkasten mit Warnaufkleber<\/p>\n<p><strong>BELEUCHTUNG<\/strong><br \/>\n- LED-Lichtfarbe (2 St\u00fcck).<\/p>\n<p><strong>STOOM<\/strong><br \/>\n- Elektroden-Dampferzeuger Vital pro (3 kW - nur Colorado Twin 4,5 kW)<br \/>\n- Aromatherapie (automatische Dosierung 1 Duftstoff)<\/p>\n<p><strong>DOUCHE<\/strong><br \/>\n- Dachdusche 240 mm.<\/p>\n<p><strong>DESINFECTION<\/strong><br \/>\n- Clean Aqua System inkl. 2 D\u00fcsen<\/p>\n<h4>\nVOLLST\u00c4NDIGE AUSF\u00dcHRUNG<\/h4>\n<p><strong>CAB<\/strong><br \/>\n- Kabine aus hochwertigem Acryl, verst\u00e4rkt mit Polyester.<br \/>\n- T\u00fcr im Rahmen (wei\u00df) - Glasfarbe transparent.<br \/>\n- Entw\u00e4sserung.<br \/>\n- Entl\u00fcftung.<br \/>\n- Dampfschutzschale mit Warnaufkleber<\/p>\n<p><strong>BELEUCHTUNG<\/strong><br \/>\n- LED-Lichtfarbe (2 St\u00fcck).<\/p>\n<p><strong>STOOM<\/strong><br \/>\n- Elektroden-Dampferzeuger Vital pro 4,5 kW)<br \/>\n- Aromatherapie (automatische Dosierung 2 D\u00fcfte)<\/p>\n<p><strong>DOUCHE<\/strong><br \/>\n- Dachdusche 240 mm.<\/p>\n<p><strong>DESINFECTION<\/strong><br \/>\n- Clean Aqua System inkl. 2 D\u00fcsen<\/p>\n<p><strong>MUSIK<\/strong><br \/>\n- 2 Lautsprecher, die an die Tonquelle angeschlossen werden<\/p>\n<p><strong>KLIMATISIERUNG<\/strong><br \/>\n- Gebl\u00e4seunterst\u00fctzte Temperaturregelung<\/p>\n<h4>KATALOG<\/h4>\n<p>Weitere Informationen und <a href=\"https:\/\/cleopatra.nl\/de\/stoombaden\/delta-line-pro\/\">den Katalog herunterladen<\/a><\/p>","protected":false},"excerpt":{"rendered":"<p>Kompakte, vollautomatische Wellness-Kabine f\u00fcr den professionellen Einsatz in \u00f6ffentlichen Schwimmb\u00e4dern, Ferienparks und privaten Spas.<\/p>","protected":false},"featured_media":6188,"template":"","format":"standard","meta":{"_acf_changed":false},"product_brand":[347],"product_cat":[71,281,280],"product_tag":[],"class_list":{"0":"post-6905","1":"product","2":"type-product","3":"status-publish","4":"format-standard","5":"has-post-thumbnail","7":"product_brand-cleopatra","8":"product_cat-shop","9":"product_cat-automated-wellness-cabines","10":"product_cat-delta-line-pro","12":"first","13":"onbackorder","14":"taxable","15":"shipping-taxable","16":"purchasable","17":"product-type-simple"},"acf":[],"_links":{"self":[{"href":"https:\/\/cleopatra.nl\/de\/wp-json\/wp\/v2\/product\/6905","targetHints":{"allow":["GET"]}}],"collection":[{"href":"https:\/\/cleopatra.nl\/de\/wp-json\/wp\/v2\/product"}],"about":[{"href":"https:\/\/cleopatra.nl\/de\/wp-json\/wp\/v2\/types\/product"}],"wp:featuredmedia":[{"embeddable":true,"href":"https:\/\/cleopatra.nl\/de\/wp-json\/wp\/v2\/media\/6188"}],"wp:attachment":[{"href":"https:\/\/cleopatra.nl\/de\/wp-json\/wp\/v2\/media?parent=6905"}],"wp:term":[{"taxonomy":"product_brand","embeddable":true,"href":"https:\/\/cleopatra.nl\/de\/wp-json\/wp\/v2\/product_brand?post=6905"},{"taxonomy":"product_cat","embeddable":true,"href":"https:\/\/cleopatra.nl\/de\/wp-json\/wp\/v2\/product_cat?post=6905"},{"taxonomy":"product_tag","embeddable":true,"href":"https:\/\/cleopatra.nl\/de\/wp-json\/wp\/v2\/product_tag?post=6905"}],"curies":[{"name":"wp","href":"https:\/\/api.w.org\/{rel}","templated":true}]}}