{"id":6917,"date":"2024-04-14T16:25:51","date_gmt":"2024-04-14T14:25:51","guid":{"rendered":"https:\/\/cleopatra.nl\/?post_type=product&#038;p=6917"},"modified":"2026-04-26T21:19:00","modified_gmt":"2026-04-26T19:19:00","slug":"zeta-line-model-5","status":"publish","type":"product","link":"https:\/\/cleopatra.nl\/de\/shop\/zeta-line-model-4\/","title":{"rendered":"Zeta-Linie | Modell 4"},"content":{"rendered":"<h3>ZETA-LINIE MODELL 4<\/h3>\n<p>&nbsp;<\/p>\n<p>Komfortable Einbaukabinen aus hochwertigen Isolierplatten in verschiedenen Farben und Ausf\u00fchrungen. Die Sitzelemente bestehen aus Acryl, dieser Kunststoff nimmt kaum W\u00e4rme auf und ist leicht zu reinigen. Diese Kabinen sind wartungsarm und behalten \u00fcber Jahre hinweg ihr luxuri\u00f6ses Aussehen. Da die Kabinen modular aufgebaut sind, k\u00f6nnen sie bei Bedarf individuell gestaltet werden. Siehe <a href=\"https:\/\/cleopatra.nl\/de\/contact\/\" target=\"_blank\" rel=\"noopener\">Kontakt<\/a> Kontaktieren Sie uns f\u00fcr weitere Informationen.<\/p>\n<p>- Kabine aus Isolierplatten und Acrylsitz(en).<br \/>\n- W\u00e4nde, Dach und Sitz vollst\u00e4ndig fertiggestellt.<br \/>\n- 4 Modelle; erh\u00e4ltlich in 3 Versionen.<br \/>\n- 8 mm Glas klar, bronze oder grau.<br \/>\n- T\u00fcrrahmen Aluminium wei\u00df oder RAL-Farbe (gegen Aufpreis).<br \/>\n- Die T\u00fcr schwenkt in den vorderen Scharnieren nach links oder rechts.<br \/>\n- Inklusive Thermostatarmatur, Handbrause und Gleitstange.<br \/>\n- Die Kabine muss auf einem fertigen Fu\u00dfboden aufgestellt werden.<br \/>\n- Au\u00dfendampftechnik.<\/p>\n<p>&nbsp;<\/p>\n<p><strong>UMSETZUNG<\/strong><\/p>\n<p>&nbsp;<\/p>\n<p><strong>ZETA ESSENTIAL<\/strong><\/p>\n<p>CAB<br \/>\n- Die Kabine besteht aus hochwertigen Isolierplatten.<br \/>\n- T\u00fcr im Rahmen (wei\u00df) - Glasfarbe transparent.<br \/>\n- Entl\u00fcftung.<\/p>\n<p>DOUCHE<br \/>\n- Thermostatischer Wasserhahn (1 Funktion).<br \/>\n- Handbrause und Schiebestange.<\/p>\n<p>BELEUCHTUNG<br \/>\n- LED-Beleuchtung wei\u00df (2 St\u00fcck).<\/p>\n<p>STOOM<br \/>\n- Steam One Dampferzeuger inkl. Steuerung<br \/>\n- Aromatherapie (automatische Dosierung 1 Duftstoff).<br \/>\n- Dampfeinlass aus Kunststoff wei\u00df, grau oder schwarz.<\/p>\n<p>&nbsp;<\/p>\n<p><strong>ZETA DELUXE<\/strong><\/p>\n<p>CAB<br \/>\n- Die Kabine besteht aus hochwertigen Isolierplatten.<br \/>\n- T\u00fcr im Rahmen (wei\u00df) - Glasfarbe transparent.<br \/>\n- Entl\u00fcftung.<\/p>\n<p>DOUCHE<br \/>\n- Thermostatischer Wasserhahn (2 Funktionen).<br \/>\n- Handbrause und Schiebestange.<br \/>\n- Dachdusche 240 mm.<\/p>\n<p>BELEUCHTUNG<br \/>\n- LED-Lichtfarbe (2 St\u00fcck).<\/p>\n<p>STOOM<br \/>\n- Steam Smart Dampferzeuger inkl. Steuerung<br \/>\n- Aromatherapie (automatische Dosierung 1 Duftstoff).<br \/>\n- Dampfeinlass aus Kunststoff wei\u00df, grau oder schwarz.<\/p>\n<p>&nbsp;<\/p>\n<p><strong>ZETA EXKLUSIV<\/strong><\/p>\n<p>CAB<br \/>\n- Die Kabine besteht aus hochwertigen Isolierplatten.<br \/>\n- T\u00fcr im Rahmen (wei\u00df) - Glasfarbe transparent.<br \/>\n- Entl\u00fcftung.<\/p>\n<p>DOUCHE<br \/>\n- Thermostatischer Wasserhahn (3 Funktionen).<br \/>\n- Handbrause und Schiebestange.<br \/>\n- Dachdusche 300 mm.<br \/>\n- Seitliche Duschen K\u00f6rperfett (6 St\u00fcck).<\/p>\n<p>BELEUCHTUNG<br \/>\n- LED-Lichtfarbe (2 St\u00fcck).<\/p>\n<p>STOOM<br \/>\n- Steam Deluxe Dampfgenerator inkl. Steuerung<br \/>\n- Aromatherapie (automatische Dosierung von 2 D\u00fcften).<br \/>\n- Dampfeinlass aus Kunststoff wei\u00df, grau oder schwarz.<\/p>\n<p>MUSIK<br \/>\n- Bluetooth-Modul mit 2 Lautsprechern.<\/p>\n<p>&nbsp;<\/p>\n<p><strong>OPTIONALES FENSTER<\/strong><\/p>\n<p>- 2050 x 500 mm | 2109 40 03<br \/>\n- 2050 x 1000 mm | 2109 40 10<\/p>\n<p>- 2050 x 1250 mm | 2109 40 15<\/p>\n<p>- 2050 x 1500 mm | 2109 40 20<\/p>\n<p>&nbsp;<\/p>\n<p><strong>OPTIONAL DACH UND SITZ IN DER FARBE RAL<\/strong><\/p>\n<p>Aufpreis f\u00fcr Farbe 2109 50 05<\/p>\n<p>&nbsp;<\/p>\n<p><strong>KATALOG<\/strong><\/p>\n<p>Herunterladen der <a href=\"https:\/\/cleopatra.nl\/wp-content\/uploads\/CLEOPATRA-STOOM-2023-NL.pdf\">Katalog<\/a><\/p>","protected":false},"excerpt":{"rendered":"<p>Komfortable Einbaukabinen aus hochwertigen Isolierplatten in verschiedenen Farben und Ausf\u00fchrungen. Die Sitzelemente bestehen aus Acryl, dieser Kunststoff nimmt kaum W\u00e4rme auf und ist leicht zu reinigen. Diese Kabinen sind wartungsarm und behalten \u00fcber Jahre hinweg ihr luxuri\u00f6ses Aussehen. Da die Kabinen modular aufgebaut sind, k\u00f6nnen sie bei Bedarf individuell gestaltet werden. Siehe <a href=\"https:\/\/cleopatra.nl\/de\/contact\/\" target=\"_blank\" rel=\"noopener\">Kontakt<\/a> Kontaktieren Sie uns f\u00fcr weitere Informationen.<\/p>","protected":false},"featured_media":6151,"template":"","format":"standard","meta":{"_acf_changed":false},"product_brand":[347],"product_cat":[71,74,282],"product_tag":[],"class_list":{"0":"post-6917","1":"product","2":"type-product","3":"status-publish","4":"format-standard","5":"has-post-thumbnail","7":"product_brand-cleopatra","8":"product_cat-shop","9":"product_cat-douche-stoomcabines","10":"product_cat-zeta-line","12":"first","13":"onbackorder","14":"taxable","15":"shipping-taxable","16":"purchasable","17":"product-type-simple"},"acf":[],"_links":{"self":[{"href":"https:\/\/cleopatra.nl\/de\/wp-json\/wp\/v2\/product\/6917","targetHints":{"allow":["GET"]}}],"collection":[{"href":"https:\/\/cleopatra.nl\/de\/wp-json\/wp\/v2\/product"}],"about":[{"href":"https:\/\/cleopatra.nl\/de\/wp-json\/wp\/v2\/types\/product"}],"wp:featuredmedia":[{"embeddable":true,"href":"https:\/\/cleopatra.nl\/de\/wp-json\/wp\/v2\/media\/6151"}],"wp:attachment":[{"href":"https:\/\/cleopatra.nl\/de\/wp-json\/wp\/v2\/media?parent=6917"}],"wp:term":[{"taxonomy":"product_brand","embeddable":true,"href":"https:\/\/cleopatra.nl\/de\/wp-json\/wp\/v2\/product_brand?post=6917"},{"taxonomy":"product_cat","embeddable":true,"href":"https:\/\/cleopatra.nl\/de\/wp-json\/wp\/v2\/product_cat?post=6917"},{"taxonomy":"product_tag","embeddable":true,"href":"https:\/\/cleopatra.nl\/de\/wp-json\/wp\/v2\/product_tag?post=6917"}],"curies":[{"name":"wp","href":"https:\/\/api.w.org\/{rel}","templated":true}]}}