{"id":7147,"date":"2024-06-21T13:19:59","date_gmt":"2024-06-21T11:19:59","guid":{"rendered":"https:\/\/cleopatra.nl\/?post_type=product&#038;p=7147"},"modified":"2026-04-26T08:55:43","modified_gmt":"2026-04-26T06:55:43","slug":"scharnieren-m6-deur-nylon-set-van-2-st","status":"publish","type":"product","link":"https:\/\/cleopatra.nl\/de\/spare-parts\/scharnieren-m6-deur-nylon-set-van-2-st\/","title":{"rendered":"Scharniere M6 T\u00fcr Nylon (Satz von 2 St\u00fcck)"},"content":{"rendered":"<p>Scharniere f\u00fcr T\u00fcrtyp: M6<\/p>","protected":false},"excerpt":{"rendered":"<p>Sie m\u00f6chten wissen, wie Sie dieses Produkt ersetzen k\u00f6nnen? <a href=\"https:\/\/cleopatra.nl\/wp-content\/uploads\/98575000.pdf\" target=\"_blank\" rel=\"noopener\">Klicken Sie dann auf das Servicehandbuch<\/a><\/p>","protected":false},"featured_media":7148,"template":"","format":"standard","meta":{"_acf_changed":false},"product_brand":[347],"product_cat":[60,111,103],"product_tag":[],"class_list":{"0":"post-7147","1":"product","2":"type-product","3":"status-publish","4":"format-standard","5":"has-post-thumbnail","7":"product_brand-cleopatra","8":"product_cat-spare-parts","9":"product_cat-deuronderdelen","10":"product_cat-stoomcabine-onderdelen","11":"product_shipping_class-gratis-verzending","13":"first","14":"instock","15":"taxable","16":"shipping-taxable","17":"purchasable","18":"product-type-simple"},"acf":[],"_links":{"self":[{"href":"https:\/\/cleopatra.nl\/de\/wp-json\/wp\/v2\/product\/7147","targetHints":{"allow":["GET"]}}],"collection":[{"href":"https:\/\/cleopatra.nl\/de\/wp-json\/wp\/v2\/product"}],"about":[{"href":"https:\/\/cleopatra.nl\/de\/wp-json\/wp\/v2\/types\/product"}],"wp:featuredmedia":[{"embeddable":true,"href":"https:\/\/cleopatra.nl\/de\/wp-json\/wp\/v2\/media\/7148"}],"wp:attachment":[{"href":"https:\/\/cleopatra.nl\/de\/wp-json\/wp\/v2\/media?parent=7147"}],"wp:term":[{"taxonomy":"product_brand","embeddable":true,"href":"https:\/\/cleopatra.nl\/de\/wp-json\/wp\/v2\/product_brand?post=7147"},{"taxonomy":"product_cat","embeddable":true,"href":"https:\/\/cleopatra.nl\/de\/wp-json\/wp\/v2\/product_cat?post=7147"},{"taxonomy":"product_tag","embeddable":true,"href":"https:\/\/cleopatra.nl\/de\/wp-json\/wp\/v2\/product_tag?post=7147"}],"curies":[{"name":"wp","href":"https:\/\/api.w.org\/{rel}","templated":true}]}}