{"id":7731,"date":"2024-10-09T12:10:46","date_gmt":"2024-10-09T10:10:46","guid":{"rendered":"https:\/\/cleopatra.nl\/?post_type=product&#038;p=7731"},"modified":"2026-04-26T21:18:56","modified_gmt":"2026-04-26T19:18:56","slug":"sauna-barrel-300-300-x-210-x-210-cm-2","status":"publish","type":"product","link":"https:\/\/cleopatra.nl\/de\/shop\/saunas\/sauna-barrel-300-300-x-210-x-210-cm\/","title":{"rendered":"Saunafass 300 | 300 x 210 x 210 cm"},"content":{"rendered":"<h3>Sauna-Fass | 300 x 210 x 210 cm<\/h3>\n<p>Hinter dem traditionellen Aussehen dieser Fass-Saunen verbirgt sich ein wunderbares Saunaerlebnis. Die<br \/>\nKombination aus der Facharbeit von Saunameistern, hochwertigen Materialien und<br \/>\nDer traditionelle holzbeheizte Saunaofen sorgt f\u00fcr ein einzigartig gesundes Saunaklima. Tief<br \/>\nEntspannendes Saunaerlebnis f\u00fcr den ganzen K\u00f6rper.<\/p>\n<p><strong>Langlebigkeit und hohe Qualit\u00e4t<\/strong><br \/>\nThermoholzverkleidung und hochwertige Innenmaterialien, traditioneller Holzofen,<br \/>\nvon erfahrenen Schreinern hergestellt. Mit jahrelanger Erfahrung in der Herstellung von Saunen, sind Sie<br \/>\nein einzigartiges Erlebnis garantiert.<\/p>\n<p><strong>Umweltfreundlich<\/strong><br \/>\nNachhaltige Materialien und effiziente Produktion mit minimalem Abfall.<\/p>\n<p><strong>Standardabmessungen<\/strong><br \/>\nDie vier verschiedenen Modelle sind in drei Versionen erh\u00e4ltlich.<\/p>\n<p><strong>Leicht zu (re-)platzieren<\/strong><br \/>\nSpezielle Verst\u00e4rkungen f\u00fcr das Heben mit dem Kran, aber auch f\u00fcr den Transport mit dem Gabelstapler.<br \/>\nDie F\u00e4sser k\u00f6nnen auf eine gepflasterte Fl\u00e4che gestellt werden.<\/p>\n<p><strong>Vorteile<\/strong><br \/>\n- Vollst\u00e4ndig aus Thermoholz hergestellt.<br \/>\n- Extra behandelt gegen Schmutz und Feuchtigkeit, sowohl im Innen- als auch im Au\u00dfenbereich.<br \/>\n- Mit einem Auge f\u00fcrs Detail.<br \/>\n- Vollst\u00e4ndig abgedecktes Bitumendach (3 Schichten).<br \/>\n- Einfach zu installieren und zu warten.<br \/>\n- Robuster holzbefeuerter Ofen.<br \/>\n- Zus\u00e4tzliche Optionen f\u00fcr einzigartige Erlebnisse.<\/p>\n<p><strong>Hinweis<\/strong><br \/>\nWenn Sie sich f\u00fcr einen Elektroherd anstelle eines holzbefeuerten Ofens entscheiden, beachten Sie, dass der<br \/>\nDie erforderlichen elektrischen Anschl\u00fcsse (400V - 3N) sind vorhanden. F\u00fcr die Option LED-Beleuchtung ist ein 230V<br \/>\nVerbindung angemessen.<\/p>\n<p><strong>Der Katalog kann hier heruntergeladen werden: <a href=\"https:\/\/cleopatra.nl\/wp-content\/uploads\/CLEOPATRA-SAUNA-BARRELS-2024-web.pdf\">hier klicken<\/a><\/strong><\/p>\n<h4><\/h4>\n<h4><strong>FEATURES<\/strong><\/h4>\n<p><strong>W\u00e4nde<\/strong><br \/>\nDie Kabine besteht aus 40 mm dicken W\u00e4nden, einschlie\u00dflich der Vorder- und R\u00fcckseite, die nur thermisch behandelt werden.<br \/>\nVerwendetes Fichtenholz. Dieses Holz wird bei 215\u00b0 Celsius vakuumbedampft, wodurch es die gleiche Haltbarkeit erh\u00e4lt.<br \/>\nAls Hartholz der Klasse I werden im Gegensatz zu impr\u00e4gniertem Holz keine Chemikalien verwendet.<br \/>\nEs wurde daher eine Entscheidung getroffen, um den kleinstm\u00f6glichen \u00f6kologischen Fu\u00dfabdruck zu hinterlassen, der auch FSC-zertifiziert ist.<br \/>\nMit anderen Worten: Das gesamte verwendete Holz stammt aus gut bewirtschafteten W\u00e4ldern in Estland.<\/p>\n<p><strong>Holzart<\/strong><br \/>\nDie Kabine ist komplett in Thermoholz gebaut, auch die T\u00fcrrahmenkonstruktion Holz\/Bodengitter dies gibt die<br \/>\ngarantieren, dass die Sauna dauerhaft und langlebig ist.<\/p>\n<p><strong>Hygiene<\/strong><br \/>\nDie Innenw\u00e4nde und B\u00e4nke sind zus\u00e4tzlich mit Saunawachs behandelt, was die Kabine zus\u00e4tzlich vor Feuchtigkeit und Schmutz sch\u00fctzt.<br \/>\nsch\u00fctzt. Die Au\u00dfenseite der Sauna ist mit Sikkens Cetol-Schutz\u00f6l beschichtet, Schutz<br \/>\ngegen Schmutz und macht die Kabine noch langlebiger. Jedes Fass wird mit einer zus\u00e4tzlichen 1-Liter-Flasche f\u00fcr<br \/>\nj\u00e4hrliche Wartung (kann auch separat bestellt werden)<\/p>\n<p><strong>Bedachung<\/strong><br \/>\nDie Dacheindeckung besteht aus schwarzem Bitumen-Single, einem 3-Schicht-System (erste Schicht Walzbitumen und dann<br \/>\n2 Lagen Gurtband) sind auch Regenlatten oder Tropfnasen vorgesehen, damit das Holz l\u00e4nger sch\u00f6n bleibt<\/p>\n<p><strong>Sofas<\/strong><br \/>\nDie B\u00e4nke sind aus extrabreiten Latten aus Thermo-Abachi gefertigt. Diese Holzart ist nicht w\u00e4rmeleitend,<br \/>\ndamit es nicht zu hei\u00df wird, um darauf zu sitzen oder sich anzulehnen, behandeln wir sie auch mit Wachs, damit sie nicht zu hei\u00df werden.<br \/>\nbleiben die Sofas l\u00e4nger sch\u00f6n und ziehen keine Ringe ein. Eine sch\u00f6ne breite R\u00fcckenlehne kommt als Standard<br \/>\nzum entspannten Anlehnen vorgesehen. Optional kann unter den B\u00e4nken eine RGB-LED-Farbbeleuchtung angebracht werden.<br \/>\neingebaut, um ein zus\u00e4tzliches atmosph\u00e4risches Element hinzuzuf\u00fcgen.<\/p>\n<p><strong>Abmessungen<\/strong><br \/>\nDie Fahrerh\u00e4user haben eine extra gro\u00dfe Innenl\u00e4nge von 2,2 Metern (Typ 280 und 300) und 2,6 Metern (f\u00fcr Typ<br \/>\n320 und 340), so dass man ausgestreckt liegen, aber auch bequem sitzen kann.<\/p>\n<p><strong>Selbstmontage oder vormontiert<\/strong><br \/>\nDie Kabine wird serienm\u00e4\u00dfig als Bausatz geliefert, mit einem guten Handbuch und allen notwendigen<br \/>\nMontageteile (1 Tag Arbeit mit 2 Personen). Sie k\u00f6nnen sich auch f\u00fcr eine vorgefertigte Version entscheiden; dann ist die<br \/>\nKabine werkseitig vormontiert. Dann m\u00fcssen Sie nur noch den \u00e4u\u00dferen Teil des Schornsteins montieren und<br \/>\nlegen Sie die Saunasteine auf den Ofen. Die Sauna ist dann in knapp einer Stunde fertig.<\/p>","protected":false},"excerpt":{"rendered":"<p>Sauna Barrel | 300 x 210 x 210 cm Achter het traditionele uiterlijk van deze barrel sauna\u2019s schuilt een heerlijke sauna ervaring. De combinatie van het vakkundige werk van saunameesters, hoogwaardige materialen en traditionele hout gestookte sauna kachel zorgt voor een uniek gezond saunaklimaat. Een diep ontspannende sauna ervaring voor het hele lichaam. Duurzaamheid &amp; [&hellip;]<\/p>\n","protected":false},"featured_media":7732,"template":"","format":"standard","meta":{"_acf_changed":false},"product_brand":[347],"product_cat":[271,283],"product_tag":[],"class_list":{"0":"post-7731","1":"product","2":"type-product","3":"status-publish","4":"format-standard","5":"has-post-thumbnail","7":"product_brand-cleopatra","8":"product_cat-saunas","9":"product_cat-buitensaunas","11":"first","12":"onbackorder","13":"taxable","14":"shipping-taxable","15":"purchasable","16":"product-type-simple"},"acf":[],"_links":{"self":[{"href":"https:\/\/cleopatra.nl\/de\/wp-json\/wp\/v2\/product\/7731","targetHints":{"allow":["GET"]}}],"collection":[{"href":"https:\/\/cleopatra.nl\/de\/wp-json\/wp\/v2\/product"}],"about":[{"href":"https:\/\/cleopatra.nl\/de\/wp-json\/wp\/v2\/types\/product"}],"wp:featuredmedia":[{"embeddable":true,"href":"https:\/\/cleopatra.nl\/de\/wp-json\/wp\/v2\/media\/7732"}],"wp:attachment":[{"href":"https:\/\/cleopatra.nl\/de\/wp-json\/wp\/v2\/media?parent=7731"}],"wp:term":[{"taxonomy":"product_brand","embeddable":true,"href":"https:\/\/cleopatra.nl\/de\/wp-json\/wp\/v2\/product_brand?post=7731"},{"taxonomy":"product_cat","embeddable":true,"href":"https:\/\/cleopatra.nl\/de\/wp-json\/wp\/v2\/product_cat?post=7731"},{"taxonomy":"product_tag","embeddable":true,"href":"https:\/\/cleopatra.nl\/de\/wp-json\/wp\/v2\/product_tag?post=7731"}],"curies":[{"name":"wp","href":"https:\/\/api.w.org\/{rel}","templated":true}]}}