{"id":8092,"date":"2024-12-17T16:21:19","date_gmt":"2024-12-17T15:21:19","guid":{"rendered":"https:\/\/cleopatra.nl\/?post_type=product&#038;p=8092"},"modified":"2026-04-26T22:33:13","modified_gmt":"2026-04-26T20:33:13","slug":"ijsbad-cleopatra-ice-bath","status":"publish","type":"product","link":"https:\/\/cleopatra.nl\/de\/shop\/ijsbaden\/ijsbad\/","title":{"rendered":"Cleopatra Eiswanne rund | 96x96x90cm"},"content":{"rendered":"<h4>EISBAD F\u00dcR OPTIMALE ERHOLUNG<\/h4>\n<p>Die K\u00e4ltetherapie war noch nie so einfach. Lernen Sie das Cleopatra-Eisbad kennen, das in 3-4 Stunden auf 2-4\u00b0C Raumtemperatur abk\u00fchlt. Das System ist einfach einzurichten und sehr benutzerfreundlich. Das Cleopatra-Eisbad wurde im Hinblick auf Ihre Genesung entwickelt und bietet Leistung und Langlebigkeit, ohne dass Sie sich darum k\u00fcmmern m\u00fcssen. Mit unserem leistungsstarken K\u00fchlsystem, der m\u00fchelosen Installation und dem eingebauten selbstreinigenden Filtersystem macht es die K\u00e4ltetherapie einfach und effektiv. Dieses Cold Plunge von Cleopatra steht f\u00fcr erfrischende Erholung genau dort, wo Sie sie brauchen.<\/p>\n<p>Sie k\u00f6nnen die Brosch\u00fcre herunterladen <a href=\"https:\/\/cleopatra.nl\/wp-content\/uploads\/CLEOPATRA-ICE-BATHS-2025.pdf\">hier<\/a> herunterladen.<\/p>\n<h4>PRODUKTEIGENSCHAFTEN<\/h4>\n<p>- K\u00fchlleistung: bis zu 2-4\u00b0C in 3-4 Stunden bei Raumtemperatur<br \/>\n- Erhitzung: auf 43\u00b0C in 3-4 Stunden bei Raumtemperatur<br \/>\n- Bequemlichkeit: es wird kein Eis ben\u00f6tigt (kann hinzugef\u00fcgt werden)<br \/>\n- Vielseitig: f\u00fcr den Innen- und Au\u00dfenbereich geeignet<br \/>\n- Langlebig: verschlei\u00dffestes Geh\u00e4use aus eloxiertem Stahl<br \/>\n- Ger\u00e4uschpegel: sehr niedriger Ger\u00e4uschpegel<br \/>\n- Selbstreinigend: fortschrittliches Filtersystem<br \/>\n- Benutzerfreundlichkeit: schnelles Einrichten und Betrieb mit 230V<br \/>\n- Entworfen und entwickelt in den Niederlanden<\/p>\n<h4><\/h4>\n<h4>WORAUS BESTEHT DIESES PRODUKT?<\/h4>\n<p>Das System besteht aus zwei Teilen:<br \/>\n1. Das 1-PS-K\u00fchlger\u00e4t ist mit einem robusten Geh\u00e4use aus eloxiertem Stahl ausgestattet und verf\u00fcgt \u00fcber Ozonreinigung, 20-Mikron-Filterung und einen Haarfilter. Es verf\u00fcgt \u00fcber ein Touchpanel und l\u00e4sst sich leicht bedienen.<\/p>\n<p>2. Aufblasbare Badewanne: Sie besteht aus Drop Stitch, einem Material, das es erm\u00f6glicht, aufblasbare Strukturen mit 100% flachen Oberfl\u00e4chen zu schaffen. Das macht sie viel steifer und fester. Es wird hergestellt, indem zwei \u00e4u\u00dfere Materialst\u00fccke mit Tausenden von feinen Polyesterf\u00e4den verbunden werden, die eng miteinander verwoben sind. Wenn man Luft hinzuf\u00fcgt, werden die F\u00e4den gestrafft, wodurch eine feste Oberfl\u00e4che entsteht.<\/p>\n<h4><\/h4>\n<h4>WIE FUNKTIONIERT DAS?<\/h4>\n<p>Ein k\u00fchles Bad in nur 4 Schritten!<br \/>\n1. F\u00fcllen Sie das Bad auf und schlie\u00dfen Sie die Schl\u00e4uche an den K\u00fchler an.<br \/>\n2. F\u00fcllen Sie die Badewanne mit Wasser<br \/>\n3. Schalten Sie das System ein<br \/>\n4. Abk\u00fchlung auf 2\u00b0C in 3-4 Stunden (bei Raumtemperatur)<\/p>\n<p>&nbsp;<\/p>\n<h4>SELFREINING<\/h4>\n<p>Das System besteht aus einer 3-stufigen Reinigung: Es filtert nach und nach gr\u00f6\u00dfere Partikel bis hin zu den kleinsten und t\u00f6tet so Bakterien und Viren ab.<br \/>\n1. Vorfilter: Er f\u00e4ngt Haare, Sedimente und Flusen auf.<br \/>\n2. Wasserfilter: Reinigt das Wasser von Staub und kleineren Partikeln.<br \/>\n3. Ozonator: Wird in der letzten Stufe auf gefiltertes Wasser angewendet und t\u00f6tet alle Bakterien und Viren ab.<\/p>\n<h4><\/h4>\n<h4>THINK IN!<\/h4>\n<p>F\u00fcr den Einsatz im Innen- und Au\u00dfenbereich geeignet:<br \/>\nDas Cleopatra Cold Plunge System ist nach IPX4 als wasser- und staubdicht eingestuft und h\u00e4lt einer Vielzahl von Bedingungen stand. Sie k\u00f6nnen es auf Ihrem Balkon, in Ihrem Garten oder in Innenr\u00e4umen aufstellen. Sein schlankes, modernes Design passt zu allen Innen- und Au\u00dfenbereichen. Erleben Sie die Vorteile der K\u00e4ltetherapie, wo immer Sie sind!<\/p>\n<p>&nbsp;<\/p>\n<h4>WARUM EIN EISBAD NEHMEN?<\/h4>\n<ul>\n<li><strong>Optimale Erholung<\/strong><br \/>\nEisb\u00e4der bieten eine Reihe von gesundheitlichen Vorteilen, vor allem wenn es um Erholung und Wellness geht. Nachstehend sind einige der Wirkungen aufgef\u00fchrt:<\/li>\n<li><strong>Erholung der Muskeln<\/strong><br \/>\nDas Eintauchen in kaltes Wasser hilft, Muskelschmerzen und Entz\u00fcndungen zu lindern, indem es die Blutgef\u00e4\u00dfe verengt, was zu einer schnelleren Erholung nach intensivem Sport oder k\u00f6rperlicher Bet\u00e4tigung beitragen kann.<\/li>\n<li><strong>Geringere Entz\u00fcndung<\/strong><br \/>\nDie kalte Temperatur reduziert die Entz\u00fcndung des Gewebes, was nach dem Training, nach Verletzungen oder Operationen von Vorteil sein kann und die Heilung beschleunigt.<\/li>\n<li><strong>Verbesserte Blutzirkulation<\/strong><br \/>\nDie K\u00e4lteeinwirkung bewirkt, dass sich die Blutgef\u00e4\u00dfe zusammenziehen und beim Verlassen des Eisbades wieder erweitern, wodurch der Blutfluss und die Durchblutung verbessert werden, was die Versorgung der Muskeln mit N\u00e4hrstoffen f\u00f6rdert.<\/li>\n<li><strong>Geringere M\u00fcdigkeit<\/strong><br \/>\nDurch die Reduzierung der Milchs\u00e4urebildung und die Verringerung der Muskelerm\u00fcdung k\u00f6nnen Eisb\u00e4der die sportliche Leistung verbessern und eine bessere Ausdauer bei k\u00f6rperlicher Bet\u00e4tigung erm\u00f6glichen.<\/li>\n<li><strong>Psychische Widerstandsf\u00e4higkeit<\/strong><br \/>\nDie Herausforderung, kalten Temperaturen zu trotzen, kann die mentale Widerstandsf\u00e4higkeit und Belastbarkeit verbessern, so dass Stress in anderen Lebensbereichen besser bew\u00e4ltigt werden kann.<\/li>\n<li><strong>Verbesserte Immunit\u00e4t<\/strong><br \/>\nRegelm\u00e4\u00dfiges Eintauchen in kaltes Wasser wird mit einer Verbesserung des k\u00f6rpereigenen Immunsystems in Verbindung gebracht, wodurch das Risiko bestimmter Krankheiten verringert werden kann.<\/li>\n<li><strong>Schmerzlinderung<\/strong><br \/>\nEisb\u00e4der k\u00f6nnen eine vor\u00fcbergehende Schmerzlinderung bewirken, indem sie die Nervenenden bet\u00e4uben und das Schmerzempfinden in Muskeln und Gelenken verringern.<\/li>\n<\/ul>\n<p>&nbsp;<\/p>\n<p>&nbsp;<\/p>\n<h4><strong>TECHNISCHE DATEN<\/strong><\/h4>\n<h4>Spezifikationen f\u00fcr das Eisbad:<\/h4>\n<ul>\n<li>Abmessungen: 96x96x90cm<\/li>\n<li>Material: Fallmaschengewebe<\/li>\n<li>Aufblasbar<\/li>\n<li>Enth\u00e4lt: Deckel, Handpumpe, Aufbewahrungstasche, Reparatursatz.<\/li>\n<li>Fassungsverm\u00f6gen: 480 Liter<\/li>\n<li>Gewicht (leer): 16 kg<\/li>\n<\/ul>\n<h4>Spezifikationen des K\u00fchlers:<\/h4>\n<ul>\n<li>K\u00fchlleistung: 1 HP (2500W)<\/li>\n<li>Elektrische Leistung: 1100 W (8,7A)<\/li>\n<li>K\u00e4ltemittel: R32<\/li>\n<li>Anschluss-Spannung: 230V - 50\/60Hz<\/li>\n<li>Ger\u00e4uschpegel: 48 dBA<\/li>\n<li>Es ist auch m\u00f6glich, die Temperatur im Winter zu erh\u00f6hen, damit Sie hei\u00dfes Wasser genie\u00dfen k\u00f6nnen (maximal 40 Grad Celsius).<\/li>\n<\/ul>\n<p>&nbsp;<\/p>\n<p><em>* Das h\u00e4ngt nat\u00fcrlich von der Au\u00dfentemperatur ab; zum Beispiel von 24 Grad Celsius bis 4 Grad Celsius.<\/em><\/p>","protected":false},"excerpt":{"rendered":"<p>IJSBAD VOOR OPTIMAAL HERSTEL Koude immersietherapie is nog nooit zo eenvoudig geweest. Maak kennis met de Cleopatra IJsbaden, die bij kamertemperatuur in 3 tot 4 uur afkoelt tot een frisse 2-4 \u00b0 C. Het systeem is eenvoudig in te stellen en zeer gebruiksvriendelijk. Het Cleopatra Ice Bath is ontworpen met uw herstel in gedachten en [&hellip;]<\/p>\n","protected":false},"featured_media":8267,"template":"","format":"standard","meta":{"_acf_changed":false},"product_brand":[347],"product_cat":[295],"product_tag":[],"class_list":{"0":"post-8092","1":"product","2":"type-product","3":"status-publish","4":"format-standard","5":"has-post-thumbnail","7":"product_brand-cleopatra","8":"product_cat-ijsbaden","10":"first","11":"instock","12":"taxable","13":"shipping-taxable","14":"purchasable","15":"product-type-simple"},"acf":[],"_links":{"self":[{"href":"https:\/\/cleopatra.nl\/de\/wp-json\/wp\/v2\/product\/8092","targetHints":{"allow":["GET"]}}],"collection":[{"href":"https:\/\/cleopatra.nl\/de\/wp-json\/wp\/v2\/product"}],"about":[{"href":"https:\/\/cleopatra.nl\/de\/wp-json\/wp\/v2\/types\/product"}],"wp:featuredmedia":[{"embeddable":true,"href":"https:\/\/cleopatra.nl\/de\/wp-json\/wp\/v2\/media\/8267"}],"wp:attachment":[{"href":"https:\/\/cleopatra.nl\/de\/wp-json\/wp\/v2\/media?parent=8092"}],"wp:term":[{"taxonomy":"product_brand","embeddable":true,"href":"https:\/\/cleopatra.nl\/de\/wp-json\/wp\/v2\/product_brand?post=8092"},{"taxonomy":"product_cat","embeddable":true,"href":"https:\/\/cleopatra.nl\/de\/wp-json\/wp\/v2\/product_cat?post=8092"},{"taxonomy":"product_tag","embeddable":true,"href":"https:\/\/cleopatra.nl\/de\/wp-json\/wp\/v2\/product_tag?post=8092"}],"curies":[{"name":"wp","href":"https:\/\/api.w.org\/{rel}","templated":true}]}}