{"id":8245,"date":"2025-01-28T15:01:23","date_gmt":"2025-01-28T14:01:23","guid":{"rendered":"https:\/\/cleopatra.nl\/?post_type=product&#038;p=8245"},"modified":"2026-03-31T13:34:30","modified_gmt":"2026-03-31T11:34:30","slug":"analysebezoek","status":"publish","type":"product","link":"https:\/\/cleopatra.nl\/de\/shop\/analyse-bezoek\/analysebezoek\/","title":{"rendered":"Dienstfahrkarte"},"content":{"rendered":"<p>Sie haben ein Cleopatra-Produkt und ben\u00f6tigen Unterst\u00fctzung bei der Wartung? Oder ist die Installation in die Jahre gekommen und Sie brauchen eine zweite Meinung?<\/p>\n<p>Mit dem Serviceschein kann unser Servicetechniker erkl\u00e4ren, welche Arbeiten durchgef\u00fchrt werden k\u00f6nnen. Der Techniker wird, falls vorhanden, Material mitnehmen, damit er mit Ihnen besprechen kann, was ausgetauscht werden muss. Bitte beachten Sie, dass \u00e4ltere Anlagen (&gt;15 Jahre) m\u00f6glicherweise nicht mehr in den Neuzustand versetzt werden k\u00f6nnen. Dies hat mit der Verf\u00fcgbarkeit von Ersatzteilen zu tun, aber auch damit, ob die Anlage ausreichend gewartet wurde, was der betreffende Techniker beurteilen kann.<\/p>\n<p>Nach Bezahlung des Service-Tickets werden wir Sie kontaktieren, um einen Termin zu vereinbaren. Bitte beachten Sie, dass die Wartezeiten f\u00fcr einen Besuch variieren k\u00f6nnen.<\/p>\n<p>Bitte lesen Sie vor Ihrem Besuch unsere Nutzungsbedingungen. Mit dem Kauf eines Service-Tickets erkl\u00e4ren Sie sich mit diesen Bedingungen einverstanden.<\/p>\n<p><strong>1) GEW\u00c4HRLEISTUNGSR\u00dcCKSTELLUNG<\/strong><br \/>\nLiegen Montage- und\/oder Installationsfehler oder Ursachen au\u00dferhalb der Garantiebedingungen vor, werden die Kosten des Serviceeinsatzes in vollem Umfang an Sie weitergegeben. Wir weisen ausdr\u00fccklich darauf hin, dass unsere diesbez\u00fcglichen Feststellungen verbindlich sind. Um festzustellen, ob Ihr Produkt unter die Garantiebestimmungen f\u00e4llt, senden Sie uns bitte eine Kopie der Original-Kaufrechnung per E-Mail zu.<\/p>\n<p><strong>2) INSTALLATION DER BARRIEREFREIHEIT<\/strong><br \/>\nUm die Sicherheit unserer Techniker zu gew\u00e4hrleisten, muss die Technik des Whirlpools, des Dampfbads und\/oder der Sauna frei und zug\u00e4nglich sein, unabh\u00e4ngig davon, ob sie \u00fcber eine Serviceklappe verf\u00fcgt oder nicht. Wenn die Technik nicht oder nicht ausreichend zug\u00e4nglich ist, k\u00f6nnen wir keine Arbeiten durchf\u00fchren. M\u00fcssen wir eine Serviceklappe unter dem Fu\u00dfboden oder hinter einem Kniebrett \u00f6ffnen, obliegt es dem Techniker zu beurteilen, ob dies sicher ist. Wir f\u00fchren keine Arbeiten aus, bei denen der Techniker unter den Fu\u00dfboden gehen muss.<\/p>\n<p><strong>3) RATEN F\u00dcR SERVICEBESUCHE<\/strong><br \/>\nBei einer<strong>\u00a0regelm\u00e4\u00dfiger Servicebesuch<\/strong>\u00a0werden die folgenden Geb\u00fchren erhoben:<\/p>\n<p>Arbeit \u20ac 102,85 exkl. 21% MwSt. (Euro 124,45 inkl. MwSt.) pro Stunde (Berechnung pro Viertelstunde)<br \/>\nAnfahrtskosten \u20ac127,27 exkl. 21% MwSt. (Euro 154,00 inkl. MwSt.).<\/p>\n<p>Materialkosten ohne 21%-Mehrwertsteuer, zuz\u00fcglich eventueller Park- und Mautgeb\u00fchren.<\/p>\n<p>Die Zahlung sollte am Ende des Servicebesuchs an den Techniker erfolgen\u00a0<strong>verankert<\/strong> zu entrichten; Barzahlung ist nicht m\u00f6glich. Das von Ihnen gekaufte Service-Ticket wird vom Mechaniker von dem von Ihnen geschuldeten Gesamtbetrag abgezogen. Das Service-Ticket wird auch dann nicht zur\u00fcckerstattet, wenn der Techniker innerhalb der vereinbarten Zeit von 1 Stunde fr\u00fcher fertig wird.<\/p>\n<p><strong>4) STORNIERUNG VON DIENSTBESUCHEN<\/strong><br \/>\nServicebesuche k\u00f6nnen bis zu 48 Stunden im Voraus storniert werden; erfolgt die Stornierung nicht rechtzeitig, verf\u00e4llt der Anspruch auf Erstattung.<\/p>\n<p><strong>5) ALLGEMEINE GESCH\u00c4FTSBEDINGUNGEN CLEOPATRA<\/strong><\/p>\n<p>F\u00fcr den mit Ihnen zu schlie\u00dfenden Vertrag gelten die Allgemeinen Gesch\u00e4ftsbedingungen von Cleopatra. Die Allgemeinen Gesch\u00e4ftsbedingungen von Cleopatra k\u00f6nnen \u00fcber den Link als Pdf heruntergeladen werden: <a href=\"https:\/\/cleopatra.nl\/de\/algemene-voorwaarden\/\">Allgemeine Gesch\u00e4ftsbedingungen - Cleopatra<\/a><\/p>\n<p><strong>6) HAFTUNGSAUSSCHLUSS<\/strong><br \/>\nWir versuchen, Serviceanfragen unabh\u00e4ngig vom Alter des Produkts so gut und genau wie m\u00f6glich zu l\u00f6sen. Leider kann es manchmal vorkommen, dass wir Produkte aufgrund von Verschlei\u00df und\/oder fehlenden Teilen nicht vollst\u00e4ndig reparieren k\u00f6nnen. In diesen F\u00e4llen m\u00fcssen Sie mit dem Techniker vor Ort besprechen, welche M\u00f6glichkeiten noch zur Verf\u00fcgung stehen. Bitte beachten Sie, dass in diesem Fall das Geld f\u00fcr das Serviceticket nicht zur\u00fcckerstattet werden kann. Der Preis f\u00fcr ein Serviceticket setzt sich zusammen aus den Kosten f\u00fcr die Verwaltung, den Anfahrtskosten und einer Arbeitsstunde.<\/p>\n<p><strong>7) DEN DIENSTAUSWEIS VERWEIGERN<\/strong><\/p>\n<p>Cleopatra beh\u00e4lt sich das Recht vor, Serviceanfragen abzulehnen, das entsprechende von Ihnen bezahlte Serviceticket wird erstattet.<\/p>","protected":false},"excerpt":{"rendered":"<p>Heeft u een Cleopatra product maar heeft u ondersteuning nodig voor het onderhoud? Of is de installatie op leeftijd en heeft u een second-opinion nodig? Met het serviceticket kan onze servicemedewerker u uitleggen welke service er uitgevoerd kan worden. De monteur neemt materialen mee, indien beschikbaar, zodoende hij met u kan overleggen wat vervangen dient [&hellip;]<\/p>\n","protected":false},"featured_media":8247,"template":"","format":"standard","meta":{"_acf_changed":false},"product_brand":[],"product_cat":[297],"product_tag":[],"class_list":{"0":"post-8245","1":"product","2":"type-product","3":"status-publish","4":"format-standard","5":"has-post-thumbnail","7":"product_cat-analyse-bezoek","8":"product_shipping_class-gratis-verzending","10":"first","11":"instock","12":"sold-individually","13":"taxable","14":"shipping-taxable","15":"purchasable","16":"product-type-simple"},"acf":[],"_links":{"self":[{"href":"https:\/\/cleopatra.nl\/de\/wp-json\/wp\/v2\/product\/8245","targetHints":{"allow":["GET"]}}],"collection":[{"href":"https:\/\/cleopatra.nl\/de\/wp-json\/wp\/v2\/product"}],"about":[{"href":"https:\/\/cleopatra.nl\/de\/wp-json\/wp\/v2\/types\/product"}],"wp:featuredmedia":[{"embeddable":true,"href":"https:\/\/cleopatra.nl\/de\/wp-json\/wp\/v2\/media\/8247"}],"wp:attachment":[{"href":"https:\/\/cleopatra.nl\/de\/wp-json\/wp\/v2\/media?parent=8245"}],"wp:term":[{"taxonomy":"product_brand","embeddable":true,"href":"https:\/\/cleopatra.nl\/de\/wp-json\/wp\/v2\/product_brand?post=8245"},{"taxonomy":"product_cat","embeddable":true,"href":"https:\/\/cleopatra.nl\/de\/wp-json\/wp\/v2\/product_cat?post=8245"},{"taxonomy":"product_tag","embeddable":true,"href":"https:\/\/cleopatra.nl\/de\/wp-json\/wp\/v2\/product_tag?post=8245"}],"curies":[{"name":"wp","href":"https:\/\/api.w.org\/{rel}","templated":true}]}}