{"id":8360,"date":"2025-03-03T11:56:08","date_gmt":"2025-03-03T10:56:08","guid":{"rendered":"https:\/\/cleopatra.nl\/?post_type=product&#038;p=8360"},"modified":"2025-09-17T14:20:09","modified_gmt":"2025-09-17T12:20:09","slug":"registratiekaart","status":"publish","type":"product","link":"https:\/\/cleopatra.nl\/de\/spare-parts\/analyse-bezoek\/registratiekaart\/","title":{"rendered":"Registrierungskarte | Verbraucher"},"content":{"rendered":"<p>Haben Sie ein Cleopatra-Produkt, dessen Wartungshistorie Sie nicht kennen? Und Sie haben kein Wartungsabonnement? Dann denken Sie daran, dass wir die Anlage zun\u00e4chst in unserem System registrieren m\u00fcssen, bevor wir Ihnen weiterhelfen k\u00f6nnen. Die Registrierung umfasst: die Ermittlung des Produktionsdatums, der Seriennummer und der Version. Dar\u00fcber hinaus m\u00fcssen wir anhand von Fotos beurteilen, ob und wie wir Ihr Cleopatra-Produkt warten k\u00f6nnen.<\/p>\n<p>Es kann sein, dass wir aus technischen Gr\u00fcnden oder wegen des Alters des Produkts nicht in der Lage sind, es zu warten.<\/p>\n<p>&nbsp;<\/p>","protected":false},"excerpt":{"rendered":"<p>Heeft u een Cleopatra product waar u de onderhoudsgeschiedenis niet van kent? En heeft u geen onderhoudsabonnement? Hou er dan rekening mee dat we eerst de installatie moeten registeren in ons systeem voordat we u verder kunnen helpen. De registratie omvat: traceren van de productiedatum, serienummer en uitvoering. Daarnaast dienen we op basis van foto&#8217;s [&hellip;]<\/p>\n","protected":false},"featured_media":8247,"template":"","format":"standard","meta":{"_acf_changed":false},"product_brand":[],"product_cat":[297],"product_tag":[],"class_list":{"0":"post-8360","1":"product","2":"type-product","3":"status-publish","4":"format-standard","5":"has-post-thumbnail","7":"product_cat-analyse-bezoek","8":"product_shipping_class-gratis-verzending","10":"first","11":"instock","12":"sold-individually","13":"taxable","14":"shipping-taxable","15":"purchasable","16":"product-type-simple"},"acf":[],"_links":{"self":[{"href":"https:\/\/cleopatra.nl\/de\/wp-json\/wp\/v2\/product\/8360","targetHints":{"allow":["GET"]}}],"collection":[{"href":"https:\/\/cleopatra.nl\/de\/wp-json\/wp\/v2\/product"}],"about":[{"href":"https:\/\/cleopatra.nl\/de\/wp-json\/wp\/v2\/types\/product"}],"wp:featuredmedia":[{"embeddable":true,"href":"https:\/\/cleopatra.nl\/de\/wp-json\/wp\/v2\/media\/8247"}],"wp:attachment":[{"href":"https:\/\/cleopatra.nl\/de\/wp-json\/wp\/v2\/media?parent=8360"}],"wp:term":[{"taxonomy":"product_brand","embeddable":true,"href":"https:\/\/cleopatra.nl\/de\/wp-json\/wp\/v2\/product_brand?post=8360"},{"taxonomy":"product_cat","embeddable":true,"href":"https:\/\/cleopatra.nl\/de\/wp-json\/wp\/v2\/product_cat?post=8360"},{"taxonomy":"product_tag","embeddable":true,"href":"https:\/\/cleopatra.nl\/de\/wp-json\/wp\/v2\/product_tag?post=8360"}],"curies":[{"name":"wp","href":"https:\/\/api.w.org\/{rel}","templated":true}]}}