{"id":8404,"date":"2025-03-20T14:49:36","date_gmt":"2025-03-20T13:49:36","guid":{"rendered":"https:\/\/cleopatra.nl\/?post_type=product&#038;p=8404"},"modified":"2026-04-26T21:18:57","modified_gmt":"2026-04-26T19:18:57","slug":"scent-diffuser-cleo1500s","status":"publish","type":"product","link":"https:\/\/cleopatra.nl\/de\/shop\/aroma-diffuser\/scent-diffuser-cleo1500s\/","title":{"rendered":"Duftzerst\u00e4uber | Cleo1500S"},"content":{"rendered":"<p>Dieser Diffusor ist geeignet, um \u00e4therische \u00d6le auf effektive Art und Weise zu verdampfen und in den Raum zu bringen. Fl\u00fcsterleise und \u00e4u\u00dferst effizient, da die Dosierung fein eingestellt werden kann. Einsetzbar z.B. in B\u00fcror\u00e4umen, an der Rezeption, in Wellness-Bereichen, etc.<\/p>\n<p>Der Aroma Diffusor Cleo 1500S ist geeignet f\u00fcr R\u00e4ume: bis zu 1500 M3 und\/oder 500 M2<\/p>\n<p>&nbsp;<\/p>\n<p><strong>MANUELL<\/strong><\/p>\n<p>Sie k\u00f6nnen das Handbuch herunterladen <strong><a href=\"https:\/\/cleopatra.nl\/wp-content\/uploads\/90549030-Cleopatra-Scent-Diffuser-1.pdf\">hier herunterladen<\/a><\/strong><\/p>\n<p>&nbsp;<\/p>\n<p><strong>FEATURES<\/strong><\/p>\n<p>Abmessungen: 223x250x95 mm<\/p>\n<p>Gewicht: 3,6 kg<\/p>\n<p>Fassungsverm\u00f6gen der Flasche: 500 ml<\/p>\n<p>Material: Metall und Acryl<\/p>\n<p>Farbe: schwarz<\/p>\n<p>Spannung: 12 V<\/p>\n<p>Leistungsaufnahme: 10W<\/p>\n<p>Verbrauch: 3,2 ml\/h<\/p>\n<p>Bedienung: Taste \/ App<\/p>\n<p>&nbsp;<\/p>","protected":false},"excerpt":{"rendered":"<p>Deze diffuser is geschikt om etherische oli\u00ebn via effectieve wijze te verdampen en zo in de ruimte te brengen. Fluisterzacht en uitermate effici\u00ebnt doordat de dosering fijn kan worden ingesteld. Kan gebruikt worden in bijvoorbeeld een kantoorruimte, bij een receptiebalie, wellness ruimtes, etc. De aroma diffuser Cleo 1500S is geschikt voor ruimtes: tot 1500 M3 [&hellip;]<\/p>\n","protected":false},"featured_media":8413,"template":"","format":"standard","meta":{"_acf_changed":false},"product_brand":[347],"product_cat":[298,330],"product_tag":[],"class_list":{"0":"post-8404","1":"product","2":"type-product","3":"status-publish","4":"format-standard","5":"has-post-thumbnail","7":"product_brand-cleopatra","8":"product_cat-cleopatra-scents","9":"product_cat-scent_diffusers","11":"first","12":"instock","13":"taxable","14":"shipping-taxable","15":"purchasable","16":"product-type-simple"},"acf":[],"_links":{"self":[{"href":"https:\/\/cleopatra.nl\/de\/wp-json\/wp\/v2\/product\/8404","targetHints":{"allow":["GET"]}}],"collection":[{"href":"https:\/\/cleopatra.nl\/de\/wp-json\/wp\/v2\/product"}],"about":[{"href":"https:\/\/cleopatra.nl\/de\/wp-json\/wp\/v2\/types\/product"}],"wp:featuredmedia":[{"embeddable":true,"href":"https:\/\/cleopatra.nl\/de\/wp-json\/wp\/v2\/media\/8413"}],"wp:attachment":[{"href":"https:\/\/cleopatra.nl\/de\/wp-json\/wp\/v2\/media?parent=8404"}],"wp:term":[{"taxonomy":"product_brand","embeddable":true,"href":"https:\/\/cleopatra.nl\/de\/wp-json\/wp\/v2\/product_brand?post=8404"},{"taxonomy":"product_cat","embeddable":true,"href":"https:\/\/cleopatra.nl\/de\/wp-json\/wp\/v2\/product_cat?post=8404"},{"taxonomy":"product_tag","embeddable":true,"href":"https:\/\/cleopatra.nl\/de\/wp-json\/wp\/v2\/product_tag?post=8404"}],"curies":[{"name":"wp","href":"https:\/\/api.w.org\/{rel}","templated":true}]}}