{"id":8528,"date":"2025-04-29T11:03:43","date_gmt":"2025-04-29T09:03:43","guid":{"rendered":"https:\/\/cleopatra.nl\/?post_type=product&#038;p=8528"},"modified":"2026-04-26T08:55:42","modified_gmt":"2026-04-26T06:55:42","slug":"controlbox-steam-one-basis","status":"publish","type":"product","link":"https:\/\/cleopatra.nl\/de\/spare-parts\/controlbox-steam-one-basis\/","title":{"rendered":"Steuerger\u00e4t Steam One | Basis"},"content":{"rendered":"<p>Controlbox Steam One Basis,<\/p>\n<p>Dabei handelt es sich um die Leiterplatte in einem v\u00f6llig neuen Geh\u00e4use f\u00fcr beide:<\/p>\n<ul>\n<li>Cleo Steam One<\/li>\n<li>Cleo Dampf Smart<\/li>\n<li>Cleo Dampf Gehirn<\/li>\n<li>Cleo Dampf Deluxe<\/li>\n<\/ul>\n<p>Sobald Sie den Druck bestellt haben, erhalten Sie eine Nachricht von unserem Kundensupport, um die Optionen zu besprechen, die vorinstalliert werden m\u00fcssen.<br \/>\nSo funktioniert die Leiterplatte sofort, wenn sie eingesteckt wird.<\/p>\n<p><a href=\"https:\/\/cleopatra.nl\/wp-content\/uploads\/Aansluitschema.pdf\">Schaltplan<\/a><\/p>","protected":false},"excerpt":{"rendered":"<p>Controlbox Steam One basis, Dit betreft de print in geheel nieuwe behuizing voor zowel: Cleo Steam One Cleo Steam Smart Cleo Steam Brain Cleo Steam Deluxe Wanneer u de print heeft besteld zult u een bericht ontvangen van onze customer support om de opties te bespreken die vooraf ge\u00efnstalleerd dienen te worden. Dit zodat wanneer [&hellip;]<\/p>\n","protected":false},"featured_media":8529,"template":"","format":"standard","meta":{"_acf_changed":false},"product_brand":[347],"product_cat":[60,116,118,117],"product_tag":[],"class_list":{"0":"post-8528","1":"product","2":"type-product","3":"status-publish","4":"format-standard","5":"has-post-thumbnail","7":"product_brand-cleopatra","8":"product_cat-spare-parts","9":"product_cat-steam-brain","10":"product_cat-steam-smart","11":"product_cat-steam-one","12":"product_shipping_class-gratis-verzending","14":"first","15":"instock","16":"taxable","17":"shipping-taxable","18":"purchasable","19":"product-type-simple"},"acf":[],"_links":{"self":[{"href":"https:\/\/cleopatra.nl\/de\/wp-json\/wp\/v2\/product\/8528","targetHints":{"allow":["GET"]}}],"collection":[{"href":"https:\/\/cleopatra.nl\/de\/wp-json\/wp\/v2\/product"}],"about":[{"href":"https:\/\/cleopatra.nl\/de\/wp-json\/wp\/v2\/types\/product"}],"wp:featuredmedia":[{"embeddable":true,"href":"https:\/\/cleopatra.nl\/de\/wp-json\/wp\/v2\/media\/8529"}],"wp:attachment":[{"href":"https:\/\/cleopatra.nl\/de\/wp-json\/wp\/v2\/media?parent=8528"}],"wp:term":[{"taxonomy":"product_brand","embeddable":true,"href":"https:\/\/cleopatra.nl\/de\/wp-json\/wp\/v2\/product_brand?post=8528"},{"taxonomy":"product_cat","embeddable":true,"href":"https:\/\/cleopatra.nl\/de\/wp-json\/wp\/v2\/product_cat?post=8528"},{"taxonomy":"product_tag","embeddable":true,"href":"https:\/\/cleopatra.nl\/de\/wp-json\/wp\/v2\/product_tag?post=8528"}],"curies":[{"name":"wp","href":"https:\/\/api.w.org\/{rel}","templated":true}]}}