{"id":8554,"date":"2025-05-09T15:52:03","date_gmt":"2025-05-09T13:52:03","guid":{"rendered":"https:\/\/cleopatra.nl\/?post_type=product&#038;p=8554"},"modified":"2026-04-26T21:18:57","modified_gmt":"2026-04-26T19:18:57","slug":"scent-diffuser-cleo100s","status":"publish","type":"product","link":"https:\/\/cleopatra.nl\/de\/shop\/aroma-diffuser\/scent-diffuser-cleo100s\/","title":{"rendered":"Duftzerst\u00e4uber | Cleo100S"},"content":{"rendered":"<p>Dieser Diffusor ist geeignet, um \u00e4therische \u00d6le auf effektive Weise zu verdampfen und in den Raum zu bringen. Fl\u00fcsterleise und \u00e4u\u00dferst effizient, da die Dosierung fein eingestellt werden kann. Kann zum Beispiel im B\u00fcro, am Empfang, im Wohnzimmer oder im Schlafzimmer verwendet werden.<\/p>\n<p>Der Aroma-Diffusor Cleo 100S ist f\u00fcr kleine R\u00e4ume bis zu 100 m3 geeignet.<\/p>\n<p>&nbsp;<\/p>\n<p><strong>MANUELL<\/strong><\/p>\n<p>Sie k\u00f6nnen das Handbuch herunterladen <strong><a href=\"https:\/\/cleopatra.nl\/wp-content\/uploads\/90549030-Cleopatra-Scent-Diffuser-1.pdf\">hier herunterladen<\/a><\/strong><\/p>\n<p>&nbsp;<\/p>\n<p><strong>FEATURES<\/strong><\/p>\n<p>Abmessungen: 160 x 50 x 94 mm<\/p>\n<p>Gewicht: 1,5 kg<\/p>\n<p>Inhalt des Fl\u00e4schchens: 10 ml<\/p>\n<p>Material: Metall und Acryl<\/p>\n<p>Farbe: schwarz<\/p>\n<p>Spannung: DC 5V<\/p>\n<p>Leistungsaufnahme: 5 W<\/p>\n<p>Verbrauch: 0,3 ml\/h<\/p>\n<p>Ger\u00e4uschpegel: &lt;30dB<\/p>\n<p>Bedienung: Taste \/ App<\/p>\n<p>Kabel: USB auf Typ C<\/p>\n<p>Batterie<\/p>\n<p>LED-Beleuchtung<\/p>\n<p>App-Kontrolle<\/p>\n<p>Timer-Einstellungen (G1 - G4)<\/p>\n<p>&nbsp;<\/p>\n<p>&nbsp;<\/p>","protected":false},"excerpt":{"rendered":"<p>Deze diffuser is geschikt om etherische oli\u00ebn via effectieve wijze te verdampen en zo in de ruimte te brengen. Fluisterzacht en uitermate effici\u00ebnt doordat de dosering fijn kan worden ingesteld. Kan gebruikt worden in bijvoorbeeld een kantoorruimte, bij een receptiebalie, woonkamer of slaapkamer De aroma diffuser Cleo 100S is geschikt voor kleine ruimtes max. 100 [&hellip;]<\/p>\n","protected":false},"featured_media":8557,"template":"","format":"standard","meta":{"_acf_changed":false},"product_brand":[347],"product_cat":[298,330],"product_tag":[],"class_list":{"0":"post-8554","1":"product","2":"type-product","3":"status-publish","4":"format-standard","5":"has-post-thumbnail","7":"product_brand-cleopatra","8":"product_cat-cleopatra-scents","9":"product_cat-scent_diffusers","11":"first","12":"instock","13":"sale","14":"taxable","15":"shipping-taxable","16":"purchasable","17":"product-type-simple"},"acf":[],"_links":{"self":[{"href":"https:\/\/cleopatra.nl\/de\/wp-json\/wp\/v2\/product\/8554","targetHints":{"allow":["GET"]}}],"collection":[{"href":"https:\/\/cleopatra.nl\/de\/wp-json\/wp\/v2\/product"}],"about":[{"href":"https:\/\/cleopatra.nl\/de\/wp-json\/wp\/v2\/types\/product"}],"wp:featuredmedia":[{"embeddable":true,"href":"https:\/\/cleopatra.nl\/de\/wp-json\/wp\/v2\/media\/8557"}],"wp:attachment":[{"href":"https:\/\/cleopatra.nl\/de\/wp-json\/wp\/v2\/media?parent=8554"}],"wp:term":[{"taxonomy":"product_brand","embeddable":true,"href":"https:\/\/cleopatra.nl\/de\/wp-json\/wp\/v2\/product_brand?post=8554"},{"taxonomy":"product_cat","embeddable":true,"href":"https:\/\/cleopatra.nl\/de\/wp-json\/wp\/v2\/product_cat?post=8554"},{"taxonomy":"product_tag","embeddable":true,"href":"https:\/\/cleopatra.nl\/de\/wp-json\/wp\/v2\/product_tag?post=8554"}],"curies":[{"name":"wp","href":"https:\/\/api.w.org\/{rel}","templated":true}]}}