{"id":8577,"date":"2025-05-16T20:14:16","date_gmt":"2025-05-16T18:14:16","guid":{"rendered":"https:\/\/cleopatra.nl\/?post_type=product&#038;p=8577"},"modified":"2026-04-26T21:18:52","modified_gmt":"2026-04-26T19:18:52","slug":"dakdouche-600-x-300-mm-4-straalsoorten","status":"publish","type":"product","link":"https:\/\/cleopatra.nl\/de\/shop\/wellness-shower\/dakdouche-600-x-300-mm-4-straalsoorten\/","title":{"rendered":"Aquafun Dusche 600 x 300 mm | 4 Strahlarten"},"content":{"rendered":"<p>Sind Sie auf der Suche nach einem zus\u00e4tzlichen Duschvergn\u00fcgen? Dann haben Sie mit den Aquafun-Dachduschen gefunden, was Sie suchen. Durch geschickt platzierte D\u00fcsen k\u00f6nnen Sie bis zu 4 verschiedene Strahlarten genie\u00dfen.<\/p>\n<p>&nbsp;<\/p>\n<h4>STREAMS<\/h4>\n<p>- Regenmacher<\/p>\n<p>- Wasserfall<\/p>\n<p>- Wassers\u00e4ule<\/p>\n<p>- Spr\u00fchnebel<\/p>\n<p>&nbsp;<\/p>\n<h4>MONTAGE<\/h4>\n<p>Diese Dachdusche kann in ein Dach oder eine Decke eingebaut werden<\/p>\n<p>&nbsp;<\/p>\n<h4>DIMENSION<\/h4>\n<p>600 x 300 mm<\/p>\n<p>&nbsp;<\/p>\n<h4>FARBEN<\/h4>\n<p>Diese Aqaufun-Dachdusche ist in verschiedenen PVD-Farben erh\u00e4ltlich; diese Farben sind mit einem Aufpreis verbunden. Nachstehend finden Sie eine \u00dcbersicht der verf\u00fcgbaren Farben.<\/p>\n<p>Chrom (Standard)<\/p>\n<p>Gold-Optik<\/p>\n<p>Gold-Rosa-Optik<\/p>\n<p>Schwarz-Chrom-Optik<\/p>\n<p>&nbsp;<\/p>\n<p>Geb\u00fcrsteter rostfreier Stahl<\/p>\n<p>Geb\u00fcrstete Bronze<\/p>\n<p>Geb\u00fcrstetes Schwarz Chrom<\/p>\n<p>Geb\u00fcrstetes Nickel<\/p>\n<p>&nbsp;<\/p>\n<h4>ADRESSE<\/h4>\n<p>Diese Dachdusche kann mit herk\u00f6mmlichen Thermostatarmaturen und Verteilern verbunden werden. Es ist m\u00f6glich, diese Aquafun-Dachdusche mit der Cleopatra-Wellnessdusche zu kombinieren. Die Cleopatra-Wellnessdusche ist eine elektronische Dusche, mit der Sie alle Strahlarten \u00fcber ein Luxus-Display steuern k\u00f6nnen.<\/p>","protected":false},"excerpt":{"rendered":"<p>Bent u op zoek naar extra doucheplezier? Dan heet u met de Aquafun dakdouches gevonden wat u zoekt. Middels slim geplaatste jets kunt u genieten van maar liefst 4 verschillende straalsoorten. &nbsp; STRAALSOORTEN &#8211; Rainmaker &#8211; Waterval &#8211; Water kolom &#8211; Nevel spray &nbsp; MONTAGE Deze dakdouche kan in een dak of plafond worden ingebouwd [&hellip;]<\/p>\n","protected":false},"featured_media":8633,"template":"","format":"standard","meta":{"_acf_changed":false},"product_brand":[347],"product_cat":[275],"product_tag":[],"class_list":{"0":"post-8577","1":"product","2":"type-product","3":"status-publish","4":"format-standard","5":"has-post-thumbnail","7":"product_brand-cleopatra","8":"product_cat-wellness-shower","10":"first","11":"instock","12":"taxable","13":"shipping-taxable","14":"purchasable","15":"product-type-simple"},"acf":[],"_links":{"self":[{"href":"https:\/\/cleopatra.nl\/de\/wp-json\/wp\/v2\/product\/8577","targetHints":{"allow":["GET"]}}],"collection":[{"href":"https:\/\/cleopatra.nl\/de\/wp-json\/wp\/v2\/product"}],"about":[{"href":"https:\/\/cleopatra.nl\/de\/wp-json\/wp\/v2\/types\/product"}],"wp:featuredmedia":[{"embeddable":true,"href":"https:\/\/cleopatra.nl\/de\/wp-json\/wp\/v2\/media\/8633"}],"wp:attachment":[{"href":"https:\/\/cleopatra.nl\/de\/wp-json\/wp\/v2\/media?parent=8577"}],"wp:term":[{"taxonomy":"product_brand","embeddable":true,"href":"https:\/\/cleopatra.nl\/de\/wp-json\/wp\/v2\/product_brand?post=8577"},{"taxonomy":"product_cat","embeddable":true,"href":"https:\/\/cleopatra.nl\/de\/wp-json\/wp\/v2\/product_cat?post=8577"},{"taxonomy":"product_tag","embeddable":true,"href":"https:\/\/cleopatra.nl\/de\/wp-json\/wp\/v2\/product_tag?post=8577"}],"curies":[{"name":"wp","href":"https:\/\/api.w.org\/{rel}","templated":true}]}}