{"id":8591,"date":"2025-05-16T20:25:04","date_gmt":"2025-05-16T18:25:04","guid":{"rendered":"https:\/\/cleopatra.nl\/?post_type=product&#038;p=8591"},"modified":"2026-04-27T17:47:18","modified_gmt":"2026-04-27T15:47:18","slug":"aquafun-shower-900-x-300-mm-4-straalsoorten","status":"publish","type":"product","link":"https:\/\/cleopatra.nl\/de\/shop\/wellness-shower\/aquafun-shower-900-x-300-mm-4-straalsoorten\/","title":{"rendered":"Aquafun Dusche 900 x 300 mm | 4 Strahlarten"},"content":{"rendered":"<p>Sind Sie auf der Suche nach einem zus\u00e4tzlichen Duschvergn\u00fcgen? Dann haben Sie mit den Aquafun-Dachduschen gefunden, was Sie suchen. Durch geschickt platzierte D\u00fcsen k\u00f6nnen Sie bis zu 4 verschiedene Strahlarten genie\u00dfen.<\/p>\n<p>&nbsp;<\/p>\n<h4>STREAMS<\/h4>\n<p>- Regenmacher<\/p>\n<p>- Wasserfall<\/p>\n<p>- Wassers\u00e4ule<\/p>\n<p>- Spr\u00fchnebel<\/p>\n<p>&nbsp;<\/p>\n<h4>MONTAGE<\/h4>\n<p>Diese Dachdusche kann in ein Dach oder eine Decke eingebaut werden<\/p>\n<p>&nbsp;<\/p>\n<h4>DIMENSION<\/h4>\n<p>900 x 300 mm<\/p>\n<p>&nbsp;<\/p>\n<h4>FARBEN<\/h4>\n<p>Diese Aqaufun-Dachdusche ist in verschiedenen PVD-Farben erh\u00e4ltlich; diese Farben sind mit einem Aufpreis verbunden. Nachstehend finden Sie eine \u00dcbersicht der verf\u00fcgbaren Farben.<\/p>\n<p>Chrom (Standard)<\/p>\n<p>Gold-Optik<\/p>\n<p>Gold-Rosa-Optik<\/p>\n<p>Schwarz-Chrom-Optik<\/p>\n<p>&nbsp;<\/p>\n<p>Geb\u00fcrsteter rostfreier Stahl<\/p>\n<p>Geb\u00fcrstete Bronze<\/p>\n<p>Geb\u00fcrstetes Schwarz Chrom<\/p>\n<p>Geb\u00fcrstetes Nickel<\/p>\n<p>&nbsp;<\/p>\n<h4>ADRESSE<\/h4>\n<p>Diese Dachdusche kann mit herk\u00f6mmlichen Thermostatarmaturen und Verteilern verbunden werden. Es ist m\u00f6glich, diese Aquafun-Dachdusche mit der Cleopatra-Wellnessdusche zu kombinieren. Die Cleopatra-Wellnessdusche ist eine elektronische Dusche, mit der Sie alle Strahlarten \u00fcber ein Luxus-Display steuern k\u00f6nnen.<\/p>\n<p>&nbsp;<\/p>\n<h4><code>\t\t\t<div class=\"gmwcp_button\">\n\t\t\t\t\t<a href=\"https:\/\/cleopatra.nl\/de\/shop\/wellness-shower\/aquafun-shower-900-x-300-mm-4-straalsoorten\/?action=catelog_single&#038;product_id=8591\" class=\"button\">\n\t\t\t\t    Download Catalog\t\t\t\t<\/a>\n\t\t\t<\/div>\n\t\t\t<\/code><\/h4>","protected":false},"excerpt":{"rendered":"<p>Bent u op zoek naar extra doucheplezier? Dan heet u met de Aquafun dakdouches gevonden wat u zoekt. Middels slim geplaatste jets kunt u genieten van maar liefst 4 verschillende straalsoorten. &nbsp; STRAALSOORTEN &#8211; Rainmaker &#8211; Waterval &#8211; Water kolom &#8211; Nevel spray &nbsp; MONTAGE Deze dakdouche kan in een dak of plafond worden ingebouwd [&hellip;]<\/p>\n","protected":false},"featured_media":8592,"template":"","format":"standard","meta":{"_acf_changed":false},"product_brand":[347],"product_cat":[275,350],"product_tag":[],"class_list":{"0":"post-8591","1":"product","2":"type-product","3":"status-publish","4":"format-standard","5":"has-post-thumbnail","7":"product_brand-cleopatra","8":"product_cat-wellness-shower","9":"product_cat-dakdouches","11":"first","12":"instock","13":"taxable","14":"shipping-taxable","15":"purchasable","16":"product-type-simple"},"acf":[],"_links":{"self":[{"href":"https:\/\/cleopatra.nl\/de\/wp-json\/wp\/v2\/product\/8591","targetHints":{"allow":["GET"]}}],"collection":[{"href":"https:\/\/cleopatra.nl\/de\/wp-json\/wp\/v2\/product"}],"about":[{"href":"https:\/\/cleopatra.nl\/de\/wp-json\/wp\/v2\/types\/product"}],"wp:featuredmedia":[{"embeddable":true,"href":"https:\/\/cleopatra.nl\/de\/wp-json\/wp\/v2\/media\/8592"}],"wp:attachment":[{"href":"https:\/\/cleopatra.nl\/de\/wp-json\/wp\/v2\/media?parent=8591"}],"wp:term":[{"taxonomy":"product_brand","embeddable":true,"href":"https:\/\/cleopatra.nl\/de\/wp-json\/wp\/v2\/product_brand?post=8591"},{"taxonomy":"product_cat","embeddable":true,"href":"https:\/\/cleopatra.nl\/de\/wp-json\/wp\/v2\/product_cat?post=8591"},{"taxonomy":"product_tag","embeddable":true,"href":"https:\/\/cleopatra.nl\/de\/wp-json\/wp\/v2\/product_tag?post=8591"}],"curies":[{"name":"wp","href":"https:\/\/api.w.org\/{rel}","templated":true}]}}