{"id":8593,"date":"2025-05-16T20:42:24","date_gmt":"2025-05-16T18:42:24","guid":{"rendered":"https:\/\/cleopatra.nl\/?post_type=product&#038;p=8593"},"modified":"2026-04-26T21:18:52","modified_gmt":"2026-04-26T19:18:52","slug":"aquafun-shower-500x500-mm-1-straalsoort","status":"publish","type":"product","link":"https:\/\/cleopatra.nl\/de\/shop\/wellness-shower\/aquafun-shower-500x500-mm-1-straalsoort\/","title":{"rendered":"Aquafun Dusche 500\u00d7500 mm | 1 Strahltyp"},"content":{"rendered":"<p>Sind Sie auf der Suche nach einem zus\u00e4tzlichen Duschvergn\u00fcgen? Dann haben Sie mit den Aquafun-Dachduschen gefunden, was Sie suchen. Durch ihr einzigartiges Format befinden Sie sich direkt unter einer F\u00fclle von Wasser.<\/p>\n<p>&nbsp;<\/p>\n<h4>STREAMS<\/h4>\n<p>- Regenmacher<\/p>\n<p>&nbsp;<\/p>\n<h4>MONTAGE<\/h4>\n<p>Diese Dachdusche kann in ein Dach oder eine Decke eingebaut werden<\/p>\n<p>&nbsp;<\/p>\n<h4>DIMENSION<\/h4>\n<p>500 x 500 mm<\/p>\n<p>&nbsp;<\/p>\n<h4>FARBEN<\/h4>\n<p>Diese Aqaufun-Dachdusche ist in verschiedenen PVD-Farben erh\u00e4ltlich; diese Farben sind mit einem Aufpreis verbunden. Nachstehend finden Sie eine \u00dcbersicht der verf\u00fcgbaren Farben.<\/p>\n<p>Chrom (Standard)<\/p>\n<p>Gold-Optik<\/p>\n<p>Gold-Rosa-Optik<\/p>\n<p>Schwarz-Chrom-Optik<\/p>\n<p>&nbsp;<\/p>\n<p>Geb\u00fcrsteter rostfreier Stahl<\/p>\n<p>Geb\u00fcrstete Bronze<\/p>\n<p>Geb\u00fcrstetes Schwarz Chrom<\/p>\n<p>Geb\u00fcrstetes Nickel<\/p>\n<p>&nbsp;<\/p>\n<h4>ADRESSE<\/h4>\n<p>Diese Dachdusche kann mit herk\u00f6mmlichen Thermostatarmaturen und Verteilern verbunden werden. Es ist m\u00f6glich, diese Aquafun-Dachdusche mit der Cleopatra-Wellnessdusche zu kombinieren. Die Cleopatra-Wellnessdusche ist eine elektronische Dusche, mit der Sie alle Strahlarten \u00fcber ein Luxus-Display steuern k\u00f6nnen.<\/p>","protected":false},"excerpt":{"rendered":"<p>Bent u op zoek naar extra doucheplezier? Dan heet u met de Aquafun dakdouches gevonden wat u zoekt. Door zijn unieke formaat staat u met recht onder een overvloed van water. &nbsp; STRAALSOORTEN &#8211; Rainmaker &nbsp; MONTAGE Deze dakdouche kan in een dak of plafond worden ingebouwd &nbsp; AFMETING 500 x 500 mm &nbsp; KLEUREN [&hellip;]<\/p>\n","protected":false},"featured_media":8580,"template":"","format":"standard","meta":{"_acf_changed":false},"product_brand":[347],"product_cat":[275],"product_tag":[],"class_list":{"0":"post-8593","1":"product","2":"type-product","3":"status-publish","4":"format-standard","5":"has-post-thumbnail","7":"product_brand-cleopatra","8":"product_cat-wellness-shower","10":"first","11":"instock","12":"taxable","13":"shipping-taxable","14":"purchasable","15":"product-type-simple"},"acf":[],"_links":{"self":[{"href":"https:\/\/cleopatra.nl\/de\/wp-json\/wp\/v2\/product\/8593","targetHints":{"allow":["GET"]}}],"collection":[{"href":"https:\/\/cleopatra.nl\/de\/wp-json\/wp\/v2\/product"}],"about":[{"href":"https:\/\/cleopatra.nl\/de\/wp-json\/wp\/v2\/types\/product"}],"wp:featuredmedia":[{"embeddable":true,"href":"https:\/\/cleopatra.nl\/de\/wp-json\/wp\/v2\/media\/8580"}],"wp:attachment":[{"href":"https:\/\/cleopatra.nl\/de\/wp-json\/wp\/v2\/media?parent=8593"}],"wp:term":[{"taxonomy":"product_brand","embeddable":true,"href":"https:\/\/cleopatra.nl\/de\/wp-json\/wp\/v2\/product_brand?post=8593"},{"taxonomy":"product_cat","embeddable":true,"href":"https:\/\/cleopatra.nl\/de\/wp-json\/wp\/v2\/product_cat?post=8593"},{"taxonomy":"product_tag","embeddable":true,"href":"https:\/\/cleopatra.nl\/de\/wp-json\/wp\/v2\/product_tag?post=8593"}],"curies":[{"name":"wp","href":"https:\/\/api.w.org\/{rel}","templated":true}]}}