{"id":8717,"date":"2025-07-07T11:36:51","date_gmt":"2025-07-07T09:36:51","guid":{"rendered":"https:\/\/cleopatra.nl\/?post_type=product&#038;p=8717"},"modified":"2026-04-26T10:25:43","modified_gmt":"2026-04-26T08:25:43","slug":"abonnement-onderhoud-professioneel-kwartaal","status":"publish","type":"product","link":"https:\/\/cleopatra.nl\/de\/spare-parts\/analyse-bezoek\/abonnement-onderhoud-professioneel-kwartaal\/","title":{"rendered":"Abonnement Wartung professionell | Quartal"},"content":{"rendered":"<p>M\u00f6chten Sie Ihr Cleopatra-Produkt weiterhin sorgenfrei nutzen? Mit diesem Wartungsabonnement registrieren wir Ihr Produkt und planen die viertelj\u00e4hrliche Wartung. Durch eine intensive Wartung verl\u00e4ngern Sie die Lebensdauer Ihres Cleopatra-Produkts. Der angegebene Betrag ist der Preis f\u00fcr 4x Wartung pro Jahr.<\/p>\n<p><strong>Der Vorteil dieses Abonnements:<\/strong><\/p>\n<ul>\n<li>20% Rabatt auf Ersatzteile<\/li>\n<li>20% Rabatt auf alle Parf\u00fcms<\/li>\n<li><\/li>\n<\/ul>\n<p><strong>Wartung der Dampfkabine<\/strong><\/p>\n<ol>\n<li>Wartung (inkl. Bereitschaftskosten + Arbeit)<\/li>\n<li>Reinigung der Technik<\/li>\n<li>Geruchsstoff nachf\u00fcllen (falls vorhanden)<\/li>\n<li>\u00dcberpr\u00fcfung der Funktionsf\u00e4higkeit<\/li>\n<li>M\u00f6gliche Erkl\u00e4rung der Verwendung<\/li>\n<li>Administrative Abwicklung der Instandhaltung.<\/li>\n<\/ol>\n<p><strong>Wartung Whirlpool<\/strong><\/p>\n<ol>\n<li>Wartung (inkl. Bereitschaftskosten + Arbeit)<\/li>\n<li>Reinigung des Whirlpoolsystems<\/li>\n<li>\u00dcberpr\u00fcfung der korrekten Funktion<\/li>\n<li>M\u00f6gliche Erkl\u00e4rung der Verwendung<\/li>\n<li>Administrative Abwicklung der Instandhaltung.<\/li>\n<\/ol>\n<p><strong>Wartung der Sauna<\/strong><\/p>\n<ol>\n<li>Wartung (inkl. Bereitschaftskosten + Arbeit)<\/li>\n<li>Auswechseln der Saunasteine<\/li>\n<li>\u00dcberpr\u00fcfung der korrekten Funktion<\/li>\n<li>M\u00f6gliche Erkl\u00e4rung der Verwendung<\/li>\n<li>Administrative Abwicklung der Instandhaltung.<\/li>\n<\/ol>\n<p><strong>Infrarot-Wartung<\/strong><\/p>\n<ol>\n<li>Wartung (inkl. Bereitschaftskosten + Arbeit)<\/li>\n<li>Austausch von Heizk\u00f6rpern (abh\u00e4ngig von den Brennstunden)<\/li>\n<li>\u00dcberpr\u00fcfung der korrekten Funktion<\/li>\n<li>M\u00f6gliche Erkl\u00e4rung der Verwendung<\/li>\n<li>Administrative Abwicklung der Instandhaltung.<\/li>\n<\/ol>\n<p><strong>ANMERKUNGEN:<\/strong><\/p>\n<ol>\n<li>Dieses Abonnement ist ein Jahr lang g\u00fcltig<\/li>\n<li>Sie sollten dieses Abonnement selbst verl\u00e4ngern<\/li>\n<li>Materialien sind von diesem Abonnement ausgeschlossen<\/li>\n<li>Cleopatra kann entscheiden, dass Ihr Produkt nicht f\u00fcr ein Abonnement geeignet ist.<\/li>\n<li>Produkte, die \u00e4lter als 10 Jahre sind und noch nicht gewartet wurden, kommen f\u00fcr ein Abonnement nicht in Frage.<\/li>\n<\/ol>","protected":false},"excerpt":{"rendered":"<p>Wilt u zorgeloos gebruik blijven maken van uw Cleopatra product? Met dit onderhoudsabonnement registreren we uw product en plannen we per kwartaal onderhoud. Door intensief onderhoud uit te voeren verlengd u de levensduur van uw Cleopatra product. Het getoonde bedrag is de prijs voor 4x onderhoud per jaar. Voordeel van dit abonnement: 20% korting op [&hellip;]<\/p>\n","protected":false},"featured_media":8247,"template":"","format":"standard","meta":{"_acf_changed":false},"product_brand":[347],"product_cat":[297],"product_tag":[],"class_list":{"0":"post-8717","1":"product","2":"type-product","3":"status-publish","4":"format-standard","5":"has-post-thumbnail","7":"product_brand-cleopatra","8":"product_cat-analyse-bezoek","9":"product_shipping_class-gratis-verzending","11":"first","12":"instock","13":"sold-individually","14":"taxable","15":"shipping-taxable","16":"purchasable","17":"product-type-simple"},"acf":[],"_links":{"self":[{"href":"https:\/\/cleopatra.nl\/de\/wp-json\/wp\/v2\/product\/8717","targetHints":{"allow":["GET"]}}],"collection":[{"href":"https:\/\/cleopatra.nl\/de\/wp-json\/wp\/v2\/product"}],"about":[{"href":"https:\/\/cleopatra.nl\/de\/wp-json\/wp\/v2\/types\/product"}],"wp:featuredmedia":[{"embeddable":true,"href":"https:\/\/cleopatra.nl\/de\/wp-json\/wp\/v2\/media\/8247"}],"wp:attachment":[{"href":"https:\/\/cleopatra.nl\/de\/wp-json\/wp\/v2\/media?parent=8717"}],"wp:term":[{"taxonomy":"product_brand","embeddable":true,"href":"https:\/\/cleopatra.nl\/de\/wp-json\/wp\/v2\/product_brand?post=8717"},{"taxonomy":"product_cat","embeddable":true,"href":"https:\/\/cleopatra.nl\/de\/wp-json\/wp\/v2\/product_cat?post=8717"},{"taxonomy":"product_tag","embeddable":true,"href":"https:\/\/cleopatra.nl\/de\/wp-json\/wp\/v2\/product_tag?post=8717"}],"curies":[{"name":"wp","href":"https:\/\/api.w.org\/{rel}","templated":true}]}}