{"id":8733,"date":"2025-07-15T07:18:30","date_gmt":"2025-07-15T05:18:30","guid":{"rendered":"https:\/\/cleopatra.nl\/?post_type=product&#038;p=8733"},"modified":"2025-09-22T11:38:16","modified_gmt":"2025-09-22T09:38:16","slug":"handgreepset-steamkit-voor-m1-deur","status":"publish","type":"product","link":"https:\/\/cleopatra.nl\/de\/spare-parts\/handgreepset-steamkit-voor-m1-deur\/","title":{"rendered":"Dr\u00fcckergarnitur Steamkit | f\u00fcr M1-T\u00fcr"},"content":{"rendered":"<p>Dr\u00fcckergarnitur f\u00fcr T\u00fcren vom Typ M1<\/p>","protected":false},"excerpt":{"rendered":"<p>Sie m\u00f6chten wissen, wie Sie dieses Produkt ersetzen k\u00f6nnen? <a href=\"https:\/\/cleopatra.nl\/wp-content\/uploads\/30119080.pdf\" target=\"_blank\" rel=\"noopener\">Klicken Sie dann auf das Servicehandbuch<\/a><\/p>","protected":false},"featured_media":8734,"template":"","format":"standard","meta":{"_acf_changed":false},"product_brand":[],"product_cat":[60,111,103],"product_tag":[],"class_list":{"0":"post-8733","1":"product","2":"type-product","3":"status-publish","4":"format-standard","5":"has-post-thumbnail","7":"product_cat-spare-parts","8":"product_cat-deuronderdelen","9":"product_cat-stoomcabine-onderdelen","11":"first","12":"instock","13":"taxable","14":"shipping-taxable","15":"purchasable","16":"product-type-simple"},"acf":[],"_links":{"self":[{"href":"https:\/\/cleopatra.nl\/de\/wp-json\/wp\/v2\/product\/8733","targetHints":{"allow":["GET"]}}],"collection":[{"href":"https:\/\/cleopatra.nl\/de\/wp-json\/wp\/v2\/product"}],"about":[{"href":"https:\/\/cleopatra.nl\/de\/wp-json\/wp\/v2\/types\/product"}],"wp:featuredmedia":[{"embeddable":true,"href":"https:\/\/cleopatra.nl\/de\/wp-json\/wp\/v2\/media\/8734"}],"wp:attachment":[{"href":"https:\/\/cleopatra.nl\/de\/wp-json\/wp\/v2\/media?parent=8733"}],"wp:term":[{"taxonomy":"product_brand","embeddable":true,"href":"https:\/\/cleopatra.nl\/de\/wp-json\/wp\/v2\/product_brand?post=8733"},{"taxonomy":"product_cat","embeddable":true,"href":"https:\/\/cleopatra.nl\/de\/wp-json\/wp\/v2\/product_cat?post=8733"},{"taxonomy":"product_tag","embeddable":true,"href":"https:\/\/cleopatra.nl\/de\/wp-json\/wp\/v2\/product_tag?post=8733"}],"curies":[{"name":"wp","href":"https:\/\/api.w.org\/{rel}","templated":true}]}}