{"id":8814,"date":"2025-08-14T17:44:58","date_gmt":"2025-08-14T15:44:58","guid":{"rendered":"https:\/\/cleopatra.nl\/?post_type=product&#038;p=8814"},"modified":"2026-04-26T15:21:21","modified_gmt":"2026-04-26T13:21:21","slug":"kubus-line-classic-l-480x205-cm","status":"publish","type":"product","link":"https:\/\/cleopatra.nl\/de\/shop\/saunas\/kubus-line-classic-l-480x205-cm\/","title":{"rendered":"W\u00fcrfelreihe Classic L | 480\u00d7205 cm"},"content":{"rendered":"<h3>W\u00fcrfellinie Classic M | 4800 x 2050 x 2480 mm<\/h3>\n<p>Wenn Sie ein modernes und minimalistisches \"Plug-and-Play\"-Saunahaus f\u00fcr Ihren Garten suchen, ist Kubus Classic genau das Richtige f\u00fcr Sie. Durch die Kombination von klassischem Stil mit sch\u00f6nen Materialien, funktionellem Design und der fachm\u00e4nnischen Arbeit von Cleopatras Handwerksmeistern ist ein hochwertiges Saunaerlebnis garantiert.<\/p>\n<p>F\u00fcgen Sie den Ofen mit dem einzigartigen Klimager\u00e4t Saunsation hinzu und Ihre Sauna verwandelt sich in eine wohltuende 5-in-1-Sauna.<br \/>\nEin Home Spa, das ein unvergleichliches Saunaerlebnis bietet. Wenn der Dampf mit sanfter, sauerstoffreicher Luft vermischt wird, wird er milder, so dass Sie viel leichter atmen k\u00f6nnen. So k\u00f6nnen Sie sich einfach entspannen, w\u00e4hrend Sie das klassische Dampfsauna-Erlebnis genie\u00dfen oder zwischen einer Salz-Ionen-Sauna, einer milden Dampfsauna, einer Entspannungssauna oder einer Aromasauna w\u00e4hlen.<\/p>\n<p>Die T\u00fcr und das Fenster sind aus Aluminium gefertigt, die T\u00fcr ist mit einem Schl\u00fcssel abschlie\u00dfbar.<\/p>\n<h4><strong>KAPAZIT\u00c4T<\/strong><\/h4>\n<p>Au\u00dfenma\u00dfe 240x205x248 cm - 3 bis 4 Personen<\/p>\n<p>&nbsp;<\/p>\n<h4><strong>ANMERKUNG<\/strong><\/h4>\n<p>Dies ist eine gebrauchsfertige Sauna, die komplett montiert geliefert wird. Die Hebe\u00f6sen an der Oberseite dieser Au\u00dfensauna erleichtern das Aufstellen auf einem festen Untergrund. Schlie\u00dfen Sie den Strom an, und Sie k\u00f6nnen sofort eine wunderbare Sauna genie\u00dfen.<\/p>\n<h4><\/h4>\n<h4>FEATURES<\/h4>\n<p><strong>Langlebigkeit und hohe Qualit\u00e4t<\/strong><\/p>\n<p>Thermoholzverkleidungen und hochwertige Innenraummaterialien, moderne technische L\u00f6sungen, erfahrene Schreiner.<\/p>\n<p><strong>Umweltfreundlich<\/strong><br \/>\nNachhaltige Materialien und effiziente Produktion mit minimalem Abfall.<\/p>\n<p><strong>Ma\u00dfgeschneidert<\/strong><br \/>\nSie k\u00f6nnen zwischen verschiedenen Farben, Materialien, Designoptionen und technischen Merkmalen w\u00e4hlen. Ma\u00dfgeschneiderte Projekte verf\u00fcgbar.<\/p>\n<p><strong>Ausgewogenes Saunaklima<\/strong><br \/>\nAuswahl an verschiedenen Sauna\u00f6fen.<\/p>\n<p><strong>Leicht zu bewegen<\/strong><br \/>\nSpezialhaken zum Anheben mit einem Kran, aber auch zum Verschieben mit einem Gabelstapler.<\/p>\n<h4><\/h4>\n<h4><strong>MEHR INFORMATIONEN<\/strong><\/h4>\n<p>\u00c4u\u00dfere Ausf\u00fchrung: Wei\u00dfholz HT mit Schutzbeschichtung<br \/>\nAu\u00dfenverkleidung: Fein ges\u00e4gtes Fichtenholz<br \/>\nFarbe der Glast\u00fcr: Klar<br \/>\nGlasart: Doppelverglasung, vorgespannt<br \/>\nInnenausstattung: Whitewood HT<br \/>\nBank und R\u00fcckenlehne: I-Form<br \/>\nLED-Beleuchtungsstreifen hinter der R\u00fcckenlehne und unter der oberen Sitzbank<br \/>\nBodenbelag: Holz<br \/>\nGrundbalken Impr\u00e4gniertes Holz<\/p>\n<p>Gewicht ca. 1250 kg<\/p>\n<h4><\/h4>\n<h4><strong>CHECKLISTE F\u00dcR DIE INSTALLATION DER SAUNA<\/strong><\/h4>\n<p>&nbsp;<\/p>\n<p>TECHNIKRAUM<\/p>\n<p>Der Technikraum f\u00fcr diese Sauna ist von au\u00dfen zug\u00e4nglich. Achten Sie darauf, dass die Sauna von zertifiziertem Personal angeschlossen wird.<\/p>\n<p>BODEN &amp; ENTW\u00c4SSERUNG<\/p>\n<p>Die Sauna muss unbedingt auf einem soliden, festen Boden aufgestellt werden. Vergewissern Sie sich, dass der Boden eben ist; ein unebener Boden kann in der Zukunft negative Folgen haben.<\/p>\n<p>NOTWENDIGE TECHNISCHE EINRICHTUNGEN<\/p>\n<p>Die technische Ausstattung variiert von Sauna zu Sauna und Infrarotkabine. Zum Zeitpunkt der Angebotsabgabe\/Bestellung werden alle gew\u00fcnschten Einrichtungen angegeben.<\/p>\n<p>ELEKTRIZIT\u00c4TSVERSORGUNG<\/p>\n<p>Berechnung der Leistung des Saunaofens: Kabinenl\u00e4nge x Breite x H\u00f6he x 1,25.<\/p>\n<p>F\u00fcr einen Saunaofen bis 3,6 kW ist ein 230V-Anschluss ausreichend. Ab 4,5 kW ist 400V oder 2 x 230V erforderlich. Je nach gew\u00e4hltem Ofen und Beleuchtung muss festgelegt werden, ob die Beleuchtung vom Saunaofen gesteuert wird oder ob eine zweite Stromversorgung f\u00fcr die Beleuchtung erforderlich ist. Ein Trennschalter muss immer vorhanden sein. Wir beraten Sie gerne dazu.<\/p>\n<p>HYGIENE UND WARTUNG<\/p>\n<p>Die Verwendung eines Handtuchs verhindert, dass Schwei\u00dftropfen auf Ihre B\u00e4nke fallen. Zur Erhaltung Ihres Ofens: Bei regelm\u00e4\u00dfiger privater Nutzung sollten Sie Ihre Saunasteine alle paar Jahre austauschen, sie nicht in den Ofen stopfen und keinen Haufen hoch oben auf den Ofen legen.<\/p>\n<p>GARANTIE<\/p>\n<p>Bei normaler privater Nutzung 2 Jahre f\u00fcr die Kabine, ausgenommen Glast\u00fcren\/Fenster und Lampen. Saunaofen und Elektronik 2 Jahre, mit Ausnahme der Heizelemente, da deren Lebensdauer stark davon abh\u00e4ngt, wie der Ofen behandelt wird.<\/p>\n<p>&nbsp;<\/p>\n<p>&nbsp;<\/p>","protected":false},"excerpt":{"rendered":"<p>Kubus line Classic M | 4800 x 2050 x 2480 mm Als u op zoek bent naar een modern en minimalistisch &#8220;plug-and-play&#8221; saunahuis voor uw achtertuin, dan is Kubus Classic precies wat u nodig hebt. Door de klassieke stijl te combineren met prachtige materialen, functioneel\u00a0 design en het vakkundige werk van de meestervakmensen van Cleopatra, [&hellip;]<\/p>\n","protected":false},"featured_media":8817,"template":"","format":"standard","meta":{"_acf_changed":false},"product_brand":[],"product_cat":[283],"product_tag":[],"class_list":{"0":"post-8814","1":"product","2":"type-product","3":"status-publish","4":"format-standard","5":"has-post-thumbnail","7":"product_cat-buitensaunas","9":"first","10":"onbackorder","11":"taxable","12":"shipping-taxable","13":"purchasable","14":"product-type-simple"},"acf":[],"_links":{"self":[{"href":"https:\/\/cleopatra.nl\/de\/wp-json\/wp\/v2\/product\/8814","targetHints":{"allow":["GET"]}}],"collection":[{"href":"https:\/\/cleopatra.nl\/de\/wp-json\/wp\/v2\/product"}],"about":[{"href":"https:\/\/cleopatra.nl\/de\/wp-json\/wp\/v2\/types\/product"}],"wp:featuredmedia":[{"embeddable":true,"href":"https:\/\/cleopatra.nl\/de\/wp-json\/wp\/v2\/media\/8817"}],"wp:attachment":[{"href":"https:\/\/cleopatra.nl\/de\/wp-json\/wp\/v2\/media?parent=8814"}],"wp:term":[{"taxonomy":"product_brand","embeddable":true,"href":"https:\/\/cleopatra.nl\/de\/wp-json\/wp\/v2\/product_brand?post=8814"},{"taxonomy":"product_cat","embeddable":true,"href":"https:\/\/cleopatra.nl\/de\/wp-json\/wp\/v2\/product_cat?post=8814"},{"taxonomy":"product_tag","embeddable":true,"href":"https:\/\/cleopatra.nl\/de\/wp-json\/wp\/v2\/product_tag?post=8814"}],"curies":[{"name":"wp","href":"https:\/\/api.w.org\/{rel}","templated":true}]}}