{"id":9303,"date":"2025-11-08T10:51:14","date_gmt":"2025-11-08T09:51:14","guid":{"rendered":"https:\/\/cleopatra.nl\/?post_type=product&#038;p=9303"},"modified":"2026-04-26T21:18:54","modified_gmt":"2026-04-26T19:18:54","slug":"herstel-in-een-cool-down-room","status":"publish","type":"product","link":"https:\/\/cleopatra.nl\/de\/shop\/ebooks\/herstel-in-een-cool-down-room\/","title":{"rendered":"Erholung in einem Abk\u00fchlungsraum"},"content":{"rendered":"<p><strong>Erholung in einem Abk\u00fchlungsraum bei Minustemperaturen<\/strong><\/p>\n<p><i>Die Exposition gegen\u00fcber K\u00e4lte ist zu einem wichtigen Thema f\u00fcr Sportler und <\/i><i>Wellness-Enthusiasten, insbesondere wegen der m\u00f6glichen gesundheitlichen Vorteile. Forschung <\/i><i>zeigt, dass die Exposition gegen\u00fcber Temperaturen unter dem Gefrierpunkt, insbesondere um minus 20<\/i><\/p>\n<p><i>Grad Celsius k\u00f6nnen verschiedene physiologische Reaktionen hervorrufen, die die Erholung beeintr\u00e4chtigen k\u00f6nnen <\/i><i>die Leistung zu f\u00f6rdern und zu verbessern. Der menschliche K\u00f6rper reagiert auf diese extremen <\/i><i>Bedingungen durch die Aktivierung von W\u00e4rmeregulierungsmechanismen, die zu einem<\/i><\/p>\n<p><i>Bessere Durchblutung, weniger Entz\u00fcndungen und schnellere Erholung der Muskeln. Athleten <\/i><i>Diejenigen, die die K\u00e4ltetherapie anwenden, berichten oft \u00fcber schnellere Heilungszeiten und <\/i><i>verbesserte k\u00f6rperliche Belastbarkeit. Athleten, die die K\u00e4ltekammertherapie nutzten, berichteten <\/i><i>oft schnellere Heilungszeiten und verbesserte k\u00f6rperliche Belastbarkeit.<\/i><\/p>\n<p>&nbsp;<\/p>\n<p><strong>Dieses eBook besteht aus den folgenden Kapiteln<\/strong><\/p>\n<p>Kapitel 1: Einf\u00fchrung in die Erholung in einem K\u00fchlraum<\/p>\n<p>Kapitel 2: Die Wirkung der K\u00e4lte auf den menschlichen K\u00f6rper<\/p>\n<p>Kapitel 3: Verst\u00e4ndnis f\u00fcr Temperaturen von minus 20 Grad Celsius<\/p>\n<p>Kapitel 4: Physiologische Reaktionen auf extreme K\u00e4lteexposition<\/p>\n<p>Kapitel 5: Auswirkungen von Minustemperaturen auf die psychische Gesundheit<\/p>\n<p>Kapitel 6: Auswirkungen von kalten Umgebungen auf die Schlafqualit\u00e4t<\/p>\n<p>Kapitel 7: K\u00e4ltetherapie in der Rehabilitation<\/p>\n<p>Kapitel 8: Schlussfolgerung und Zukunftsaussichten<\/p>\n<p>&nbsp;<\/p>","protected":false},"excerpt":{"rendered":"<p><img loading=\"lazy\" decoding=\"async\" class=\"alignnone size-medium wp-image-9305\" src=\"https:\/\/cleopatra.nl\/wp-content\/uploads\/woocommerce_uploads\/Scherm\u00adafbeelding-2025-11-08-om-10.54.49-bqkex8-212x300.webp\" alt=\"\" width=\"212\" height=\"300\" srcset=\"https:\/\/cleopatra.nl\/wp-content\/uploads\/woocommerce_uploads\/Scherm\u00adafbeelding-2025-11-08-om-10.54.49-bqkex8-212x300.webp 212w, https:\/\/cleopatra.nl\/wp-content\/uploads\/woocommerce_uploads\/Scherm\u00adafbeelding-2025-11-08-om-10.54.49-bqkex8-8x12.webp 8w, https:\/\/cleopatra.nl\/wp-content\/uploads\/woocommerce_uploads\/Scherm\u00adafbeelding-2025-11-08-om-10.54.49-bqkex8-600x848.webp 600w, https:\/\/cleopatra.nl\/wp-content\/uploads\/woocommerce_uploads\/Scherm\u00adafbeelding-2025-11-08-om-10.54.49-bqkex8.webp 681w\" sizes=\"auto, (max-width: 212px) 100vw, 212px\" \/><\/p>","protected":false},"featured_media":9305,"template":"","format":"standard","meta":{"_acf_changed":false},"product_brand":[347],"product_cat":[321],"product_tag":[],"class_list":{"0":"post-9303","1":"product","2":"type-product","3":"status-publish","4":"format-standard","5":"has-post-thumbnail","7":"product_brand-cleopatra","8":"product_cat-ebooks","9":"product_shipping_class-gratis-verzending","11":"first","12":"instock","13":"downloadable","14":"taxable","15":"shipping-taxable","16":"purchasable","17":"product-type-simple"},"acf":[],"_links":{"self":[{"href":"https:\/\/cleopatra.nl\/de\/wp-json\/wp\/v2\/product\/9303","targetHints":{"allow":["GET"]}}],"collection":[{"href":"https:\/\/cleopatra.nl\/de\/wp-json\/wp\/v2\/product"}],"about":[{"href":"https:\/\/cleopatra.nl\/de\/wp-json\/wp\/v2\/types\/product"}],"wp:featuredmedia":[{"embeddable":true,"href":"https:\/\/cleopatra.nl\/de\/wp-json\/wp\/v2\/media\/9305"}],"wp:attachment":[{"href":"https:\/\/cleopatra.nl\/de\/wp-json\/wp\/v2\/media?parent=9303"}],"wp:term":[{"taxonomy":"product_brand","embeddable":true,"href":"https:\/\/cleopatra.nl\/de\/wp-json\/wp\/v2\/product_brand?post=9303"},{"taxonomy":"product_cat","embeddable":true,"href":"https:\/\/cleopatra.nl\/de\/wp-json\/wp\/v2\/product_cat?post=9303"},{"taxonomy":"product_tag","embeddable":true,"href":"https:\/\/cleopatra.nl\/de\/wp-json\/wp\/v2\/product_tag?post=9303"}],"curies":[{"name":"wp","href":"https:\/\/api.w.org\/{rel}","templated":true}]}}