{"id":9306,"date":"2025-11-08T12:35:26","date_gmt":"2025-11-08T11:35:26","guid":{"rendered":"https:\/\/cleopatra.nl\/?post_type=product&#038;p=9306"},"modified":"2026-04-26T21:18:53","modified_gmt":"2026-04-26T19:18:53","slug":"geneeskrachtig-water","status":"publish","type":"product","link":"https:\/\/cleopatra.nl\/de\/shop\/ebooks\/geneeskrachtig-water\/","title":{"rendered":"Heilendes Wasser"},"content":{"rendered":"<p><strong><i>Heilendes Wasser: wie Roman <\/i><i>Badeh\u00e4user Gesundheit und Wohlbefinden <\/i><i>haben sich gebildet<\/i><\/strong><\/p>\n<p><i>Die r\u00f6mischen Badeh\u00e4user, die so genannten Thermen, waren architektonische Wunderwerke, die <\/i><i>die Gesundheit und das Wohlbefinden in der antiken Gesellschaft betonten. Diese Badeh\u00e4user waren mehr <\/i><i>Sie waren nicht nur Orte zum Waschen, sondern auch Zentren der sozialen Interaktion und <\/i><i>Entspannung. Die Familien verbrachten oft ganze Tage in den B\u00e4dern, wo sie sich <\/i><i>die verschiedenen beheizten R\u00e4ume, kalten Tauchbecken und Gemeinschaftsr\u00e4ume. <\/i><i>Die Gestaltung dieser Badeh\u00e4user spiegelt ein tiefes Verst\u00e4ndnis daf\u00fcr wider, wie die Umwelt <\/i><i>und Wasser k\u00f6nnten das Wohlbefinden f\u00f6rdern und eine zentrale Rolle in der Gesellschaft spielen. <\/i><i>R\u00f6mische Kultur.\u00a0<\/i><i>Die Rolle der Badeh\u00e4user bei der Gesundheitsf\u00f6rderung scheint klar <\/i><i>von der Vielfalt der angebotenen Dienstleistungen. Die Besucher konnten Sport treiben, genie\u00dfen\u00a0<\/i><i>Massagen und die Teilnahme an sozialen Aktivit\u00e4ten, die allesamt zu einem <\/i><i>ganzheitlichen Ansatz zum Wohlbefinden. Diese vielseitige Nutzung des Raums war nicht nur <\/i><i>auf die k\u00f6rperliche Gesundheit konzentriert, sondern auch das geistige Wohlbefinden gef\u00f6rdert, wie es in <\/i><i>ein gemeinsames Umfeld wurden Kontakte gekn\u00fcpft. <\/i><i>Die heutigen Spas und Wellness-Zentren k\u00f6nnen sich von diesem Modell inspirieren lassen, indem sie sich gemeinsame <\/i><i>R\u00e4ume zu schaffen, die die soziale Interaktion und das allgemeine Wohlbefinden f\u00f6rdern.<\/i><\/p>\n<p>&nbsp;<\/p>\n<p><strong>Dieses eBook besteht aus den folgenden Kapiteln<\/strong><\/p>\n<p><i>Kapitel 1: Einf\u00fchrung in die r\u00f6mischen Badeh\u00e4user<\/i><\/p>\n<p><i>Kapitel 2: Architektonische Gestaltung und Merkmale der r\u00f6mischen Badeh\u00e4user<\/i><\/p>\n<p><i>Kapitel 3: Die Rolle der Badeh\u00e4user in der r\u00f6mischen Gesundheits- und Wohlfahrtspraxis<\/i><\/p>\n<p><i>Kapitel 4: Vergleich zwischen r\u00f6mischen Badeh\u00e4usern und modernen Kur- und Wellnesszentren<\/i><\/p>\n<p><i>Kapitel 5: Der Einfluss der r\u00f6mischen Badeh\u00e4user auf die europ\u00e4ischen Badetraditionen<\/i><\/p>\n<p><i>Kapitel 6: Technik und Technologie der r\u00f6mischen Heizungsanlagen<\/i><\/p>\n<p><i>Kapitel 7: Schlussfolgerung<\/i><\/p>\n<p>&nbsp;<\/p>","protected":false},"excerpt":{"rendered":"<p><img loading=\"lazy\" decoding=\"async\" class=\"alignnone size-medium wp-image-9308\" src=\"https:\/\/cleopatra.nl\/wp-content\/uploads\/woocommerce_uploads\/Scherm\u00adafbeelding-2025-11-08-om-12.34.04-xkc9p4-213x300.webp\" alt=\"Geneeskrachtig water\" width=\"213\" height=\"300\" srcset=\"https:\/\/cleopatra.nl\/wp-content\/uploads\/woocommerce_uploads\/Scherm\u00adafbeelding-2025-11-08-om-12.34.04-xkc9p4-213x300.webp 213w, https:\/\/cleopatra.nl\/wp-content\/uploads\/woocommerce_uploads\/Scherm\u00adafbeelding-2025-11-08-om-12.34.04-xkc9p4-728x1024.webp 728w, https:\/\/cleopatra.nl\/wp-content\/uploads\/woocommerce_uploads\/Scherm\u00adafbeelding-2025-11-08-om-12.34.04-xkc9p4-768x1080.webp 768w, https:\/\/cleopatra.nl\/wp-content\/uploads\/woocommerce_uploads\/Scherm\u00adafbeelding-2025-11-08-om-12.34.04-xkc9p4-9x12.webp 9w, https:\/\/cleopatra.nl\/wp-content\/uploads\/woocommerce_uploads\/Scherm\u00adafbeelding-2025-11-08-om-12.34.04-xkc9p4-600x844.webp 600w, https:\/\/cleopatra.nl\/wp-content\/uploads\/woocommerce_uploads\/Scherm\u00adafbeelding-2025-11-08-om-12.34.04-xkc9p4.webp 913w\" sizes=\"auto, (max-width: 213px) 100vw, 213px\" \/><\/p>","protected":false},"featured_media":9308,"template":"","format":"standard","meta":{"_acf_changed":false},"product_brand":[347],"product_cat":[321],"product_tag":[],"class_list":{"0":"post-9306","1":"product","2":"type-product","3":"status-publish","4":"format-standard","5":"has-post-thumbnail","7":"product_brand-cleopatra","8":"product_cat-ebooks","9":"product_shipping_class-gratis-verzending","11":"first","12":"instock","13":"downloadable","14":"taxable","15":"shipping-taxable","16":"purchasable","17":"product-type-simple"},"acf":[],"_links":{"self":[{"href":"https:\/\/cleopatra.nl\/de\/wp-json\/wp\/v2\/product\/9306","targetHints":{"allow":["GET"]}}],"collection":[{"href":"https:\/\/cleopatra.nl\/de\/wp-json\/wp\/v2\/product"}],"about":[{"href":"https:\/\/cleopatra.nl\/de\/wp-json\/wp\/v2\/types\/product"}],"wp:featuredmedia":[{"embeddable":true,"href":"https:\/\/cleopatra.nl\/de\/wp-json\/wp\/v2\/media\/9308"}],"wp:attachment":[{"href":"https:\/\/cleopatra.nl\/de\/wp-json\/wp\/v2\/media?parent=9306"}],"wp:term":[{"taxonomy":"product_brand","embeddable":true,"href":"https:\/\/cleopatra.nl\/de\/wp-json\/wp\/v2\/product_brand?post=9306"},{"taxonomy":"product_cat","embeddable":true,"href":"https:\/\/cleopatra.nl\/de\/wp-json\/wp\/v2\/product_cat?post=9306"},{"taxonomy":"product_tag","embeddable":true,"href":"https:\/\/cleopatra.nl\/de\/wp-json\/wp\/v2\/product_tag?post=9306"}],"curies":[{"name":"wp","href":"https:\/\/api.w.org\/{rel}","templated":true}]}}