{"id":9663,"date":"2026-01-18T14:44:06","date_gmt":"2026-01-18T13:44:06","guid":{"rendered":"https:\/\/cleopatra.nl\/?post_type=product&#038;p=9663"},"modified":"2026-01-18T14:53:27","modified_gmt":"2026-01-18T13:53:27","slug":"aquafun-wellness-shower-pro","status":"publish","type":"product","link":"https:\/\/cleopatra.nl\/de\/shop\/aquafun-wellness-shower-pro\/","title":{"rendered":"Aquafun Wellness Shower | Pro"},"content":{"rendered":"<h3>AQUAFUN WELLNESS SHOWER | PRO<\/h3>\n<p>&nbsp;<\/p>\n<div id=\"text_block-17-2375\" class=\"ct-text-block archive_text_section_text\">\n<p>De AquaFun Wellness Shower Pro geeft de ultieme douchebeleving en is speciaal ontwikkeld voor professionele gelegenheden. Via de diverse straalsoorten in de dakdouche, handdouche en zijdouches \u00a0kunt u genieten van:<\/p>\n<ul>\n<li>Regenschauer<\/li>\n<li>Wasserfall<\/li>\n<li>Wassers\u00e4ule<\/li>\n<li>Nebel<\/li>\n<\/ul>\n<p>&nbsp;<\/p>\n<p>Via de Shower Deluxe bediening kunnen de verschillende douches geactiveerd worden; de nieuw ontwikkelde Quatro bediening is niet alleen functioneel maar ook esthetisch een lust voor het oog. De drukknoppen kunnen in verschillen finishes geleverd worden. De temperatuur regeling geschied via bijgeleverd inbouw thermostaat.<\/p>\n<p>&nbsp;<\/p>\n<p>Stellen Sie sicher, dass der Druck und die Wassermenge (Durchflussmenge) im Voraus bekannt sind und dass das Wassersystem entsprechend eingestellt ist. F\u00fcr die Wellness-Dusche ist immer ein separates Thermostatventil erforderlich, das bei der Essential-Version standardm\u00e4\u00dfig mitgeliefert wird.<\/p>\n<p>&nbsp;<\/p>\n<p>Ansicht der <strong>Video<\/strong> Aus der Wellness-Dusche: <a href=\"https:\/\/cleopatra.nl\/de\/wellness-shower\/wellness-shower\/\">hier klicken<\/a><\/p>\n<p>&nbsp;<\/p>\n<h3><strong>FEATURES <\/strong><\/h3>\n<p><strong>\u00a0<\/strong><\/p>\n<p><strong>DUSCHFUNKTIONEN<\/strong><\/p>\n<p>\u00dcber die Dachbrause k\u00f6nnen folgende Strahlarten aktiviert werden: Regenbrause, S\u00e4ulendusche, Wasserfall und Nebel. Die Handbrause und die Seitenbrausen k\u00f6nnen separat \u00fcber das Display bedient werden<\/p>\n<p><strong>TOUCH-DISPLAY<\/strong><\/p>\n<p>Die Duschfunktionen (Dachdusche mit 4 Strahlarten) sind einfach \u00fcber ein Touch-Display zu steuern, zu dem Sie einen Einsatz f\u00fcr die Wandmontage erhalten.<\/p>\n<p><strong>AUFW\u00c4RMFUNKTION<\/strong><\/p>\n<p>Mit dieser Funktion wird das Rohrsystem 60 Sekunden lang gesp\u00fclt, wobei das kalte Wasser in den Rohren aus dem Rohrsystem gesp\u00fclt wird.<\/p>\n<p><strong>FAN<\/strong><\/p>\n<p>Es ist m\u00f6glich, einen Schlauchventilator an die AqauFun-Wellnessdusche anzuschlie\u00dfen, um ihn \u00fcber das Display zu steuern.<\/p>\n<p><strong>KALTES WASSER DIREKT<\/strong><\/p>\n<p>Diese Funktion liefert sofort kaltes Wasser durch eine der angeschlossenen Duschen. So k\u00f6nnen Sie sofort eine herrlich kalte Dusche genie\u00dfen.<\/p>\n<p>&nbsp;<\/p>\n<h3><strong>OPTIONAL<\/strong><\/h3>\n<p>&nbsp;<\/p>\n<p><strong>FARBTHERAPIE<\/strong><br \/>\nLichtspots f\u00fcr das Dach oder eine LED-Leiste f\u00fcr die Wand, eine Nische oder unter einer Bank. Diese Leuchten werden einfach \u00fcber den Shower Deluxe-Controller bedient. Automatische Rotation der Farben, Dimmen und Wei\u00dflichtmodus.<\/p>\n<p>&nbsp;<\/p>\n<p><strong>TONMODUL<\/strong><br \/>\nSpielen Sie Ihre Lieblingsmusik unter der Dusche ab. Stellen Sie einfach eine Verbindung \u00fcber Bluetooth her und steuern Sie dann Lautst\u00e4rke, Wiedergabe und Titelauswahl \u00fcber das Display. Die Lautsprecher sind wasserdicht und k\u00f6nnen auf dem Dach platziert werden.<\/p>\n<p>&nbsp;<\/p>\n<p><strong>MODUL ODOUR\u00a0 <\/strong><\/p>\n<p>Durch einen Diffusor wird ein Duft in den Duschbereich gebracht. Dieses Duftmodul sollte au\u00dferhalb des Duschbereiches platziert werden. Einfaches Nachf\u00fcllen und Steuerung \u00fcber das Touch-Display.<\/p>\n<p>&nbsp;<\/p>\n<p><strong>SPEZIALVEREDELUNGEN<\/strong><\/p>\n<p>M\u00f6chten Sie alle Farbteile der Wellness-Dusche in einer anderen Farbe als Chrom? Dann fragen Sie uns nach den M\u00f6glichkeiten; unsere Sonderausf\u00fchrungen bestehen aus 12 verschiedenen PVD-Farben (gl\u00e4nzend oder matt). Diese sind gegen einen Aufpreis erh\u00e4ltlich.<\/p>\n<p>&nbsp;<\/p>\n<p><strong>DUSCHKABINENWAND<\/strong><\/p>\n<p>Eine Fotowand, hinter der sich ein RGB WW LED-Streifen befindet, der \u00fcber das Touch-Display auf verschiedene Farben eingestellt werden kann. Verleiht jedem Wellness-Raum und Bad einen einzigartigen Look.<\/p>\n<p>&nbsp;<\/p>\n<h3><strong>LIEFERUMFANG AQUAFUN WELLNESS-DUSCHE <\/strong><\/h3>\n<p>- Display inkl. Einbaugeh\u00e4use<\/p>\n<p>- Wellness-Dusche Anschlussblock 4 Benutzer<\/p>\n<p>- Elektronikbox<\/p>\n<p>- Ibox inkl. Verkleidungsteil Duschwahlthermostat<\/p>\n<p>- Aquafun Dusche 300 x 600 mm | Dachdusche<\/p>\n<p>&nbsp;<\/p>\n<h3><strong>BROSCH\u00dcRE<\/strong><\/h3>\n<\/div>\n<div>F\u00fcr weitere Informationen <a href=\"https:\/\/cleopatra.nl\/wp-content\/uploads\/CLEOPATRA-WELLNESS-SHOWER-NL.pdf\">laden Sie die Brosch\u00fcre herunter.<\/a><\/div>\n<h3><\/h3>\n<h3><strong>MANUELL<\/strong><\/h3>","protected":false},"excerpt":{"rendered":"<p>Die Wellness-Dusche kann an verschiedene Marken von Wasserh\u00e4hnen und Duschen angeschlossen werden. \u00dcber die Shower Deluxe-Steuerung k\u00f6nnen die verschiedenen Duschen aktiviert werden. Die Anzahl der Duschen bestimmt, wie viele Benutzer an der Wellness-Dusche erforderlich sind. Ansicht der <strong>Video<\/strong> Aus der Wellness-Dusche: <a href=\"https:\/\/cleopatra.nl\/de\/wellness-shower\/wellness-shower\/\" target=\"_blank\" rel=\"noopener\">hier klicken<\/a><\/p>","protected":false},"featured_media":9667,"template":"","format":"standard","meta":{"_acf_changed":false},"product_brand":[],"product_cat":[71,275],"product_tag":[],"class_list":{"0":"post-9663","1":"product","2":"type-product","3":"status-publish","4":"format-standard","5":"has-post-thumbnail","7":"product_cat-shop","8":"product_cat-wellness-shower","10":"first","11":"instock","12":"taxable","13":"shipping-taxable","14":"purchasable","15":"product-type-simple"},"acf":[],"_links":{"self":[{"href":"https:\/\/cleopatra.nl\/de\/wp-json\/wp\/v2\/product\/9663","targetHints":{"allow":["GET"]}}],"collection":[{"href":"https:\/\/cleopatra.nl\/de\/wp-json\/wp\/v2\/product"}],"about":[{"href":"https:\/\/cleopatra.nl\/de\/wp-json\/wp\/v2\/types\/product"}],"wp:featuredmedia":[{"embeddable":true,"href":"https:\/\/cleopatra.nl\/de\/wp-json\/wp\/v2\/media\/9667"}],"wp:attachment":[{"href":"https:\/\/cleopatra.nl\/de\/wp-json\/wp\/v2\/media?parent=9663"}],"wp:term":[{"taxonomy":"product_brand","embeddable":true,"href":"https:\/\/cleopatra.nl\/de\/wp-json\/wp\/v2\/product_brand?post=9663"},{"taxonomy":"product_cat","embeddable":true,"href":"https:\/\/cleopatra.nl\/de\/wp-json\/wp\/v2\/product_cat?post=9663"},{"taxonomy":"product_tag","embeddable":true,"href":"https:\/\/cleopatra.nl\/de\/wp-json\/wp\/v2\/product_tag?post=9663"}],"curies":[{"name":"wp","href":"https:\/\/api.w.org\/{rel}","templated":true}]}}