{"id":9739,"date":"2026-01-27T11:56:56","date_gmt":"2026-01-27T10:56:56","guid":{"rendered":"https:\/\/cleopatra.nl\/?post_type=product&#038;p=9739"},"modified":"2026-04-26T21:18:56","modified_gmt":"2026-04-26T19:18:56","slug":"onderhoud-sauna","status":"publish","type":"product","link":"https:\/\/cleopatra.nl\/de\/shop\/onderhoudsinstructies\/onderhoud-sauna\/","title":{"rendered":"Wartung der Sauna"},"content":{"rendered":"<p>Een goed onderhouden sauna zorgt niet alleen voor een langere levensduur, maar ook voor een hygi\u00ebnische, veilige en aangename saunabeleving. Regelmatig en correct onderhoud voorkomt slijtage, technische storingen en ongewenste geuren.<\/p>\n<p>Na elk gebruik is het belangrijk om de sauna goed te laten luchten. Zet de deur open en zorg voor voldoende ventilatie, zodat vocht kan ontsnappen en schimmelvorming wordt voorkomen. Neem banken, wanden en rugleuningen af met een droge of licht vochtige doek om zweetresten te verwijderen. Gebruik hierbij bij geen agressieve schoonmaakmiddelen, omdat deze het hout kunnen aantasten.<\/p>\n<p><b>Hinweise zur Reinigung<\/b><\/p>\n<p>Wekelijks of maandelijks, afhankelijk van het gebruik, is een grondigere reiniging aan te raden. Gebruik water om hout te reinigen en voor het glas een zacht reinigingsmiddel. Spoel na met schoon water en laat alles goed drogen.<span class=\"Apple-converted-space\">\u00a0<\/span><\/p>\n<p>Beachten Sie die Gebrauchsanweisung des Reinigungsmittelherstellers.<\/p>\n<p>Das Mischen von Reinigungsmitteln ist nicht erlaubt.<\/p>\n<p>Bei der Verwendung von Reinigungsmitteln in einer Spr\u00fchflasche\/-dose nie direkt auf die zu reinigende Oberfl\u00e4che spr\u00fchen, sondern zuerst auf ein weiches Tuch, um zu verhindern, dass Spr\u00fchnebel in Ritzen eindringt und dort Sch\u00e4den verursacht.<\/p>\n<p><b>Sauna stenen<\/b><\/p>\n<p>Controleer ook regelmatig de saunakachel en de saunastenen. Beschadigde stenen dienen te worden vervangen, en opgehoopt stof of vuil moet worden verwijderd om een goede warmteafgifte te garanderen.<\/p>\n<p><b>Sauna hout<\/b><\/p>\n<p>Daarnaast is het belangrijk om het bankhout periodiek te inspecteren. Het bankhout is onbehandeld en kan met water gereinigd worden. Controleer het hout op uitdroging en eventueel verkleuring direct waar de sauna oven is geplaatst. Gebruik de sauna niet als er verbrandingsplekken zijn waar te nemen.<\/p>\n<p><b>Sauna oven<\/b><b><\/b><\/p>\n<p>Indien de temperatuur in de sauna achterblijft bij de ingestelde waarden, controleer dan of alle elementen warm worden. Indien de elementen sporen van slijtage vertonenen dienen deze vervangen te worden.<\/p>\n<p>Controleer voor gebruik altijd of er geen voorwerpen op de sauna oven zijn geplaatst. Dit kan leiden tot brandgevaarlijke situaties.<span class=\"Apple-converted-space\">\u00a0<\/span><\/p>\n<p><b>Achtung! Verwenden Sie die unten aufgef\u00fchrten Ressourcen nicht.<span class=\"Apple-converted-space\">\u00a0<\/span><\/b><\/p>\n<p>Diese k\u00f6nnen erhebliche Sch\u00e4den verursachen<\/p>\n<p>S\u00e4uren, verd\u00fcnnt oder unverd\u00fcnnt.<\/p>\n<p>Chlorhaltige und\/oder bleichende Detergenzien.<\/p>\n<p>Aggressive Reinigungshilfsmittel wie: Schleifmittel, Scheuerschw\u00e4mme und Mikrofasert\u00fccher.<\/p>\n<p>Dampfreiniger.<\/p>\n<p>Geurstoffen niet geschikt voor opgieten.<\/p>\n<p><b>Persoonlijke hygiene<\/b><b><\/b><\/p>\n<p>Douche voorafgaand aan het saunagebruik, gebruik handdoeken op de banken en voorkom dat water of oli\u00ebn direct op het hout terechtkomen. Door deze richtlijnen te volgen, blijft de sauna in optimale conditie en kun je jarenlang genieten van ontspanning en comfort.<\/p>\n<p><b>Geurstof opgietmiddelen<\/b><b><\/b><\/p>\n<p>Gebruik uitsluitend opgietmiddelen die geschikt zijn voor sauna gebruik. Lees zorgvuldig het etiket en verdun deze ruim met water. Giet nooit grote hoeveelheden tegelijk over de sauna oven, de oven heeft dan onvoldoende mogelijkheid om dit te verdampen.<span class=\"Apple-converted-space\">\u00a0<\/span><\/p>\n<p><b>Beschadigde oppervlakken<\/b><\/p>\n<p>Cleopatra wellness producten bestaan uit verschillende materialen om optimaal te kunnen voldoen aan de behoefte aan design en functionaliteit.<\/p>\n<p>Componenten met beschadigde oppervlakken moeten worden uitgewisseld vanwege verwondingsgevaar.<\/p>\n<p>&nbsp;<\/p>\n<p>Meer informatie kunt u vinden in de handleiding met artikelnummer 90262401<\/p>","protected":false},"excerpt":{"rendered":"<p>Een goed onderhouden sauna zorgt niet alleen voor een langere levensduur, maar ook voor een hygi\u00ebnische, veilige en aangename saunabeleving. Regelmatig en correct onderhoud voorkomt slijtage, technische storingen en ongewenste geuren. Na elk gebruik is het belangrijk om de sauna goed te laten luchten. Zet de deur open en zorg voor voldoende ventilatie, zodat vocht [&hellip;]<\/p>\n","protected":false},"featured_media":9740,"template":"","format":"standard","meta":{"_acf_changed":false},"product_brand":[347],"product_cat":[326,71],"product_tag":[],"class_list":{"0":"post-9739","1":"product","2":"type-product","3":"status-publish","4":"format-standard","5":"has-post-thumbnail","7":"product_brand-cleopatra","8":"product_cat-onderhoudsinstructies","9":"product_cat-shop","11":"first","12":"outofstock","13":"taxable","14":"shipping-taxable","15":"product-type-simple"},"acf":[],"_links":{"self":[{"href":"https:\/\/cleopatra.nl\/de\/wp-json\/wp\/v2\/product\/9739","targetHints":{"allow":["GET"]}}],"collection":[{"href":"https:\/\/cleopatra.nl\/de\/wp-json\/wp\/v2\/product"}],"about":[{"href":"https:\/\/cleopatra.nl\/de\/wp-json\/wp\/v2\/types\/product"}],"wp:featuredmedia":[{"embeddable":true,"href":"https:\/\/cleopatra.nl\/de\/wp-json\/wp\/v2\/media\/9740"}],"wp:attachment":[{"href":"https:\/\/cleopatra.nl\/de\/wp-json\/wp\/v2\/media?parent=9739"}],"wp:term":[{"taxonomy":"product_brand","embeddable":true,"href":"https:\/\/cleopatra.nl\/de\/wp-json\/wp\/v2\/product_brand?post=9739"},{"taxonomy":"product_cat","embeddable":true,"href":"https:\/\/cleopatra.nl\/de\/wp-json\/wp\/v2\/product_cat?post=9739"},{"taxonomy":"product_tag","embeddable":true,"href":"https:\/\/cleopatra.nl\/de\/wp-json\/wp\/v2\/product_tag?post=9739"}],"curies":[{"name":"wp","href":"https:\/\/api.w.org\/{rel}","templated":true}]}}