{"id":9742,"date":"2026-01-27T13:00:00","date_gmt":"2026-01-27T12:00:00","guid":{"rendered":"https:\/\/cleopatra.nl\/?post_type=product&#038;p=9742"},"modified":"2026-04-26T21:18:56","modified_gmt":"2026-04-26T19:18:56","slug":"onderhoud-stoombad","status":"publish","type":"product","link":"https:\/\/cleopatra.nl\/de\/shop\/onderhoudsinstructies\/onderhoud-stoombad\/","title":{"rendered":"Wartung der Dampfkabine"},"content":{"rendered":"<p>Na elk gebruik adviseren wij alle oppervlakken met lauw water na te spoelen om schade door achtergebleven resten shampoo, vloeibare zeep, douchegel e.d. te voorkomen. Hierna het oppervlak droog wrijven met een zachte stofvrije doek om kalkaanslag door opdroging te voorkomen. Voor het dagelijkse onderhoud van acryl oppervlakken adviseren wij een zachte spons of een zachte doek met een paar druppels antistatisch reinigingsmiddel.<\/p>\n<p>Befolgen Sie die nachstehenden Hinweise sorgf\u00e4ltig, um Sch\u00e4den und Reklamationen zu vermeiden.<\/p>\n<p><b>Achtung! Verwenden Sie die unten aufgef\u00fchrten Ressourcen nicht.<span class=\"Apple-converted-space\">\u00a0<\/span><\/b><\/p>\n<ul>\n<li>Diese k\u00f6nnen erhebliche Sch\u00e4den verursachen<\/li>\n<li>S\u00e4uren, verd\u00fcnnt oder unverd\u00fcnnt.<\/li>\n<li>Chlorhaltige und\/oder bleichende Detergenzien.<\/li>\n<li>Aggressive Reinigungshilfsmittel wie: Schleifmittel, Scheuerschw\u00e4mme und Mikrofasert\u00fccher.<\/li>\n<li>Dampfreiniger.<\/li>\n<\/ul>\n<p>&nbsp;<\/p>\n<p><b>Hinweise zur Reinigung<\/b><\/p>\n<ul>\n<li>Beachten Sie die Gebrauchsanweisung des Reinigungsmittelherstellers.<\/li>\n<li>Das Mischen von Reinigungsmitteln ist nicht erlaubt.<\/li>\n<li>Bei der Verwendung von Reinigungsmitteln in einer Spr\u00fchflasche\/-dose nie direkt auf die zu reinigende Oberfl\u00e4che spr\u00fchen, sondern zuerst auf ein weiches Tuch, um zu verhindern, dass Spr\u00fchnebel in Ritzen eindringt und dort Sch\u00e4den verursacht.<\/li>\n<\/ul>\n<p>Cleopatra wellness producten bestaan uit verschillende materialen om optimaal te kunnen voldoen aan de behoefte aan design en functionaliteit.<\/p>\n<p>Componenten met beschadigde oppervlakken moeten worden uitgewisseld vanwege verwondingsgevaar.<\/p>\n<p>&nbsp;<\/p>\n<p><b>Oberfl\u00e4chen aus Acryl\/Kunststoff :<\/b><b><\/b><\/p>\n<ul>\n<li>Baden<\/li>\n<li>Banken<\/li>\n<li>(Stoom \/ douche) kabine wanden etc.<\/li>\n<\/ul>\n<p>L\u00e4sst sich der Schmutz nicht allein mit Wasser entfernen, kann Gr\u00fcne Seife oder ein milder Allzweckreiniger verwendet werden.<\/p>\n<p>&nbsp;<\/p>\n<p><b>Chromoberfl\u00e4chen :<\/b><b><\/b><\/p>\n<ul>\n<li>Kr\u00e4ne<\/li>\n<li>Kontrolliert<\/li>\n<li>Handgrepen, etc.<\/li>\n<\/ul>\n<p>Kalk aanslag is te verwijderen met een zacht reinigingsmiddel op basis van citroensap. Gebruik nooit een schoonmaakmiddel dat chloor bevat, dit kan het chroom beschadigen<\/p>\n<p>&nbsp;<\/p>\n<p><b>Gecoate oppervlakken :<\/b><b><\/b><\/p>\n<ul>\n<li>Deur\/raam kozijnen<\/li>\n<li>Afwerklijsten<\/li>\n<li>usw.<\/li>\n<\/ul>\n<p>L\u00e4sst sich der Schmutz nicht allein mit Wasser entfernen, kann Gr\u00fcne Seife oder ein milder Allzweckreiniger verwendet werden.<\/p>\n<p>&nbsp;<\/p>\n<p><b>Sch\u00e4den, die durch unsachgem\u00e4\u00dfe Handhabung verursacht werden, sind nicht von der Garantie abgedeckt.<\/b><b><\/b><\/p>\n<p>Sp\u00fclen Sie nach jeder Reinigung sorgf\u00e4ltig mit viel klarem Wasser nach, um alle R\u00fcckst\u00e4nde der Reinigungsmittel zu entfernen.<\/p>\n<p>&nbsp;<\/p>\n<p><b>D\u00fcfte<\/b><b><\/b><\/p>\n<p>Het doseren van geurstof, anders dan de melk producten van Cleopatra &#8211; geschikt voor stoombad, in de stoomleiding via een automatisch doseersysteem is volledig op eigen risico. Het verspreiden op andere manieren, handmatig, via een difusser, etc. is tevens op eigen risico.<\/p>\n<p>Door hoge temperatuur van het stoom kunnen geurstoffen en additieven beschadigingen aan het oppervlak achterlaten. Dit valt buiten de garantievoorwaarden.<\/p>\n<p>&nbsp;<\/p>\n<p>Meer informatie kunt u vinden in de handleiding met artikelnummer 90262401<\/p>","protected":false},"excerpt":{"rendered":"<p>Na elk gebruik adviseren wij alle oppervlakken met lauw water na te spoelen om schade door achtergebleven resten shampoo, vloeibare zeep, douchegel e.d. te voorkomen. Hierna het oppervlak droog wrijven met een zachte stofvrije doek om kalkaanslag door opdroging te voorkomen. Voor het dagelijkse onderhoud van acryl oppervlakken adviseren wij een zachte spons of een [&hellip;]<\/p>\n","protected":false},"featured_media":9743,"template":"","format":"standard","meta":{"_acf_changed":false},"product_brand":[347],"product_cat":[326,71],"product_tag":[],"class_list":{"0":"post-9742","1":"product","2":"type-product","3":"status-publish","4":"format-standard","5":"has-post-thumbnail","7":"product_brand-cleopatra","8":"product_cat-onderhoudsinstructies","9":"product_cat-shop","11":"first","12":"outofstock","13":"taxable","14":"shipping-taxable","15":"product-type-simple"},"acf":[],"_links":{"self":[{"href":"https:\/\/cleopatra.nl\/de\/wp-json\/wp\/v2\/product\/9742","targetHints":{"allow":["GET"]}}],"collection":[{"href":"https:\/\/cleopatra.nl\/de\/wp-json\/wp\/v2\/product"}],"about":[{"href":"https:\/\/cleopatra.nl\/de\/wp-json\/wp\/v2\/types\/product"}],"wp:featuredmedia":[{"embeddable":true,"href":"https:\/\/cleopatra.nl\/de\/wp-json\/wp\/v2\/media\/9743"}],"wp:attachment":[{"href":"https:\/\/cleopatra.nl\/de\/wp-json\/wp\/v2\/media?parent=9742"}],"wp:term":[{"taxonomy":"product_brand","embeddable":true,"href":"https:\/\/cleopatra.nl\/de\/wp-json\/wp\/v2\/product_brand?post=9742"},{"taxonomy":"product_cat","embeddable":true,"href":"https:\/\/cleopatra.nl\/de\/wp-json\/wp\/v2\/product_cat?post=9742"},{"taxonomy":"product_tag","embeddable":true,"href":"https:\/\/cleopatra.nl\/de\/wp-json\/wp\/v2\/product_tag?post=9742"}],"curies":[{"name":"wp","href":"https:\/\/api.w.org\/{rel}","templated":true}]}}