{"id":9746,"date":"2026-01-27T13:47:55","date_gmt":"2026-01-27T12:47:55","guid":{"rendered":"https:\/\/cleopatra.nl\/?post_type=product&#038;p=9746"},"modified":"2026-04-26T21:18:56","modified_gmt":"2026-04-26T19:18:56","slug":"onderhoud-baden-whirlpools","status":"publish","type":"product","link":"https:\/\/cleopatra.nl\/de\/shop\/onderhoudsinstructies\/onderhoud-baden-whirlpools\/","title":{"rendered":"Wartung B\u00e4der &amp; Whirlpools"},"content":{"rendered":"<p><b>Wartung<\/b><\/p>\n<p>Wir empfehlen, nach jedem Gebrauch alle Oberfl\u00e4chen mit lauwarmem Wasser abzusp\u00fclen, um Sch\u00e4den durch<\/p>\n<p>verhindern, dass Reste von Shampoo, Fl\u00fcssigseife, Duschgel usw. zur\u00fcckbleiben.<\/p>\n<p>Reiben Sie die Oberfl\u00e4che anschlie\u00dfend mit einem weichen, staubfreien Tuch trocken, um ein Antrocknen des Kalkes zu verhindern. F\u00fcr die t\u00e4gliche Pflege von Acryloberfl\u00e4chen empfehlen wir die Verwendung eines weichen Schwamms oder eines weichen Tuchs mit einigen Tropfen antistatischem Reinigungsmittel.<\/p>\n<p>Befolgen Sie die nachstehenden Hinweise sorgf\u00e4ltig, um Sch\u00e4den und Reklamationen zu vermeiden.<\/p>\n<p>&nbsp;<\/p>\n<p><b>Achtung! Verwenden Sie die unten aufgef\u00fchrten Ressourcen nicht.<span class=\"Apple-converted-space\">\u00a0<\/span><\/b><\/p>\n<p>Diese k\u00f6nnen erhebliche Sch\u00e4den verursachen<\/p>\n<ul>\n<li>S\u00e4uren, verd\u00fcnnt oder unverd\u00fcnnt.<\/li>\n<li>Chlorhaltige und\/oder bleichende Detergenzien.<\/li>\n<li>Aggressive Reinigungshilfsmittel wie: Schleifmittel, Scheuerschw\u00e4mme und Mikrofasert\u00fccher.<\/li>\n<li>Dampfreiniger.<\/li>\n<\/ul>\n<p>&nbsp;<\/p>\n<p><b>Hinweise zur Reinigung<\/b><\/p>\n<ul>\n<li>Beachten Sie die Gebrauchsanweisung des Reinigungsmittelherstellers.<\/li>\n<li>Das Mischen von Reinigungsmitteln ist nicht erlaubt.<\/li>\n<li>Bei der Verwendung von Reinigungsmitteln in einer Spr\u00fchflasche\/-dose nie direkt auf die zu reinigende Oberfl\u00e4che spr\u00fchen, sondern zuerst auf ein weiches Tuch, um zu verhindern, dass Spr\u00fchnebel in Ritzen eindringt und dort Sch\u00e4den verursacht.<\/li>\n<\/ul>\n<p>Cleopatra-Wellnessprodukte bestehen aus verschiedenen Materialien, um den Anspr\u00fcchen an Design und Funktionalit\u00e4t bestm\u00f6glich gerecht zu werden. Komponenten mit besch\u00e4digten Oberfl\u00e4chen sollten wegen der Verletzungsgefahr ausgetauscht werden.<\/p>\n<p>&nbsp;<\/p>\n<p><b>Oberfl\u00e4chen aus Acryl\/Kunststoff :<\/b><b><\/b><\/p>\n<ul>\n<li>Baden<\/li>\n<\/ul>\n<p>L\u00e4sst sich der Schmutz nicht allein mit Wasser entfernen, kann Gr\u00fcne Seife oder ein milder Allzweckreiniger verwendet werden.<\/p>\n<p><b>Chromoberfl\u00e4chen :<\/b><b><\/b><\/p>\n<ul>\n<li>Kr\u00e4ne<\/li>\n<li>Kontrolliert<\/li>\n<li>Griffe<\/li>\n<li>usw.<\/li>\n<\/ul>\n<p>Kalkablagerungen lassen sich mit einem sanften Reinigungsmittel auf Zitronensaftbasis entfernen. Verwenden Sie auf keinen Fall ein chlorhaltiges Reinigungsmittel, da dies das Chrom besch\u00e4digen kann. L\u00e4sst sich der Schmutz nicht allein mit Wasser entfernen, k\u00f6nnen Sie gr\u00fcne Seife oder einen milden Allzweckreiniger verwenden.<\/p>\n<p>&nbsp;<\/p>\n<p><b>Sch\u00e4den, die durch unsachgem\u00e4\u00dfe Handhabung verursacht werden, sind nicht von der Garantie abgedeckt.<\/b><b><\/b><\/p>\n<p>Sp\u00fclen Sie nach jeder Reinigung sorgf\u00e4ltig mit viel klarem Wasser nach, um alle R\u00fcckst\u00e4nde der Reinigungsmittel zu entfernen.<\/p>\n<p>&nbsp;<\/p>\n<p><b>Reinigung des Whirlpoolsystems<\/b><\/p>\n<p>F\u00fcr eine optimale Funktion und Hygiene des Whirlpoolsystems ist eine regelm\u00e4\u00dfige Reinigung erforderlich. Verwenden Sie dazu den Cleopatra Whirlpool-Reiniger (erh\u00e4ltlich im Webshop).<\/p>\n<p>Wir empfehlen, vor der Benutzung des Bades immer zu duschen. Dadurch wird die Menge an Schmutz, Seifenresten und Hautfetten, die in das System gelangen, reduziert.<\/p>\n<p>Verwenden Sie niemals fetthaltige Bade\u00f6le oder Badesalze, da diese R\u00fcckst\u00e4nde in den Rohrleitungen hinterlassen und die Funktion des Systems beeintr\u00e4chtigen k\u00f6nnen. R\u00fcckst\u00e4nde k\u00f6nnen auch zu Verunreinigungen und verminderter Hygiene f\u00fchren.<\/p>\n<p>Wenn Sie diese Richtlinien befolgen, verl\u00e4ngern Sie die Lebensdauer des Whirlpoolsystems und sorgen daf\u00fcr, dass die Wanne sauber und sicher zu benutzen ist.<\/p>\n<p>&nbsp;<\/p>\n<p><strong>Vorschriften herunterladen<\/strong><\/p>\n<p>Die Verordnungen stehen zum Herunterladen bereit: hier klicken<\/p>","protected":false},"excerpt":{"rendered":"<p>Onderhoud Na elk gebruik adviseren wij alle oppervlakken met lauw water na te spoelen om schade door achtergebleven resten shampoo, vloeibare zeep, douchegel e.d. te voorkomen. Hierna het oppervlak droog wrijven met een zachte stofvrije doek om kalkaanslag door opdroging te voorkomen. Voor het dagelijkse onderhoud van acryl oppervlakken adviseren wij een zachte spons of [&hellip;]<\/p>\n","protected":false},"featured_media":9744,"template":"","format":"standard","meta":{"_acf_changed":false},"product_brand":[347],"product_cat":[326,71],"product_tag":[],"class_list":{"0":"post-9746","1":"product","2":"type-product","3":"status-publish","4":"format-standard","5":"has-post-thumbnail","7":"product_brand-cleopatra","8":"product_cat-onderhoudsinstructies","9":"product_cat-shop","11":"first","12":"outofstock","13":"taxable","14":"shipping-taxable","15":"product-type-simple"},"acf":[],"_links":{"self":[{"href":"https:\/\/cleopatra.nl\/de\/wp-json\/wp\/v2\/product\/9746","targetHints":{"allow":["GET"]}}],"collection":[{"href":"https:\/\/cleopatra.nl\/de\/wp-json\/wp\/v2\/product"}],"about":[{"href":"https:\/\/cleopatra.nl\/de\/wp-json\/wp\/v2\/types\/product"}],"wp:featuredmedia":[{"embeddable":true,"href":"https:\/\/cleopatra.nl\/de\/wp-json\/wp\/v2\/media\/9744"}],"wp:attachment":[{"href":"https:\/\/cleopatra.nl\/de\/wp-json\/wp\/v2\/media?parent=9746"}],"wp:term":[{"taxonomy":"product_brand","embeddable":true,"href":"https:\/\/cleopatra.nl\/de\/wp-json\/wp\/v2\/product_brand?post=9746"},{"taxonomy":"product_cat","embeddable":true,"href":"https:\/\/cleopatra.nl\/de\/wp-json\/wp\/v2\/product_cat?post=9746"},{"taxonomy":"product_tag","embeddable":true,"href":"https:\/\/cleopatra.nl\/de\/wp-json\/wp\/v2\/product_tag?post=9746"}],"curies":[{"name":"wp","href":"https:\/\/api.w.org\/{rel}","templated":true}]}}