{"id":9754,"date":"2026-01-27T16:28:02","date_gmt":"2026-01-27T15:28:02","guid":{"rendered":"https:\/\/cleopatra.nl\/?post_type=product&#038;p=9754"},"modified":"2026-04-26T21:18:56","modified_gmt":"2026-04-26T19:18:56","slug":"onderhoud-spa-comfort","status":"publish","type":"product","link":"https:\/\/cleopatra.nl\/de\/shop\/onderhoudsinstructies\/onderhoud-spa-comfort\/","title":{"rendered":"Wartung Spa-Komfort"},"content":{"rendered":"<p><b>Wartung<\/b><\/p>\n<p>Na elk gebruik adviseren wij alle oppervlakken met lauw water na te spoelen om schade door achtergebleven resten shampoo, vloeibare zeep, douchegel e.d. te voorkomen. Hierna het oppervlak droog wrijven met een zachte stofvrije doek om kalkaanslag door opdroging te voorkomen. Voor het dagelijkse onderhoud van acryl oppervlakken adviseren wij een zachte spons of een zachte doek met een paar druppels antistatisch reinigingsmiddel. Bewaar de Spa comfort producten op een droge plek.<\/p>\n<p>Befolgen Sie die nachstehenden Hinweise sorgf\u00e4ltig, um Sch\u00e4den und Reklamationen zu vermeiden.<\/p>\n<p>&nbsp;<\/p>\n<p><strong>Belasting<\/strong><\/p>\n<p>De maximale belasting van de spa comfort producten is 100 kg. Het continu belasten kan leiden tot vervorming van het product; vervorming valt niet onder de garantievoorwaarden. Het is niet toegestaan op het product te staan, dit kan leiden tot gevaarlijke situaties.<\/p>\n<p>&nbsp;<\/p>\n<p><b>Achtung! Verwenden Sie die unten aufgef\u00fchrten Ressourcen nicht.<span class=\"Apple-converted-space\">\u00a0<\/span><\/b><\/p>\n<p>Diese k\u00f6nnen erhebliche Sch\u00e4den verursachen<\/p>\n<ul>\n<li>S\u00e4uren, verd\u00fcnnt oder unverd\u00fcnnt.<\/li>\n<li>Chlorhaltige und\/oder bleichende Detergenzien.<\/li>\n<li>Aggressive Reinigungshilfsmittel wie: Schleifmittel, Scheuerschw\u00e4mme und Mikrofasert\u00fccher.<\/li>\n<li>Dampfreiniger.<\/li>\n<\/ul>\n<p>&nbsp;<\/p>\n<p><b>Hinweise zur Reinigung<\/b><\/p>\n<ul>\n<li>L\u00e4sst sich der Schmutz nicht allein mit Wasser entfernen, kann Gr\u00fcne Seife oder ein milder Allzweckreiniger verwendet werden.<\/li>\n<li>Volg de gebruiksaanwijzing van de fabrikant op.<\/li>\n<li>Das Mischen von Reinigungsmitteln ist nicht erlaubt.<\/li>\n<li>Bei der Verwendung von Reinigungsmitteln in einer Spr\u00fchflasche\/-dose nie direkt auf die zu reinigende Oberfl\u00e4che spr\u00fchen, sondern zuerst auf ein weiches Tuch, um zu verhindern, dass Spr\u00fchnebel in Ritzen eindringt und dort Sch\u00e4den verursacht.<\/li>\n<\/ul>\n<p>&nbsp;<\/p>\n<p>Kalk aanslag is te verwijderen met een zacht reinigingsmiddel op basis van citroensap. Gebruik nooit een schoonmaakmiddel dat chloor bevat, dit kan het chroom beschadigen. Wanneer de verontreinigingen niet te verwijderen zijn met alleen water kan hierbij gebruik gemaakt worden van een groene zeep of een milde allesreiniger. Na reiniging zorgvuldig naspoelen met voldoende schoon water om alle resten van de reinigingsmiddelen te verwijderen.<\/p>\n<p>&nbsp;<\/p>\n<p><b>Sch\u00e4den, die durch unsachgem\u00e4\u00dfe Handhabung verursacht werden, sind nicht von der Garantie abgedeckt.<\/b><b><\/b><\/p>\n<p>&nbsp;<\/p>\n<p><strong>Vorschriften herunterladen<\/strong><\/p>\n<p>Die Verordnungen stehen zum Herunterladen bereit: hier klicken<\/p>","protected":false},"excerpt":{"rendered":"<p>Onderhoud Na elk gebruik adviseren wij alle oppervlakken met lauw water na te spoelen om schade door achtergebleven resten shampoo, vloeibare zeep, douchegel e.d. te voorkomen. Hierna het oppervlak droog wrijven met een zachte stofvrije doek om kalkaanslag door opdroging te voorkomen. Voor het dagelijkse onderhoud van acryl oppervlakken adviseren wij een zachte spons of [&hellip;]<\/p>\n","protected":false},"featured_media":6505,"template":"","format":"standard","meta":{"_acf_changed":false},"product_brand":[347],"product_cat":[326,71],"product_tag":[],"class_list":{"0":"post-9754","1":"product","2":"type-product","3":"status-publish","4":"format-standard","5":"has-post-thumbnail","7":"product_brand-cleopatra","8":"product_cat-onderhoudsinstructies","9":"product_cat-shop","11":"first","12":"outofstock","13":"taxable","14":"shipping-taxable","15":"product-type-simple"},"acf":[],"_links":{"self":[{"href":"https:\/\/cleopatra.nl\/de\/wp-json\/wp\/v2\/product\/9754","targetHints":{"allow":["GET"]}}],"collection":[{"href":"https:\/\/cleopatra.nl\/de\/wp-json\/wp\/v2\/product"}],"about":[{"href":"https:\/\/cleopatra.nl\/de\/wp-json\/wp\/v2\/types\/product"}],"wp:featuredmedia":[{"embeddable":true,"href":"https:\/\/cleopatra.nl\/de\/wp-json\/wp\/v2\/media\/6505"}],"wp:attachment":[{"href":"https:\/\/cleopatra.nl\/de\/wp-json\/wp\/v2\/media?parent=9754"}],"wp:term":[{"taxonomy":"product_brand","embeddable":true,"href":"https:\/\/cleopatra.nl\/de\/wp-json\/wp\/v2\/product_brand?post=9754"},{"taxonomy":"product_cat","embeddable":true,"href":"https:\/\/cleopatra.nl\/de\/wp-json\/wp\/v2\/product_cat?post=9754"},{"taxonomy":"product_tag","embeddable":true,"href":"https:\/\/cleopatra.nl\/de\/wp-json\/wp\/v2\/product_tag?post=9754"}],"curies":[{"name":"wp","href":"https:\/\/api.w.org\/{rel}","templated":true}]}}