{"id":2490,"date":"2022-03-30T14:45:19","date_gmt":"2022-03-30T12:45:19","guid":{"rendered":"https:\/\/cleopatra.medialoods.com\/?page_id=2490"},"modified":"2024-01-08T14:42:00","modified_gmt":"2024-01-08T13:42:00","slug":"klachten-garanties","status":"publish","type":"page","link":"https:\/\/cleopatra.nl\/fr\/klachten-garanties\/","title":{"rendered":"Plaintes et garanties"},"content":{"rendered":"<h2>Des d\u00e9g\u00e2ts ? Que faisons-nous maintenant ?<\/h2>\n<p>Les dommages sont une chose tr\u00e8s ennuyeuse et malheureusement pas toujours \u00e9vitable. M\u00eame si, bien s\u00fbr, nous nous effor\u00e7ons toujours de le faire.<\/p>\n<p>V\u00e9rifiez toujours soigneusement les produits \u00e0 la r\u00e9ception de votre commande. Dans le cas peu probable o\u00f9 l'un des articles de votre commande aurait \u00e9t\u00e9 endommag\u00e9, veuillez le signaler dans les 48 heures suivant la r\u00e9ception de votre commande par e-mail au magasin qui a livr\u00e9 les produits Cleopatra.<\/p>\n<p>Dans la mesure du possible, veuillez joindre des photos afin de pouvoir \u00e9valuer les dommages et de nous permettre de nous renseigner aupr\u00e8s de notre transporteur en cas de dommages li\u00e9s au transport.<\/p>\n<p>&nbsp;<\/p>\n<h2>Traitement des plaintes<\/h2>\n<p>Chez Cleopatra, tout tourne autour de la satisfaction des clients ! Si vous deviez n\u00e9anmoins avoir une mauvaise exp\u00e9rience avec votre commande ou notre service, nous serions ravis de l'apprendre. Nous ferons tout ce qui est en notre pouvoir pour r\u00e9soudre vos plaintes et vous satisfaire dans la limite du raisonnable.<\/p>\n<p>Si vous avez achet\u00e9 un produit Cleopatra aupr\u00e8s d'une entreprise d'installation ou si vous l'avez fait installer, vous devez envoyer votre plainte directement \u00e0 cette entreprise.<\/p>\n<p>Si votre plainte concerne un produit que vous avez achet\u00e9 directement aupr\u00e8s de www.cleopatra.nl, veuillez l'adresser \u00e0 <a href=\"mailto:in**@*******ra.nl\" data-original-string=\"86cAbheHCjsBGbdVEIw52w==9f1YRM0QQ4gycYhnUtFFFvrvGwAQP1URpk6vk0G9PgiN6g=\" title=\"Ce contact a \u00e9t\u00e9 encod\u00e9 par Anti-Spam by CleanTalk. Cliquez pour d\u00e9coder. Pour terminer le d\u00e9codage, assurez-vous que JavaScript est activ\u00e9 dans votre navigateur.\"><span \n                data-original-string='G2HQxWz5zkX\/VEEpaC4QNw==9f1z5cQDT0oOFkRIzNoXHWwEOpEHeLpphQnIEEaXIKKVME='\n                class='apbct-email-encoder'\n                title='Ce contact a \u00e9t\u00e9 encod\u00e9 par Anti-Spam by CleanTalk. Cliquez pour d\u00e9coder. Pour terminer le d\u00e9codage, assurez-vous que JavaScript est activ\u00e9 dans votre navigateur.'>\u00e0<span class=\"apbct-blur\">**<\/span>@<span class=\"apbct-blur\">*******<\/span>ra.co.uk<\/span><\/a>. La proc\u00e9dure est alors la suivante :<\/p>\n<ul>\n<li>Vous recevrez une confirmation de votre plainte dans les 2 jours ouvrables au plus tard, ainsi que des d\u00e9tails sur la mani\u00e8re dont Cl\u00e9op\u00e2tre traitera et tentera de r\u00e9soudre votre plainte.<\/li>\n<li>Nous r\u00e9pondrons \u00e0 votre plainte dans les 14 jours suivant sa r\u00e9ception. Si cela prend plus de temps, nous vous en informerons.<\/li>\n<li>Si nous ne parvenons pas \u00e0 r\u00e9soudre votre plainte de mani\u00e8re satisfaisante, vous pouvez utiliser la proc\u00e9dure d'appel d'offres de la Commission europ\u00e9enne. <a href=\"https:\/\/www.keurmerk.info\/nl\/home\/\" target=\"_blank\" rel=\"noopener nofollow\">Stichting Webshop Keurmerkverzoeken (en anglais)<\/a> de servir de m\u00e9diateur pour la r\u00e9solution du litige.<\/li>\n<li>Si la m\u00e9diation de Stichting Webshop Keurmerk n'aboutit pas au r\u00e9sultat souhait\u00e9, le litige peut \u00eatre soumis au comit\u00e9 ind\u00e9pendant des litiges de Stichting Webshop Keurmerk, qui est g\u00e9r\u00e9 par Teurlings &amp; Ellens Advocaten \u00e0 Amsterdam. De plus amples informations sur le comit\u00e9 des litiges de la Stichting Webshop Keurmerk peuvent \u00eatre consult\u00e9es sur le site www.webshopkeurmerk.nl : <a href=\"https:\/\/www.keurmerk.info\/Home\/Klacht\" target=\"_blank\" rel=\"noopener nofollow\">https:\/\/www.keurmerk.info\/Home\/Klacht<\/a>.<\/li>\n<\/ul>\n<p>&nbsp;<\/p>\n<h2>Garantie<\/h2>\n<p>Cleopatra offre une garantie sur les d\u00e9fauts de production et de mat\u00e9riaux de ses baignoires, bains \u00e0 remous, saunas et bains de vapeur.<\/p>\n<p>Si vous souhaitez faire appel \u00e0 la garantie, veuillez nous contacter \u00e0 l'adresse suivante <a href=\"mailto:in**@*******ra.nl\" data-original-string=\"eW5ZXFmc0qqIH1pGz6zc4A==9f1\/hd2ywz\/jlrNMVmK2CTVq25Rh7TTESqkRnyG5ar351k=\" title=\"Ce contact a \u00e9t\u00e9 encod\u00e9 par Anti-Spam by CleanTalk. Cliquez pour d\u00e9coder. Pour terminer le d\u00e9codage, assurez-vous que JavaScript est activ\u00e9 dans votre navigateur.\"><span \n                data-original-string='b89dKfdTZ9+mjzW3HEL3GQ==9f1EUgbDAPfkadMEKTFEceQYz1HfQZpDXNYxhzbwPntiW0='\n                class='apbct-email-encoder'\n                title='Ce contact a \u00e9t\u00e9 encod\u00e9 par Anti-Spam by CleanTalk. Cliquez pour d\u00e9coder. Pour terminer le d\u00e9codage, assurez-vous que JavaScript est activ\u00e9 dans votre navigateur.'>\u00e0<span class=\"apbct-blur\">**<\/span>@<span class=\"apbct-blur\">*******<\/span>ra.co.uk<\/span><\/a>.<\/p>\n<p>En plus de la garantie du fabricant, les droits l\u00e9gaux en mati\u00e8re de garantie et de conformit\u00e9 restent inchang\u00e9s.<\/p>","protected":false},"excerpt":{"rendered":"<p>Schade? Wat nu? Schade is een zeer vervelende kwestie en helaas niet altijd te voorkomen. Al streven we daar natuurlijk altijd wel naar. Controleer bij ontvangst van uw bestelling altijd goed de producten. Mocht er onverhoopt schade zijn ontstaan aan een van de artikelen uit uw bestelling, meld deze dan binnen 48 uur na ontvangst [&hellip;]<\/p>\n","protected":false},"author":1,"featured_media":0,"parent":0,"menu_order":0,"comment_status":"closed","ping_status":"closed","template":"","meta":{"_acf_changed":false,"footnotes":""},"hf_cat_page":[35],"class_list":["post-2490","page","type-page","status-publish","format-standard","hentry"],"acf":[],"_links":{"self":[{"href":"https:\/\/cleopatra.nl\/fr\/wp-json\/wp\/v2\/pages\/2490","targetHints":{"allow":["GET"]}}],"collection":[{"href":"https:\/\/cleopatra.nl\/fr\/wp-json\/wp\/v2\/pages"}],"about":[{"href":"https:\/\/cleopatra.nl\/fr\/wp-json\/wp\/v2\/types\/page"}],"author":[{"embeddable":true,"href":"https:\/\/cleopatra.nl\/fr\/wp-json\/wp\/v2\/users\/1"}],"replies":[{"embeddable":true,"href":"https:\/\/cleopatra.nl\/fr\/wp-json\/wp\/v2\/comments?post=2490"}],"version-history":[{"count":2,"href":"https:\/\/cleopatra.nl\/fr\/wp-json\/wp\/v2\/pages\/2490\/revisions"}],"predecessor-version":[{"id":2504,"href":"https:\/\/cleopatra.nl\/fr\/wp-json\/wp\/v2\/pages\/2490\/revisions\/2504"}],"wp:attachment":[{"href":"https:\/\/cleopatra.nl\/fr\/wp-json\/wp\/v2\/media?parent=2490"}],"wp:term":[{"taxonomy":"hf_cat_page","embeddable":true,"href":"https:\/\/cleopatra.nl\/fr\/wp-json\/wp\/v2\/hf_cat_page?post=2490"}],"curies":[{"name":"wp","href":"https:\/\/api.w.org\/{rel}","templated":true}]}}