{"id":5920,"date":"2023-12-19T10:16:03","date_gmt":"2023-12-19T09:16:03","guid":{"rendered":"https:\/\/cleopatra.nl\/?page_id=5920"},"modified":"2024-01-08T14:36:25","modified_gmt":"2024-01-08T13:36:25","slug":"opgietsessie-loyly","status":"publish","type":"page","link":"https:\/\/cleopatra.nl\/fr\/opgietsessie-loyly\/","title":{"rendered":"S\u00e9ance d'infusion L\u00f6yly"},"content":{"rendered":"<h2>Une tradition finlandaise<\/h2>\n<p>L\u00f6yly, aufguss ou opgieten ; diff\u00e9rents noms pour le m\u00eame ph\u00e9nom\u00e8ne : verser de l'eau et du parfum sur le po\u00eale du sauna.<\/p>\n<p>A une temp\u00e9rature de +\/- 85 0 C, le po\u00eale du sauna s'\u00e9teint. Les pierres du sauna \u00e9tant chaudes et \u00e9mettant donc une chaleur rayonnante, c'est l'occasion d'une merveilleuse s\u00e9ance de trempage. En se coulant, on constate une augmentation imm\u00e9diate de l'humidit\u00e9 de l'air. Le mot finlandais L\u00f6yly signifie \"vent chaud\", et c'est exactement ce que l'on ressent pendant la s\u00e9ance de trempage.<\/p>\n<p><img loading=\"lazy\" decoding=\"async\" class=\"wp-image-6213 size-full aligncenter\" src=\"https:\/\/cleopatra.nl\/wp-content\/uploads\/iStock-1345447369.webp\" alt=\"\" width=\"800\" height=\"533\" srcset=\"https:\/\/cleopatra.nl\/wp-content\/uploads\/iStock-1345447369.webp 800w, https:\/\/cleopatra.nl\/wp-content\/uploads\/iStock-1345447369-300x200.webp 300w, https:\/\/cleopatra.nl\/wp-content\/uploads\/iStock-1345447369-768x512.webp 768w, https:\/\/cleopatra.nl\/wp-content\/uploads\/iStock-1345447369-18x12.webp 18w, https:\/\/cleopatra.nl\/wp-content\/uploads\/iStock-1345447369-600x400.webp 600w\" sizes=\"auto, (max-width: 800px) 100vw, 800px\" \/><\/p>\n<h3>Fonctionnement du sauna de luxe<\/h3>\n<p>Sur le sauna Deluxe control, nous avons pr\u00e9r\u00e9gl\u00e9 cette exp\u00e9rience \"L\u00f6yly\" sur l'\u00e9cran.<\/p>\n<ol>\n<li>\u00a0En activant la fonction L\u00f6yly, le po\u00eale \u00e0 sauna se met en marche jusqu'\u00e0 ce que la temp\u00e9rature r\u00e9gl\u00e9e soit atteinte.<\/li>\n<li>Lorsque la temp\u00e9rature r\u00e9gl\u00e9e est atteinte, le po\u00eale \u00e0 sauna s'\u00e9teint et vous pouvez alors commencer la s\u00e9ance de chauffage du sauna.<\/li>\n<li>A environ 750\u00b0C, le four du sauna se remet en marche et le cycle se r\u00e9p\u00e8te.<\/li>\n<\/ol>\n<p>Selon la quantit\u00e9 d'eau vers\u00e9e, la temp\u00e9rature ressentie dans la cabine de sauna varie.<\/p>\n<p><img loading=\"lazy\" decoding=\"async\" class=\"wp-image-6098 size-full aligncenter\" src=\"https:\/\/cleopatra.nl\/wp-content\/uploads\/chart-2.webp\" alt=\"\" width=\"800\" height=\"800\" srcset=\"https:\/\/cleopatra.nl\/wp-content\/uploads\/chart-2.webp 800w, https:\/\/cleopatra.nl\/wp-content\/uploads\/chart-2-300x300.webp 300w, https:\/\/cleopatra.nl\/wp-content\/uploads\/chart-2-150x150.webp 150w, https:\/\/cleopatra.nl\/wp-content\/uploads\/chart-2-768x768.webp 768w, https:\/\/cleopatra.nl\/wp-content\/uploads\/chart-2-12x12.webp 12w, https:\/\/cleopatra.nl\/wp-content\/uploads\/chart-2-600x600.webp 600w, https:\/\/cleopatra.nl\/wp-content\/uploads\/chart-2-100x100.webp 100w\" sizes=\"auto, (max-width: 800px) 100vw, 800px\" \/><\/p>","protected":false},"excerpt":{"rendered":"<p>Een Finse traditie L\u00f6yly, aufguss of opgieten; verschillende benaming voor hetzelfde fenomeen: het opgieten van water en geurstof op de saunaoven. Bij een temperatuur van +\/- 85 0 C wordt de saunaoven uitgeschakeld. Doordat de saunastenen warm zijn en daardoor stralingswarmte afgeven biedt dit de mogelijkheid voor een heerlijke opgietsessie. Door het opgieten ervaart u [&hellip;]<\/p>\n","protected":false},"author":1,"featured_media":0,"parent":0,"menu_order":0,"comment_status":"closed","ping_status":"closed","template":"","meta":{"_acf_changed":false,"footnotes":""},"hf_cat_page":[],"class_list":["post-5920","page","type-page","status-publish","format-standard","hentry"],"acf":[],"_links":{"self":[{"href":"https:\/\/cleopatra.nl\/fr\/wp-json\/wp\/v2\/pages\/5920","targetHints":{"allow":["GET"]}}],"collection":[{"href":"https:\/\/cleopatra.nl\/fr\/wp-json\/wp\/v2\/pages"}],"about":[{"href":"https:\/\/cleopatra.nl\/fr\/wp-json\/wp\/v2\/types\/page"}],"author":[{"embeddable":true,"href":"https:\/\/cleopatra.nl\/fr\/wp-json\/wp\/v2\/users\/1"}],"replies":[{"embeddable":true,"href":"https:\/\/cleopatra.nl\/fr\/wp-json\/wp\/v2\/comments?post=5920"}],"version-history":[{"count":3,"href":"https:\/\/cleopatra.nl\/fr\/wp-json\/wp\/v2\/pages\/5920\/revisions"}],"predecessor-version":[{"id":6476,"href":"https:\/\/cleopatra.nl\/fr\/wp-json\/wp\/v2\/pages\/5920\/revisions\/6476"}],"wp:attachment":[{"href":"https:\/\/cleopatra.nl\/fr\/wp-json\/wp\/v2\/media?parent=5920"}],"wp:term":[{"taxonomy":"hf_cat_page","embeddable":true,"href":"https:\/\/cleopatra.nl\/fr\/wp-json\/wp\/v2\/hf_cat_page?post=5920"}],"curies":[{"name":"wp","href":"https:\/\/api.w.org\/{rel}","templated":true}]}}