{"id":5922,"date":"2023-12-19T10:16:47","date_gmt":"2023-12-19T09:16:47","guid":{"rendered":"https:\/\/cleopatra.nl\/?page_id=5922"},"modified":"2024-08-15T15:27:14","modified_gmt":"2024-08-15T13:27:14","slug":"sauna-installatie-checklist","status":"publish","type":"page","link":"https:\/\/cleopatra.nl\/fr\/sauna-installatie-checklist\/","title":{"rendered":"Liste de contr\u00f4le pour l'installation d'un sauna"},"content":{"rendered":"<h3><span style=\"vertical-align: inherit;\"><span style=\"vertical-align: inherit;\"><span style=\"vertical-align: inherit;\"><span style=\"vertical-align: inherit;\">Salle technique<\/span><\/span><\/span><\/span><\/h3>\n<p><span style=\"vertical-align: inherit;\"><span style=\"vertical-align: inherit;\"><span style=\"vertical-align: inherit;\"><span style=\"vertical-align: inherit;\">Veuillez noter que le bo\u00eetier de relais et la commande du sauna et de la cabine infrarouge doivent toujours rester accessibles. Placez-les dans un local technique ou, par exemple, derri\u00e8re une trappe de service sur le dessus de la cabine.<\/span><\/span><\/span><\/span><\/p>\n<h3><span style=\"vertical-align: inherit;\"><span style=\"vertical-align: inherit;\"><span style=\"vertical-align: inherit;\"><span style=\"vertical-align: inherit;\">Sol et drainage<\/span><\/span><\/span><\/span><\/h3>\n<p><span style=\"vertical-align: inherit;\"><span style=\"vertical-align: inherit;\"><span style=\"vertical-align: inherit;\"><span style=\"vertical-align: inherit;\">Une petite ouverture est m\u00e9nag\u00e9e sous la porte du sauna pour permettre \u00e0 l'air d'\u00eatre aspir\u00e9. Ne placez pas de siphon dans une salle de sauna ; la chaleur s\u00e9cherait le siphon. Veillez \u00e0 ce que le sol soit de niveau ; un sol in\u00e9gal entra\u00eene des \u00e9carts de dimensions.<\/span><\/span><\/span><\/span><\/p>\n<h3><span style=\"vertical-align: inherit;\"><span style=\"vertical-align: inherit;\"><span style=\"vertical-align: inherit;\"><span style=\"vertical-align: inherit;\">Moyens techniques n\u00e9cessaires<\/span><\/span><\/span><\/span><\/h3>\n<p><span style=\"vertical-align: inherit;\"><span style=\"vertical-align: inherit;\"><span style=\"vertical-align: inherit;\"><span style=\"vertical-align: inherit;\">Les \u00e9quipements techniques diff\u00e8rent d'un sauna \u00e0 l'autre et d'une cabine infrarouge \u00e0 l'autre. Tous les \u00e9quipements n\u00e9cessaires sont sp\u00e9cifi\u00e9s dans le devis\/la commande.<\/span><\/span><\/span><\/span><\/p>\n<h3><span style=\"vertical-align: inherit;\"><span style=\"vertical-align: inherit;\"><span style=\"vertical-align: inherit;\"><span style=\"vertical-align: inherit;\">Approvisionnement en \u00e9lectricit\u00e9<\/span><\/span><\/span><\/span><\/h3>\n<p><span style=\"vertical-align: inherit;\"><span style=\"vertical-align: inherit;\"><span style=\"vertical-align: inherit;\"><span style=\"vertical-align: inherit;\">Calcul de la puissance du po\u00eale de sauna : longueur de la cabine x largeur x hauteur x 1,25.<\/span><\/span><\/span><\/span><\/p>\n<p><span style=\"vertical-align: inherit;\"><span style=\"vertical-align: inherit;\"><span style=\"vertical-align: inherit;\"><span style=\"vertical-align: inherit;\">Pour un po\u00eale de sauna jusqu'\u00e0 3,6 kW, une connexion de 230 V est suffisante. A partir de 4,5 kW, 400 V ou 2 x 230 V sont n\u00e9cessaires. En fonction du po\u00eale et de l'\u00e9clairage choisis, il faut d\u00e9terminer si l'\u00e9clairage est command\u00e9 par le po\u00eale du sauna ou si une deuxi\u00e8me alimentation \u00e9lectrique est n\u00e9cessaire pour l'\u00e9clairage. Il doit toujours y avoir un interrupteur de travail. Nous vous conseillons volontiers \u00e0 ce sujet.<\/span><\/span><\/span><\/span><\/p>\n<h3><span style=\"vertical-align: inherit;\"><span style=\"vertical-align: inherit;\"><span style=\"vertical-align: inherit;\"><span style=\"vertical-align: inherit;\">Hygi\u00e8ne et entretien<\/span><\/span><\/span><\/span><\/h3>\n<p><span style=\"vertical-align: inherit;\"><span style=\"vertical-align: inherit;\"><span style=\"vertical-align: inherit;\"><span style=\"vertical-align: inherit;\">En utilisant une serviette, vous \u00e9vitez que les gouttes de sueur ne tombent sur vos bancs. Pour pr\u00e9server votre po\u00eale : remplacez vos pierres de sauna toutes les quelques ann\u00e9es si vous les utilisez r\u00e9guli\u00e8rement, ne les enfoncez pas dans le po\u00eale et ne les empilez pas en hauteur sur le po\u00eale.<\/span><\/span><\/span><\/span><\/p>\n<h3><span style=\"vertical-align: inherit;\"><span style=\"vertical-align: inherit;\"><span style=\"vertical-align: inherit;\"><span style=\"vertical-align: inherit;\">Garantie<\/span><\/span><\/span><\/span><\/h3>\n<p><span style=\"vertical-align: inherit;\"><span style=\"vertical-align: inherit;\"><span style=\"vertical-align: inherit;\"><span style=\"vertical-align: inherit;\">Pour un usage priv\u00e9 normal, 2 ans pour la cabine, \u00e0 l'exception des portes\/fen\u00eatres en verre et des lampes. Po\u00eale de sauna et \u00e9lectronique 2 ans, \u00e0 l'exception des \u00e9l\u00e9ments chauffants, car leur dur\u00e9e de vie d\u00e9pend fortement de la mani\u00e8re dont le po\u00eale est trait\u00e9.<\/span><\/span><\/span><\/span><\/p>","protected":false},"excerpt":{"rendered":"<p>Technical room Please note that the relay box and control of the sauna and infrared cabin must always remain accessible. Place these in a technical room or for example behind a service hatch on top of the cabin. Floor &amp; Drain A small opening is kept under the door of the sauna to allow air [&hellip;]<\/p>\n","protected":false},"author":1,"featured_media":0,"parent":0,"menu_order":0,"comment_status":"closed","ping_status":"closed","template":"","meta":{"_acf_changed":false,"footnotes":""},"hf_cat_page":[],"class_list":["post-5922","page","type-page","status-publish","format-standard","hentry"],"acf":[],"_links":{"self":[{"href":"https:\/\/cleopatra.nl\/fr\/wp-json\/wp\/v2\/pages\/5922","targetHints":{"allow":["GET"]}}],"collection":[{"href":"https:\/\/cleopatra.nl\/fr\/wp-json\/wp\/v2\/pages"}],"about":[{"href":"https:\/\/cleopatra.nl\/fr\/wp-json\/wp\/v2\/types\/page"}],"author":[{"embeddable":true,"href":"https:\/\/cleopatra.nl\/fr\/wp-json\/wp\/v2\/users\/1"}],"replies":[{"embeddable":true,"href":"https:\/\/cleopatra.nl\/fr\/wp-json\/wp\/v2\/comments?post=5922"}],"version-history":[{"count":0,"href":"https:\/\/cleopatra.nl\/fr\/wp-json\/wp\/v2\/pages\/5922\/revisions"}],"wp:attachment":[{"href":"https:\/\/cleopatra.nl\/fr\/wp-json\/wp\/v2\/media?parent=5922"}],"wp:term":[{"taxonomy":"hf_cat_page","embeddable":true,"href":"https:\/\/cleopatra.nl\/fr\/wp-json\/wp\/v2\/hf_cat_page?post=5922"}],"curies":[{"name":"wp","href":"https:\/\/api.w.org\/{rel}","templated":true}]}}